{"id":2639,"date":"2020-11-09T11:02:40","date_gmt":"2020-11-09T14:02:40","guid":{"rendered":"https:\/\/www.taller-palabras.com\/WordPress_04\/?post_type=product&#038;p=2639"},"modified":"2024-01-13T14:38:53","modified_gmt":"2024-01-13T17:38:53","slug":"sin-remordimientos-tom-clancy-ebook","status":"publish","type":"product","link":"https:\/\/www.taller-palabras.com\/WordPress_04\/producto\/sin-remordimientos-tom-clancy-ebook","title":{"rendered":"Saga: Sin remordimientos (1)  &#8211; Tom Clancy \/ebook)"},"content":{"rendered":"<figure id=\"attachment_2647\" aria-describedby=\"caption-attachment-2647\" style=\"width: 150px\" class=\"wp-caption alignleft\"><img loading=\"lazy\" decoding=\"async\" class=\"wp-image-2647 size-thumbnail\" src=\"https:\/\/www.taller-palabras.com\/WordPress_04\/wp-content\/uploads\/2020\/11\/tom-clancy-150x150.jpg\" alt=\"\" width=\"150\" height=\"150\" srcset=\"https:\/\/www.taller-palabras.com\/WordPress_04\/wp-content\/uploads\/2020\/11\/tom-clancy-150x150.jpg 150w, https:\/\/www.taller-palabras.com\/WordPress_04\/wp-content\/uploads\/2020\/11\/tom-clancy-100x100.jpg 100w, https:\/\/www.taller-palabras.com\/WordPress_04\/wp-content\/uploads\/2020\/11\/tom-clancy.jpg 283w\" sizes=\"auto, (max-width: 150px) 100vw, 150px\" \/><figcaption id=\"caption-attachment-2647\" class=\"wp-caption-text\">Autor Tom Clancy<\/figcaption><\/figure>\n<p>Sin remordimientos supera las anteriores obras de Tom Clancy ofreciendo una historia que es dinamita pura. John Kelly, el conocido Mr. Clark de P\u00e1nico Nuclear, El cardenal del Kremlin y Peligro inminente, vive una trepidante odisea personal ambientada en el ojo del hurac\u00e1n del mundo actual. Por un lado, John inicia una implacable cruzada contra los narcotraficantes que han arruinado la vida de la mujer que ama, convirti\u00e9ndose en terrible \u00e1ngel vengador de la principal lacra de nuestro tiempo. Por el otro, recibe el encargo de una peligros\u00edsima misi\u00f3n: rescatar a un grupo de oficiales norteamericanos prisioneros en un campamento secreto situado en las traicioneras selvas de vietnam&#8230; Sin remordimientos es una gran novela por partida doble: dos guerras, dos misiones y un protagonista de excepci\u00f3n.<\/p>\n","protected":false},"excerpt":{"rendered":"<p>Sin remordimientos supera las anteriores obras de Tom Clancy ofreciendo una historia que es dinamita pura. John Kelly, el conocido Mr. Clark de P\u00e1nico Nuclear, El cardenal del Kremlin y Peligro inminente, vive una trepidante odisea personal ambientada en el ojo del hurac\u00e1n del mundo actual. Por un lado, John inicia una implacable cruzada contra [&hellip;]<\/p>\n","protected":false},"featured_media":2643,"template":"","meta":[],"product_brand":[],"product_cat":[25,47],"product_tag":[54,307,306,305],"class_list":{"0":"post-2639","1":"product","2":"type-product","3":"status-publish","4":"has-post-thumbnail","6":"product_cat-libros-digitales-ebooks","7":"product_cat-libros-digitales-sagas","8":"product_tag-descargar-ebook","9":"product_tag-sin-remordimientos","10":"product_tag-tom-clancy","11":"product_tag-umberto-eco","13":"first","14":"instock","15":"shipping-taxable","16":"purchasable","17":"product-type-variable","18":"has-default-attributes"},"_links":{"self":[{"href":"https:\/\/www.taller-palabras.com\/WordPress_04\/wp-json\/wp\/v2\/product\/2639","targetHints":{"allow":["GET"]}}],"collection":[{"href":"https:\/\/www.taller-palabras.com\/WordPress_04\/wp-json\/wp\/v2\/product"}],"about":[{"href":"https:\/\/www.taller-palabras.com\/WordPress_04\/wp-json\/wp\/v2\/types\/product"}],"wp:featuredmedia":[{"embeddable":true,"href":"https:\/\/www.taller-palabras.com\/WordPress_04\/wp-json\/wp\/v2\/media\/2643"}],"wp:attachment":[{"href":"https:\/\/www.taller-palabras.com\/WordPress_04\/wp-json\/wp\/v2\/media?parent=2639"}],"wp:term":[{"taxonomy":"product_brand","embeddable":true,"href":"https:\/\/www.taller-palabras.com\/WordPress_04\/wp-json\/wp\/v2\/product_brand?post=2639"},{"taxonomy":"product_cat","embeddable":true,"href":"https:\/\/www.taller-palabras.com\/WordPress_04\/wp-json\/wp\/v2\/product_cat?post=2639"},{"taxonomy":"product_tag","embeddable":true,"href":"https:\/\/www.taller-palabras.com\/WordPress_04\/wp-json\/wp\/v2\/product_tag?post=2639"}],"curies":[{"name":"wp","href":"https:\/\/api.w.org\/{rel}","templated":true}]}}