{"id":2671,"date":"2020-11-10T13:38:07","date_gmt":"2020-11-10T16:38:07","guid":{"rendered":"https:\/\/www.taller-palabras.com\/WordPress_04\/?post_type=product&#038;p=2671"},"modified":"2024-01-14T11:25:50","modified_gmt":"2024-01-14T14:25:50","slug":"madame-bovary-gustave-flaubert-ebook","status":"publish","type":"product","link":"https:\/\/www.taller-palabras.com\/WordPress_04\/producto\/madame-bovary-gustave-flaubert-ebook","title":{"rendered":"Madame Bovary &#8211; Gustave Flaubert \/ebook"},"content":{"rendered":"<figure id=\"attachment_2679\" aria-describedby=\"caption-attachment-2679\" style=\"width: 150px\" class=\"wp-caption alignleft\"><img loading=\"lazy\" decoding=\"async\" class=\"wp-image-2679 size-thumbnail\" src=\"https:\/\/www.taller-palabras.com\/WordPress_04\/wp-content\/uploads\/2020\/11\/GustaveFlaubert-150x150.jpg\" alt=\"\" width=\"150\" height=\"150\" srcset=\"https:\/\/www.taller-palabras.com\/WordPress_04\/wp-content\/uploads\/2020\/11\/GustaveFlaubert-150x150.jpg 150w, https:\/\/www.taller-palabras.com\/WordPress_04\/wp-content\/uploads\/2020\/11\/GustaveFlaubert-100x100.jpg 100w\" sizes=\"auto, (max-width: 150px) 100vw, 150px\" \/><figcaption id=\"caption-attachment-2679\" class=\"wp-caption-text\">Autor Gustave Flaubert<\/figcaption><\/figure>\n<p>\u00abSer\u00e1 el primer caso, creo, de novela en que se hace burla de la hero\u00edna y de su gal\u00e1n. Pero la iron\u00eda no perjudica al pathos; al contrario, la iron\u00eda subraya el aspecto pat\u00e9tico\u00bb, escribi\u00f3 Gustave Flaubert en el largo proceso de redacci\u00f3n (1851-1856) de La se\u00f1ora Bovary. Alarmados por su \u00abinvencible tendencia al lirismo\u00bb, algunos amigos le hab\u00edan aconsejado centrarse en \u00abun tema banal, uno de esos sucesos que abundan en la vida burguesa\u00bb. Al final, tanta sujeci\u00f3n al \u00abtema banal\u00bb y tanta refutaci\u00f3n del \u00ablirismo\u00bb, volcadas en la historia de un adulterio en una ciudad de provincias, esc\u00e9ptica ante el esp\u00edritu rom\u00e1ntico tanto como ante el cient\u00edfico, le valieron un proceso por \u00abofensa a la moral y a la religi\u00f3n\u00bb. No han dejado desde entonces de correr r\u00edos de tinta en torno a La se\u00f1ora Bovary, que hoy presentamos en una nueva traducci\u00f3n de Mar\u00eda Teresa Gallego Urrutia. Defendida en su d\u00eda por Baudelaire y Sainte-Beuve (\u00abFlaubert maneja la pluma como otros el escalpelo\u00bb), reivindicada por Zola y el naturalismo, rescatada por Sartre y los autores del nouveau roman, admirada por Nab\u00f3kov por su \u00abincomparable imaginaci\u00f3n pl\u00e1stica\u00bb, es a\u00fan hoy un modelo central de lo que debe y no debe ser una novela.<\/p>\n","protected":false},"excerpt":{"rendered":"<p>\u00abSer\u00e1 el primer caso, creo, de novela en que se hace burla de la hero\u00edna y de su gal\u00e1n. Pero la iron\u00eda no perjudica al pathos; al contrario, la iron\u00eda subraya el aspecto pat\u00e9tico\u00bb, escribi\u00f3 Gustave Flaubert en el largo proceso de redacci\u00f3n (1851-1856) de La se\u00f1ora Bovary. Alarmados por su \u00abinvencible tendencia al lirismo\u00bb, [&hellip;]<\/p>\n","protected":false},"featured_media":2678,"template":"","meta":[],"product_brand":[],"product_cat":[25],"product_tag":[54,312,314,313,308],"class_list":{"0":"post-2671","1":"product","2":"type-product","3":"status-publish","4":"has-post-thumbnail","6":"product_cat-libros-digitales-ebooks","7":"product_tag-descargar-ebook","8":"product_tag-gustave-flaubert","9":"product_tag-la-senora-bovary","10":"product_tag-madame-bovary","11":"product_tag-mejores-novela","13":"first","14":"instock","15":"shipping-taxable","16":"purchasable","17":"product-type-variable","18":"has-default-attributes"},"_links":{"self":[{"href":"https:\/\/www.taller-palabras.com\/WordPress_04\/wp-json\/wp\/v2\/product\/2671","targetHints":{"allow":["GET"]}}],"collection":[{"href":"https:\/\/www.taller-palabras.com\/WordPress_04\/wp-json\/wp\/v2\/product"}],"about":[{"href":"https:\/\/www.taller-palabras.com\/WordPress_04\/wp-json\/wp\/v2\/types\/product"}],"wp:featuredmedia":[{"embeddable":true,"href":"https:\/\/www.taller-palabras.com\/WordPress_04\/wp-json\/wp\/v2\/media\/2678"}],"wp:attachment":[{"href":"https:\/\/www.taller-palabras.com\/WordPress_04\/wp-json\/wp\/v2\/media?parent=2671"}],"wp:term":[{"taxonomy":"product_brand","embeddable":true,"href":"https:\/\/www.taller-palabras.com\/WordPress_04\/wp-json\/wp\/v2\/product_brand?post=2671"},{"taxonomy":"product_cat","embeddable":true,"href":"https:\/\/www.taller-palabras.com\/WordPress_04\/wp-json\/wp\/v2\/product_cat?post=2671"},{"taxonomy":"product_tag","embeddable":true,"href":"https:\/\/www.taller-palabras.com\/WordPress_04\/wp-json\/wp\/v2\/product_tag?post=2671"}],"curies":[{"name":"wp","href":"https:\/\/api.w.org\/{rel}","templated":true}]}}