{"id":2708,"date":"2020-11-20T13:16:04","date_gmt":"2020-11-20T16:16:04","guid":{"rendered":"https:\/\/www.taller-palabras.com\/WordPress_04\/?post_type=product&#038;p=2708"},"modified":"2024-01-21T13:41:56","modified_gmt":"2024-01-21T16:41:56","slug":"el-conde-lucanor-juan-manuel-infante-de-castilla-ebook","status":"publish","type":"product","link":"https:\/\/www.taller-palabras.com\/WordPress_04\/producto\/el-conde-lucanor-juan-manuel-infante-de-castilla-ebook","title":{"rendered":"El Conde Lucanor &#8211; Juan Manuel Infante de Castilla \/ebook"},"content":{"rendered":"<figure id=\"attachment_2712\" aria-describedby=\"caption-attachment-2712\" style=\"width: 150px\" class=\"wp-caption alignleft\"><img loading=\"lazy\" decoding=\"async\" class=\"wp-image-2712 size-thumbnail\" src=\"https:\/\/www.taller-palabras.com\/WordPress_04\/wp-content\/uploads\/2020\/11\/juanManuelCastilla-150x150.jpg\" alt=\"\" width=\"150\" height=\"150\" srcset=\"https:\/\/www.taller-palabras.com\/WordPress_04\/wp-content\/uploads\/2020\/11\/juanManuelCastilla-150x150.jpg 150w, https:\/\/www.taller-palabras.com\/WordPress_04\/wp-content\/uploads\/2020\/11\/juanManuelCastilla-100x100.jpg 100w\" sizes=\"auto, (max-width: 150px) 100vw, 150px\" \/><figcaption id=\"caption-attachment-2712\" class=\"wp-caption-text\">Autor Juan Manuel Infante de Castilla<\/figcaption><\/figure>\n<p>El conde Lucanor es una obra narrativa de la literatura espa\u00f1ola medieval escrita entre 1330 y 1335 por el infante Don Juan Manuel. Su t\u00edtulo completo y original en castellano medieval es Libro de los enxiemplos del Conde Lucanor et de Patronio (Libro de los ejemplos del conde Lucanor y de Patronio). El libro est\u00e1 compuesto por cinco partes, la m\u00e1s conocida de las cuales es una serie de 51 exempla o cuentos moralizantes tomados de varias fuentes, como Esopo y otros cl\u00e1sicos, as\u00ed como de cuentos tradicionales \u00e1rabes. La \u00abHistoria del De\u00e1n de Santiago y el mago de Toledo\u00bb (cuento XI) tiene semejanzas con cuentos tradicionales japoneses y la historia de una mujer llamada Do\u00f1a Truhana (cuento VII) \u2014el \u00abCuento de la lechera\u00bb, pero ligeramente variado\u2014 ha sido identificada por Max M\u00fcller como originada en el ciclo hind\u00fa Pancha-tantra. El prop\u00f3sito did\u00e1ctico y moral es la marca del libro. El conde Lucanor empieza la conversaci\u00f3n con su consejero Patronio plante\u00e1ndole un problema (\u00abUn hombre me ha hecho una propuesta\u2026\u00bb o \u00abTemo que tal o cual persona intenta\u2026\u00bb) y solicita consejo para resolverlo. Patronio siempre responde con gran humildad, asegurando no ser necesario dar consejo a una persona tan ilustre como el conde, pero ofreci\u00e9ndose a contarle una historia de la que este podr\u00e1 extraer una ense\u00f1anza para resolver su problema. Los cuentos son exempla, g\u00e9nero asentado en la tradici\u00f3n literaria medieval.<\/p>\n","protected":false},"excerpt":{"rendered":"<p>El conde Lucanor es una obra narrativa de la literatura espa\u00f1ola medieval escrita entre 1330 y 1335 por el infante Don Juan Manuel. Su t\u00edtulo completo y original en castellano medieval es Libro de los enxiemplos del Conde Lucanor et de Patronio (Libro de los ejemplos del conde Lucanor y de Patronio). El libro est\u00e1 [&hellip;]<\/p>\n","protected":false},"featured_media":2713,"template":"","meta":[],"product_brand":[],"product_cat":[25],"product_tag":[54,319,308],"class_list":{"0":"post-2708","1":"product","2":"type-product","3":"status-publish","4":"has-post-thumbnail","6":"product_cat-libros-digitales-ebooks","7":"product_tag-descargar-ebook","8":"product_tag-el-conde-lucanor","9":"product_tag-mejores-novela","11":"first","12":"instock","13":"shipping-taxable","14":"purchasable","15":"product-type-variable","16":"has-default-attributes"},"_links":{"self":[{"href":"https:\/\/www.taller-palabras.com\/WordPress_04\/wp-json\/wp\/v2\/product\/2708","targetHints":{"allow":["GET"]}}],"collection":[{"href":"https:\/\/www.taller-palabras.com\/WordPress_04\/wp-json\/wp\/v2\/product"}],"about":[{"href":"https:\/\/www.taller-palabras.com\/WordPress_04\/wp-json\/wp\/v2\/types\/product"}],"wp:featuredmedia":[{"embeddable":true,"href":"https:\/\/www.taller-palabras.com\/WordPress_04\/wp-json\/wp\/v2\/media\/2713"}],"wp:attachment":[{"href":"https:\/\/www.taller-palabras.com\/WordPress_04\/wp-json\/wp\/v2\/media?parent=2708"}],"wp:term":[{"taxonomy":"product_brand","embeddable":true,"href":"https:\/\/www.taller-palabras.com\/WordPress_04\/wp-json\/wp\/v2\/product_brand?post=2708"},{"taxonomy":"product_cat","embeddable":true,"href":"https:\/\/www.taller-palabras.com\/WordPress_04\/wp-json\/wp\/v2\/product_cat?post=2708"},{"taxonomy":"product_tag","embeddable":true,"href":"https:\/\/www.taller-palabras.com\/WordPress_04\/wp-json\/wp\/v2\/product_tag?post=2708"}],"curies":[{"name":"wp","href":"https:\/\/api.w.org\/{rel}","templated":true}]}}