{"id":2717,"date":"2020-11-21T14:32:24","date_gmt":"2020-11-21T17:32:24","guid":{"rendered":"https:\/\/www.taller-palabras.com\/WordPress_04\/?post_type=product&#038;p=2717"},"modified":"2024-01-21T14:01:29","modified_gmt":"2024-01-21T17:01:29","slug":"cometierra-dolores-reyes-ebook","status":"publish","type":"product","link":"https:\/\/www.taller-palabras.com\/WordPress_04\/producto\/cometierra-dolores-reyes-ebook","title":{"rendered":"Cometierra &#8211; Dolores Reyes \/ebook"},"content":{"rendered":"<figure id=\"attachment_2721\" aria-describedby=\"caption-attachment-2721\" style=\"width: 150px\" class=\"wp-caption alignleft\"><img loading=\"lazy\" decoding=\"async\" class=\"wp-image-2721 size-thumbnail\" src=\"https:\/\/www.taller-palabras.com\/WordPress_04\/wp-content\/uploads\/2020\/11\/DoloresReyes-150x150.jpg\" alt=\"\" width=\"150\" height=\"150\" srcset=\"https:\/\/www.taller-palabras.com\/WordPress_04\/wp-content\/uploads\/2020\/11\/DoloresReyes-150x150.jpg 150w, https:\/\/www.taller-palabras.com\/WordPress_04\/wp-content\/uploads\/2020\/11\/DoloresReyes-100x100.jpg 100w\" sizes=\"auto, (max-width: 150px) 100vw, 150px\" \/><figcaption id=\"caption-attachment-2721\" class=\"wp-caption-text\">Autora Dolores Reyes<\/figcaption><\/figure>\n<p>Dice Cometierra: \u00abMe acost\u00e9 en el suelo, sin abrir los ojos. Hab\u00eda aprendido que de esa oscuridad nac\u00edan formas. Trat\u00e9 de verlas y de no pensar en nada m\u00e1s, ni siquiera en el dolor que me llegaba desde la panza. Nada, salvo un brillo que mir\u00e9 con toda atenci\u00f3n hasta que se transform\u00f3 en dos ojos negros. Y de a poco, como si la hubiera fabricado la noche, vi la cara de Mar\u00eda, los hombros, el pelo que nac\u00eda de la oscuridad m\u00e1s profunda que hab\u00eda visto en mi vida\u00bb. El escenario ficticio podr\u00eda ser cualquiera de las barriadas pobres que rodean a la capital argentina, muy distintas a la ciudad a pesar de estar solo a unos pocos kil\u00f3metros. En una de esas casitas precarias que se levantan directamente sobre la tierra viven solos Cometierra y su hermano, el Walter. Cuando era chica, Cometierra trag\u00f3 tierra y supo en una visi\u00f3n que su pap\u00e1 hab\u00eda matado a golpes a su mam\u00e1. Esa fue solo la primera de las visiones. Nacer con un don implica una responsabilidad hacia los otros y a Cometierra le toc\u00f3 uno que hace su vida doblemente dif\u00edcil, porque vive en un barrio en donde la violencia, el desamparo y la injusticia brotan en cada rinc\u00f3n y porque all\u00ed las principales v\u00edctimas son las mujeres. En la persecuci\u00f3n de la verdad, en el descubrimiento del amor, en el cuidado entre hermanos, Cometierra buscar\u00e1 su propio camino.<\/p>\n","protected":false},"excerpt":{"rendered":"<p>Dice Cometierra: \u00abMe acost\u00e9 en el suelo, sin abrir los ojos. Hab\u00eda aprendido que de esa oscuridad nac\u00edan formas. Trat\u00e9 de verlas y de no pensar en nada m\u00e1s, ni siquiera en el dolor que me llegaba desde la panza. Nada, salvo un brillo que mir\u00e9 con toda atenci\u00f3n hasta que se transform\u00f3 en dos [&hellip;]<\/p>\n","protected":false},"featured_media":2722,"template":"","meta":[],"product_brand":[],"product_cat":[25],"product_tag":[54,319,308],"class_list":{"0":"post-2717","1":"product","2":"type-product","3":"status-publish","4":"has-post-thumbnail","6":"product_cat-libros-digitales-ebooks","7":"product_tag-descargar-ebook","8":"product_tag-el-conde-lucanor","9":"product_tag-mejores-novela","11":"first","12":"instock","13":"shipping-taxable","14":"purchasable","15":"product-type-variable","16":"has-default-attributes"},"_links":{"self":[{"href":"https:\/\/www.taller-palabras.com\/WordPress_04\/wp-json\/wp\/v2\/product\/2717","targetHints":{"allow":["GET"]}}],"collection":[{"href":"https:\/\/www.taller-palabras.com\/WordPress_04\/wp-json\/wp\/v2\/product"}],"about":[{"href":"https:\/\/www.taller-palabras.com\/WordPress_04\/wp-json\/wp\/v2\/types\/product"}],"wp:featuredmedia":[{"embeddable":true,"href":"https:\/\/www.taller-palabras.com\/WordPress_04\/wp-json\/wp\/v2\/media\/2722"}],"wp:attachment":[{"href":"https:\/\/www.taller-palabras.com\/WordPress_04\/wp-json\/wp\/v2\/media?parent=2717"}],"wp:term":[{"taxonomy":"product_brand","embeddable":true,"href":"https:\/\/www.taller-palabras.com\/WordPress_04\/wp-json\/wp\/v2\/product_brand?post=2717"},{"taxonomy":"product_cat","embeddable":true,"href":"https:\/\/www.taller-palabras.com\/WordPress_04\/wp-json\/wp\/v2\/product_cat?post=2717"},{"taxonomy":"product_tag","embeddable":true,"href":"https:\/\/www.taller-palabras.com\/WordPress_04\/wp-json\/wp\/v2\/product_tag?post=2717"}],"curies":[{"name":"wp","href":"https:\/\/api.w.org\/{rel}","templated":true}]}}