{"id":273,"date":"2018-10-31T08:17:32","date_gmt":"2018-10-31T11:17:32","guid":{"rendered":"https:\/\/www.taller-palabras.com\/WordPress_04\/?post_type=product&#038;p=273"},"modified":"2023-09-27T13:21:05","modified_gmt":"2023-09-27T16:21:05","slug":"orgullo-y-prejuicio-jane-austen-ebook","status":"publish","type":"product","link":"https:\/\/www.taller-palabras.com\/WordPress_04\/producto\/orgullo-y-prejuicio-jane-austen-ebook","title":{"rendered":"Orgullo y prejuicio &#8211; Jane Austen  \/ebook"},"content":{"rendered":"<figure id=\"attachment_277\" aria-describedby=\"caption-attachment-277\" style=\"width: 150px\" class=\"wp-caption alignleft\"><img loading=\"lazy\" decoding=\"async\" class=\"wp-image-277 size-thumbnail\" src=\"https:\/\/www.taller-palabras.com\/WordPress_04\/wp-content\/uploads\/2018\/10\/jane-austen-150x150.jpg\" alt=\"\" width=\"150\" height=\"150\" srcset=\"https:\/\/www.taller-palabras.com\/WordPress_04\/wp-content\/uploads\/2018\/10\/jane-austen-150x150.jpg 150w, https:\/\/www.taller-palabras.com\/WordPress_04\/wp-content\/uploads\/2018\/10\/jane-austen-324x324.jpg 324w, https:\/\/www.taller-palabras.com\/WordPress_04\/wp-content\/uploads\/2018\/10\/jane-austen-100x100.jpg 100w\" sizes=\"auto, (max-width: 150px) 100vw, 150px\" \/><figcaption id=\"caption-attachment-277\" class=\"wp-caption-text\">Autora Jane Austen<\/figcaption><\/figure>\n<p>\u00abEs una verdad universalmente aceptada que todo soltero en posesi\u00f3n de una gran fortuna necesita una esposa\u00bb: este comienzo \u2014junto con el de Anna Kar\u00e9nina, quiz\u00e1 uno de los m\u00e1s famosos de la historia de la literatura\u2014 nos introduce sabiamente en el mundo de Jane Austen y de su novela m\u00e1s emblem\u00e1tica. Orgullo y prejuicio, publicada en 1813 tras el \u00e9xito de Juicio y sentimiento, re\u00fane de forma ejemplar sus temas recurrentes y su visi\u00f3n inimitable en la historia de las cinco hijas de la se\u00f1ora Bennett, que no tiene otro objetivo en su vida que conseguir una buena boda para todas ellas. Dos ricos j\u00f3venes, el se\u00f1or Bingley y el se\u00f1or Darcy, aparecen en su punto de mira e inmediatamente se ven se\u00f1alados como posibles \u00abpresas\u00bb. El opresivo ambiente de la familia, la presi\u00f3n del matrimonio y del esc\u00e1ndalo, la diferencia de clases, el fantasma de la pobreza y la actitud de una hero\u00edna m\u00e1s rica y compleja en sentimientos que cualquier hero\u00edna de cualquier novela anterior, se conjugan en esta obra maestra le\u00edda y celebrada a lo largo de m\u00e1s de dos siglos.<\/p>\n","protected":false},"excerpt":{"rendered":"<p>\u00abEs una verdad universalmente aceptada que todo soltero en posesi\u00f3n de una gran fortuna necesita una esposa\u00bb: este comienzo \u2014junto con el de Anna Kar\u00e9nina, quiz\u00e1 uno de los m\u00e1s famosos de la historia de la literatura\u2014 nos introduce sabiamente en el mundo de Jane Austen y de su novela m\u00e1s emblem\u00e1tica. Orgullo y prejuicio, [&hellip;]<\/p>\n","protected":false},"featured_media":7967,"template":"","meta":[],"product_brand":[],"product_cat":[25],"product_tag":[54,92,55,93],"class_list":{"0":"post-273","1":"product","2":"type-product","3":"status-publish","4":"has-post-thumbnail","6":"product_cat-libros-digitales-ebooks","7":"product_tag-descargar-ebook","8":"product_tag-jane-austen","9":"product_tag-novelas","10":"product_tag-orgullo-y-prejuicio","12":"first","13":"instock","14":"shipping-taxable","15":"purchasable","16":"product-type-variable","17":"has-default-attributes"},"_links":{"self":[{"href":"https:\/\/www.taller-palabras.com\/WordPress_04\/wp-json\/wp\/v2\/product\/273","targetHints":{"allow":["GET"]}}],"collection":[{"href":"https:\/\/www.taller-palabras.com\/WordPress_04\/wp-json\/wp\/v2\/product"}],"about":[{"href":"https:\/\/www.taller-palabras.com\/WordPress_04\/wp-json\/wp\/v2\/types\/product"}],"wp:featuredmedia":[{"embeddable":true,"href":"https:\/\/www.taller-palabras.com\/WordPress_04\/wp-json\/wp\/v2\/media\/7967"}],"wp:attachment":[{"href":"https:\/\/www.taller-palabras.com\/WordPress_04\/wp-json\/wp\/v2\/media?parent=273"}],"wp:term":[{"taxonomy":"product_brand","embeddable":true,"href":"https:\/\/www.taller-palabras.com\/WordPress_04\/wp-json\/wp\/v2\/product_brand?post=273"},{"taxonomy":"product_cat","embeddable":true,"href":"https:\/\/www.taller-palabras.com\/WordPress_04\/wp-json\/wp\/v2\/product_cat?post=273"},{"taxonomy":"product_tag","embeddable":true,"href":"https:\/\/www.taller-palabras.com\/WordPress_04\/wp-json\/wp\/v2\/product_tag?post=273"}],"curies":[{"name":"wp","href":"https:\/\/api.w.org\/{rel}","templated":true}]}}