{"id":2759,"date":"2020-11-24T10:40:44","date_gmt":"2020-11-24T13:40:44","guid":{"rendered":"https:\/\/www.taller-palabras.com\/WordPress_04\/?post_type=product&#038;p=2759"},"modified":"2024-01-22T10:35:50","modified_gmt":"2024-01-22T13:35:50","slug":"alex-pierre-lemaitre-ebook","status":"publish","type":"product","link":"https:\/\/www.taller-palabras.com\/WordPress_04\/producto\/alex-pierre-lemaitre-ebook","title":{"rendered":"Alex &#8211; Pierre Lemaitre \/ebook"},"content":{"rendered":"<figure id=\"attachment_2764\" aria-describedby=\"caption-attachment-2764\" style=\"width: 150px\" class=\"wp-caption alignleft\"><img loading=\"lazy\" decoding=\"async\" class=\"wp-image-2764 size-thumbnail\" src=\"https:\/\/www.taller-palabras.com\/WordPress_04\/wp-content\/uploads\/2020\/11\/PierreLemaitre-150x150.jpg\" alt=\"\" width=\"150\" height=\"150\" srcset=\"https:\/\/www.taller-palabras.com\/WordPress_04\/wp-content\/uploads\/2020\/11\/PierreLemaitre-150x150.jpg 150w, https:\/\/www.taller-palabras.com\/WordPress_04\/wp-content\/uploads\/2020\/11\/PierreLemaitre-100x100.jpg 100w\" sizes=\"auto, (max-width: 150px) 100vw, 150px\" \/><figcaption id=\"caption-attachment-2764\" class=\"wp-caption-text\">Autor Pierre Lemaitre<\/figcaption><\/figure>\n<p>La polic\u00eda solo tiene de ella la descripci\u00f3n. Joven, tal vez en la treintena y \u2014en eso han coincidido todos los hombres que han presenciado lo ocurrido\u2014 muy atractiva, cautivadora, una de esas mujeres de las que no se puede apartar la mirada. \u00bfQuiz\u00e1 por eso la han raptado? Trabajando contrarreloj, los investigadores identifican al secuestrador y descubren d\u00f3nde la ten\u00edan prisionera\u2026 pero ella ha huido ya. Extra\u00f1amente, el caso empieza cuando deber\u00eda haberse cerrado. \u00bfQui\u00e9n es Alex en realidad? Nadie lo sabe. Aunque la v\u00edctima fr\u00e1gil que se imaginaban\u2026 eso no. Ella es m\u00e1s inteligente que su verdugo. Ella no perdona. Ella no olvida nada ni a nadie.<\/p>\n","protected":false},"excerpt":{"rendered":"<p>La polic\u00eda solo tiene de ella la descripci\u00f3n. Joven, tal vez en la treintena y \u2014en eso han coincidido todos los hombres que han presenciado lo ocurrido\u2014 muy atractiva, cautivadora, una de esas mujeres de las que no se puede apartar la mirada. \u00bfQuiz\u00e1 por eso la han raptado? Trabajando contrarreloj, los investigadores identifican al [&hellip;]<\/p>\n","protected":false},"featured_media":2763,"template":"","meta":[],"product_brand":[],"product_cat":[25],"product_tag":[326,54,308,327],"class_list":{"0":"post-2759","1":"product","2":"type-product","3":"status-publish","4":"has-post-thumbnail","6":"product_cat-libros-digitales-ebooks","7":"product_tag-alex","8":"product_tag-descargar-ebook","9":"product_tag-mejores-novela","10":"product_tag-pierre-lemaitre","12":"first","13":"instock","14":"shipping-taxable","15":"purchasable","16":"product-type-variable","17":"has-default-attributes"},"_links":{"self":[{"href":"https:\/\/www.taller-palabras.com\/WordPress_04\/wp-json\/wp\/v2\/product\/2759","targetHints":{"allow":["GET"]}}],"collection":[{"href":"https:\/\/www.taller-palabras.com\/WordPress_04\/wp-json\/wp\/v2\/product"}],"about":[{"href":"https:\/\/www.taller-palabras.com\/WordPress_04\/wp-json\/wp\/v2\/types\/product"}],"wp:featuredmedia":[{"embeddable":true,"href":"https:\/\/www.taller-palabras.com\/WordPress_04\/wp-json\/wp\/v2\/media\/2763"}],"wp:attachment":[{"href":"https:\/\/www.taller-palabras.com\/WordPress_04\/wp-json\/wp\/v2\/media?parent=2759"}],"wp:term":[{"taxonomy":"product_brand","embeddable":true,"href":"https:\/\/www.taller-palabras.com\/WordPress_04\/wp-json\/wp\/v2\/product_brand?post=2759"},{"taxonomy":"product_cat","embeddable":true,"href":"https:\/\/www.taller-palabras.com\/WordPress_04\/wp-json\/wp\/v2\/product_cat?post=2759"},{"taxonomy":"product_tag","embeddable":true,"href":"https:\/\/www.taller-palabras.com\/WordPress_04\/wp-json\/wp\/v2\/product_tag?post=2759"}],"curies":[{"name":"wp","href":"https:\/\/api.w.org\/{rel}","templated":true}]}}