{"id":2790,"date":"2018-10-29T18:45:50","date_gmt":"2018-10-29T21:45:50","guid":{"rendered":"https:\/\/www.taller-palabras.com\/WordPress_04\/?post_type=product&#038;p=2790"},"modified":"2023-09-26T13:46:05","modified_gmt":"2023-09-26T16:46:05","slug":"tormenta-de-espadas-george-r-r-martin-ebook","status":"publish","type":"product","link":"https:\/\/www.taller-palabras.com\/WordPress_04\/producto\/tormenta-de-espadas-george-r-r-martin-ebook","title":{"rendered":"Saga: Canci\u00f3n de hielo y fuego (3) Tormenta de espadas &#8211; George R. R. Martin \/ebook"},"content":{"rendered":"<figure id=\"attachment_260\" aria-describedby=\"caption-attachment-260\" style=\"width: 150px\" class=\"wp-caption alignleft\"><img loading=\"lazy\" decoding=\"async\" class=\"wp-image-260 size-thumbnail\" src=\"https:\/\/www.taller-palabras.com\/WordPress_04\/wp-content\/uploads\/2018\/10\/george-rr-martin-150x150.jpg\" alt=\"\" width=\"150\" height=\"150\" srcset=\"https:\/\/www.taller-palabras.com\/WordPress_04\/wp-content\/uploads\/2018\/10\/george-rr-martin-150x150.jpg 150w, https:\/\/www.taller-palabras.com\/WordPress_04\/wp-content\/uploads\/2018\/10\/george-rr-martin-324x324.jpg 324w, https:\/\/www.taller-palabras.com\/WordPress_04\/wp-content\/uploads\/2018\/10\/george-rr-martin-100x100.jpg 100w\" sizes=\"auto, (max-width: 150px) 100vw, 150px\" \/><figcaption id=\"caption-attachment-260\" class=\"wp-caption-text\">Autor George R. R. Martin<\/figcaption><\/figure>\n<p>Las huestes de los fugaces reyes de Poniente, descompuestas en hordas, asolan y esquilman una tierra castigada por la guerra e indefensa ante un invierno que se anuncia inusitadamente crudo. Las alianzas nacen y se desvanecen como volutas de humo bajo el viento helado del Norte. Ajena a las intrigas palaciegas, e ignorante del aut\u00e9ntico peligro en ciernes, la Guardia de la Noche se ve desbordada por los salvajes. Y al otro lado del mundo, Daenerys Targaryen intenta reclutar en las Ciudades Libres un ej\u00e9rcito con el que desembarcar en su tierra. Martin hace que lo imposible parezca sencillo. Tormenta de espadas confirma Canci\u00f3n de Hielo y Fuego como un hito de la fantas\u00eda \u00e9pica. Brutal y po\u00e9tica, conmovedora y cruel, la magia de Martin, como la del mundo de Poniente, necesita apenas una pincelada para cautivar al lector, hacerlo re\u00edr y llorar, y conseguir que el asombro ceda paso a la m\u00e1s profunda admiraci\u00f3n por la serie.<\/p>\n","protected":false},"excerpt":{"rendered":"<p>Las huestes de los fugaces reyes de Poniente, descompuestas en hordas, asolan y esquilman una tierra castigada por la guerra e indefensa ante un invierno que se anuncia inusitadamente crudo. Las alianzas nacen y se desvanecen como volutas de humo bajo el viento helado del Norte. Ajena a las intrigas palaciegas, e ignorante del aut\u00e9ntico [&hellip;]<\/p>\n","protected":false},"featured_media":2797,"template":"","meta":[],"product_brand":[],"product_cat":[25,47],"product_tag":[54,89,225,332],"class_list":{"0":"post-2790","1":"product","2":"type-product","3":"status-publish","4":"has-post-thumbnail","6":"product_cat-libros-digitales-ebooks","7":"product_cat-libros-digitales-sagas","8":"product_tag-descargar-ebook","9":"product_tag-george-r-r-martin","10":"product_tag-mejores-novelas","11":"product_tag-tormenta-de-espadas","13":"first","14":"instock","15":"shipping-taxable","16":"purchasable","17":"product-type-variable","18":"has-default-attributes"},"_links":{"self":[{"href":"https:\/\/www.taller-palabras.com\/WordPress_04\/wp-json\/wp\/v2\/product\/2790","targetHints":{"allow":["GET"]}}],"collection":[{"href":"https:\/\/www.taller-palabras.com\/WordPress_04\/wp-json\/wp\/v2\/product"}],"about":[{"href":"https:\/\/www.taller-palabras.com\/WordPress_04\/wp-json\/wp\/v2\/types\/product"}],"wp:featuredmedia":[{"embeddable":true,"href":"https:\/\/www.taller-palabras.com\/WordPress_04\/wp-json\/wp\/v2\/media\/2797"}],"wp:attachment":[{"href":"https:\/\/www.taller-palabras.com\/WordPress_04\/wp-json\/wp\/v2\/media?parent=2790"}],"wp:term":[{"taxonomy":"product_brand","embeddable":true,"href":"https:\/\/www.taller-palabras.com\/WordPress_04\/wp-json\/wp\/v2\/product_brand?post=2790"},{"taxonomy":"product_cat","embeddable":true,"href":"https:\/\/www.taller-palabras.com\/WordPress_04\/wp-json\/wp\/v2\/product_cat?post=2790"},{"taxonomy":"product_tag","embeddable":true,"href":"https:\/\/www.taller-palabras.com\/WordPress_04\/wp-json\/wp\/v2\/product_tag?post=2790"}],"curies":[{"name":"wp","href":"https:\/\/api.w.org\/{rel}","templated":true}]}}