{"id":2799,"date":"2020-11-30T15:24:31","date_gmt":"2020-11-30T18:24:31","guid":{"rendered":"https:\/\/www.taller-palabras.com\/WordPress_04\/?post_type=product&#038;p=2799"},"modified":"2024-01-23T11:31:19","modified_gmt":"2024-01-23T14:31:19","slug":"el-mal-de-montano-enrique-vila-matas-ebook","status":"publish","type":"product","link":"https:\/\/www.taller-palabras.com\/WordPress_04\/producto\/el-mal-de-montano-enrique-vila-matas-ebook","title":{"rendered":"El mal de Montano &#8211; Enrique Vila-Matas \/ebook"},"content":{"rendered":"<figure id=\"attachment_2803\" aria-describedby=\"caption-attachment-2803\" style=\"width: 150px\" class=\"wp-caption alignleft\"><img loading=\"lazy\" decoding=\"async\" class=\"wp-image-2803 size-thumbnail\" src=\"https:\/\/www.taller-palabras.com\/WordPress_04\/wp-content\/uploads\/2020\/11\/EnriqueVilaMatas-150x150.jpg\" alt=\"\" width=\"150\" height=\"150\" srcset=\"https:\/\/www.taller-palabras.com\/WordPress_04\/wp-content\/uploads\/2020\/11\/EnriqueVilaMatas-150x150.jpg 150w, https:\/\/www.taller-palabras.com\/WordPress_04\/wp-content\/uploads\/2020\/11\/EnriqueVilaMatas-100x100.jpg 100w\" sizes=\"auto, (max-width: 150px) 100vw, 150px\" \/><figcaption id=\"caption-attachment-2803\" class=\"wp-caption-text\">Autor Enrique Vilas-Matas<\/figcaption><\/figure>\n<p>Entre el diario \u00edntimo y la novela, el viaje sentimental, la autoficci\u00f3n y el ensayo, este libro nos propone el triunfo de la literatura. Un narrador, que firma sus libros como Rosario Girondo, escribe un diario personal y lleva tan lejos su mal de Montano, est\u00e1 tan enfermo de literatura, que la ficci\u00f3n inicial (la creaci\u00f3n de un personaje obsesionado por el porvenir de la literatura y dedicado a descifrar el arte de los diarios personales de sus escritores favoritos) acaba transform\u00e1ndose en una realidad cuando el autor se convierte en carne y hueso en la literatura misma, y entra a formar parte de una sociedad secreta de conjurados contra los enemigos de lo literario.<\/p>\n","protected":false},"excerpt":{"rendered":"<p>Entre el diario \u00edntimo y la novela, el viaje sentimental, la autoficci\u00f3n y el ensayo, este libro nos propone el triunfo de la literatura. Un narrador, que firma sus libros como Rosario Girondo, escribe un diario personal y lleva tan lejos su mal de Montano, est\u00e1 tan enfermo de literatura, que la ficci\u00f3n inicial (la [&hellip;]<\/p>\n","protected":false},"featured_media":2805,"template":"","meta":[],"product_brand":[],"product_cat":[25],"product_tag":[54,333,334,225],"class_list":{"0":"post-2799","1":"product","2":"type-product","3":"status-publish","4":"has-post-thumbnail","6":"product_cat-libros-digitales-ebooks","7":"product_tag-descargar-ebook","8":"product_tag-el-mal-de-montano","9":"product_tag-enrique-vila-matas","10":"product_tag-mejores-novelas","12":"first","13":"instock","14":"shipping-taxable","15":"purchasable","16":"product-type-variable","17":"has-default-attributes"},"_links":{"self":[{"href":"https:\/\/www.taller-palabras.com\/WordPress_04\/wp-json\/wp\/v2\/product\/2799","targetHints":{"allow":["GET"]}}],"collection":[{"href":"https:\/\/www.taller-palabras.com\/WordPress_04\/wp-json\/wp\/v2\/product"}],"about":[{"href":"https:\/\/www.taller-palabras.com\/WordPress_04\/wp-json\/wp\/v2\/types\/product"}],"wp:featuredmedia":[{"embeddable":true,"href":"https:\/\/www.taller-palabras.com\/WordPress_04\/wp-json\/wp\/v2\/media\/2805"}],"wp:attachment":[{"href":"https:\/\/www.taller-palabras.com\/WordPress_04\/wp-json\/wp\/v2\/media?parent=2799"}],"wp:term":[{"taxonomy":"product_brand","embeddable":true,"href":"https:\/\/www.taller-palabras.com\/WordPress_04\/wp-json\/wp\/v2\/product_brand?post=2799"},{"taxonomy":"product_cat","embeddable":true,"href":"https:\/\/www.taller-palabras.com\/WordPress_04\/wp-json\/wp\/v2\/product_cat?post=2799"},{"taxonomy":"product_tag","embeddable":true,"href":"https:\/\/www.taller-palabras.com\/WordPress_04\/wp-json\/wp\/v2\/product_tag?post=2799"}],"curies":[{"name":"wp","href":"https:\/\/api.w.org\/{rel}","templated":true}]}}