{"id":280,"date":"2018-10-31T09:38:03","date_gmt":"2018-10-31T12:38:03","guid":{"rendered":"https:\/\/www.taller-palabras.com\/WordPress_04\/?post_type=product&#038;p=280"},"modified":"2023-09-27T13:27:08","modified_gmt":"2023-09-27T16:27:08","slug":"los-principes-azules-tambien-destinen-megan-maxwell-ebook","status":"publish","type":"product","link":"https:\/\/www.taller-palabras.com\/WordPress_04\/producto\/los-principes-azules-tambien-destinen-megan-maxwell-ebook","title":{"rendered":"Los principes azules tambien desti\u00f1en &#8211; Megan Maxwell  \/ebook"},"content":{"rendered":"<figure id=\"attachment_281\" aria-describedby=\"caption-attachment-281\" style=\"width: 150px\" class=\"wp-caption alignleft\"><img loading=\"lazy\" decoding=\"async\" class=\"wp-image-281 size-thumbnail\" src=\"https:\/\/www.taller-palabras.com\/WordPress_04\/wp-content\/uploads\/2018\/10\/maxwell-150x150.jpg\" alt=\"\" width=\"150\" height=\"150\" srcset=\"https:\/\/www.taller-palabras.com\/WordPress_04\/wp-content\/uploads\/2018\/10\/maxwell-150x150.jpg 150w, https:\/\/www.taller-palabras.com\/WordPress_04\/wp-content\/uploads\/2018\/10\/maxwell-324x324.jpg 324w, https:\/\/www.taller-palabras.com\/WordPress_04\/wp-content\/uploads\/2018\/10\/maxwell-100x100.jpg 100w\" sizes=\"auto, (max-width: 150px) 100vw, 150px\" \/><figcaption id=\"caption-attachment-281\" class=\"wp-caption-text\">Autora Megan Maxwell<\/figcaption><\/figure>\n<p>\u00bfExisten las segundas oportunidades en el amor? Ad\u00e9ntrate en la historia de Sam y Kate, de Michael y Terry, un cuento de hadas que se convierte en una pesadilla, una pesadilla que se convierte en un cuento de hadas, dos amantes destinados a reencontrarse a pesar de las trabas que les impone la vida. Una novela en la que los pr\u00edncipes azules desti\u00f1en, pero las princesas tambi\u00e9n&#8230; \u00bfTe atreves a descubrirla?<\/p>\n<p>El estilo de Megan Maxwell es sencillo y directo, va al grano sin detenerse en muchas descripciones,\u00a0narrando la obra como si estuvi\u00e9ramos hablando con una amiga o leyendo el gui\u00f3n de una pel\u00edcula, con un lenguaje muy coloquial y com\u00fan.\u00a0Todo son conversaciones y di\u00e1logos, una forma de escribir original y fresca que le sienta muy bien a esta novela\u00a0Chick Lit.<\/p>\n","protected":false},"excerpt":{"rendered":"<p>\u00bfExisten las segundas oportunidades en el amor? Ad\u00e9ntrate en la historia de Sam y Kate, de Michael y Terry, un cuento de hadas que se convierte en una pesadilla, una pesadilla que se convierte en un cuento de hadas, dos amantes destinados a reencontrarse a pesar de las trabas que les impone la vida. Una [&hellip;]<\/p>\n","protected":false},"featured_media":282,"template":"","meta":[],"product_brand":[],"product_cat":[25],"product_tag":[54,96,94,55],"class_list":{"0":"post-280","1":"product","2":"type-product","3":"status-publish","4":"has-post-thumbnail","6":"product_cat-libros-digitales-ebooks","7":"product_tag-descargar-ebook","8":"product_tag-los-principes-azules-tambien-destinen","9":"product_tag-megan-maxwell","10":"product_tag-novelas","12":"first","13":"instock","14":"shipping-taxable","15":"purchasable","16":"product-type-variable","17":"has-default-attributes"},"_links":{"self":[{"href":"https:\/\/www.taller-palabras.com\/WordPress_04\/wp-json\/wp\/v2\/product\/280","targetHints":{"allow":["GET"]}}],"collection":[{"href":"https:\/\/www.taller-palabras.com\/WordPress_04\/wp-json\/wp\/v2\/product"}],"about":[{"href":"https:\/\/www.taller-palabras.com\/WordPress_04\/wp-json\/wp\/v2\/types\/product"}],"wp:featuredmedia":[{"embeddable":true,"href":"https:\/\/www.taller-palabras.com\/WordPress_04\/wp-json\/wp\/v2\/media\/282"}],"wp:attachment":[{"href":"https:\/\/www.taller-palabras.com\/WordPress_04\/wp-json\/wp\/v2\/media?parent=280"}],"wp:term":[{"taxonomy":"product_brand","embeddable":true,"href":"https:\/\/www.taller-palabras.com\/WordPress_04\/wp-json\/wp\/v2\/product_brand?post=280"},{"taxonomy":"product_cat","embeddable":true,"href":"https:\/\/www.taller-palabras.com\/WordPress_04\/wp-json\/wp\/v2\/product_cat?post=280"},{"taxonomy":"product_tag","embeddable":true,"href":"https:\/\/www.taller-palabras.com\/WordPress_04\/wp-json\/wp\/v2\/product_tag?post=280"}],"curies":[{"name":"wp","href":"https:\/\/api.w.org\/{rel}","templated":true}]}}