{"id":2817,"date":"2020-12-01T12:10:15","date_gmt":"2020-12-01T15:10:15","guid":{"rendered":"https:\/\/www.taller-palabras.com\/WordPress_04\/?post_type=product&#038;p=2817"},"modified":"2024-01-23T12:23:46","modified_gmt":"2024-01-23T15:23:46","slug":"confesiones-de-una-mascara-yukio-mishima-ebook","status":"publish","type":"product","link":"https:\/\/www.taller-palabras.com\/WordPress_04\/producto\/confesiones-de-una-mascara-yukio-mishima-ebook","title":{"rendered":"Confesiones de una m\u00e1scara &#8211; Yukio Mishima \/ebook"},"content":{"rendered":"<figure id=\"attachment_2821\" aria-describedby=\"caption-attachment-2821\" style=\"width: 150px\" class=\"wp-caption alignleft\"><img loading=\"lazy\" decoding=\"async\" class=\"wp-image-2821 size-thumbnail\" src=\"https:\/\/www.taller-palabras.com\/WordPress_04\/wp-content\/uploads\/2020\/12\/Yukio_Mishima-150x150.jpg\" alt=\"\" width=\"150\" height=\"150\" srcset=\"https:\/\/www.taller-palabras.com\/WordPress_04\/wp-content\/uploads\/2020\/12\/Yukio_Mishima-150x150.jpg 150w, https:\/\/www.taller-palabras.com\/WordPress_04\/wp-content\/uploads\/2020\/12\/Yukio_Mishima-100x100.jpg 100w\" sizes=\"auto, (max-width: 150px) 100vw, 150px\" \/><figcaption id=\"caption-attachment-2821\" class=\"wp-caption-text\">Autor Yukio Mishima<\/figcaption><\/figure>\n<p>&#8216;Confesiones de una m\u00e1scara&#8217;, publicada en 1948, es una de las novelas m\u00e1s autobiogr\u00e1ficas de Yukio Mishima y se la considera un cl\u00e1sico de la narrativa moderna. Muy pol\u00e9mica por la tem\u00e1tica que aborda, fue su primer gran \u00e9xito literario y lo catapult\u00f3 a la fama a los 25 a\u00f1os de edad. Escrita con deslumbrante emotividad y el culto a la palabra y a la est\u00e9tica que siempre fueron rasgos caracter\u00edsticos en su obra, Mishima describe el camino de luces y sombras de Koo-chan, quien, para sobrevivir en aquel Jap\u00f3n de los a\u00f1os treinta y cuarenta, debe ocultarse tras una m\u00e1scara de correcci\u00f3n, convirtiendo su vida en un escenario, en una mascarada en la que confluyen la realidad con las apariencias. Koo-chan, el joven narrador, es un alma atormentada por una sensibilidad turbadora, un ser que va creciendo con el estigma de saberse diferente a los dem\u00e1s. De aspecto d\u00e9bil y enfermizo, solitario y taciturno, va descubriendo sus inclinaciones homosexuales cuando se siente atra\u00eddo por Omi, un chico de fuerte constituci\u00f3n. Pero, esclavo de lo convencional, no puede aceptar que trasciendan sus diferencias y deseos, por lo que establece una relaci\u00f3n con Sonoko, la hermana de su amigo Kasuno, intentando convencerse de que est\u00e1 enamorado de ella. Mientras asume su escaso poder para amar, ir\u00e1n aflorando sus fantas\u00edas y su fascinaci\u00f3n por la belleza, entremezclada con la sangre, la violencia y la muerte\u2026<\/p>\n","protected":false},"excerpt":{"rendered":"<p>&#8216;Confesiones de una m\u00e1scara&#8217;, publicada en 1948, es una de las novelas m\u00e1s autobiogr\u00e1ficas de Yukio Mishima y se la considera un cl\u00e1sico de la narrativa moderna. Muy pol\u00e9mica por la tem\u00e1tica que aborda, fue su primer gran \u00e9xito literario y lo catapult\u00f3 a la fama a los 25 a\u00f1os de edad. Escrita con deslumbrante [&hellip;]<\/p>\n","protected":false},"featured_media":2822,"template":"","meta":[],"product_brand":[],"product_cat":[25],"product_tag":[338,54,225,337],"class_list":{"0":"post-2817","1":"product","2":"type-product","3":"status-publish","4":"has-post-thumbnail","6":"product_cat-libros-digitales-ebooks","7":"product_tag-confesiones-de-una-mascara","8":"product_tag-descargar-ebook","9":"product_tag-mejores-novelas","10":"product_tag-yukio-mishima","12":"first","13":"instock","14":"shipping-taxable","15":"purchasable","16":"product-type-variable","17":"has-default-attributes"},"_links":{"self":[{"href":"https:\/\/www.taller-palabras.com\/WordPress_04\/wp-json\/wp\/v2\/product\/2817","targetHints":{"allow":["GET"]}}],"collection":[{"href":"https:\/\/www.taller-palabras.com\/WordPress_04\/wp-json\/wp\/v2\/product"}],"about":[{"href":"https:\/\/www.taller-palabras.com\/WordPress_04\/wp-json\/wp\/v2\/types\/product"}],"wp:featuredmedia":[{"embeddable":true,"href":"https:\/\/www.taller-palabras.com\/WordPress_04\/wp-json\/wp\/v2\/media\/2822"}],"wp:attachment":[{"href":"https:\/\/www.taller-palabras.com\/WordPress_04\/wp-json\/wp\/v2\/media?parent=2817"}],"wp:term":[{"taxonomy":"product_brand","embeddable":true,"href":"https:\/\/www.taller-palabras.com\/WordPress_04\/wp-json\/wp\/v2\/product_brand?post=2817"},{"taxonomy":"product_cat","embeddable":true,"href":"https:\/\/www.taller-palabras.com\/WordPress_04\/wp-json\/wp\/v2\/product_cat?post=2817"},{"taxonomy":"product_tag","embeddable":true,"href":"https:\/\/www.taller-palabras.com\/WordPress_04\/wp-json\/wp\/v2\/product_tag?post=2817"}],"curies":[{"name":"wp","href":"https:\/\/api.w.org\/{rel}","templated":true}]}}