{"id":2839,"date":"2020-12-07T13:48:12","date_gmt":"2020-12-07T16:48:12","guid":{"rendered":"https:\/\/www.taller-palabras.com\/WordPress_04\/?post_type=product&#038;p=2839"},"modified":"2024-01-24T14:25:17","modified_gmt":"2024-01-24T17:25:17","slug":"veinte-mil-leguas-de-viaje-submarino-jules-verne-ilustrado-ebook","status":"publish","type":"product","link":"https:\/\/www.taller-palabras.com\/WordPress_04\/producto\/veinte-mil-leguas-de-viaje-submarino-jules-verne-ilustrado-ebook","title":{"rendered":"Veinte mil leguas de viaje submarino &#8211; Jules Verne &#8211; Ilustrado \/ebook"},"content":{"rendered":"<figure id=\"attachment_2831\" aria-describedby=\"caption-attachment-2831\" style=\"width: 150px\" class=\"wp-caption alignleft\"><img loading=\"lazy\" decoding=\"async\" class=\"wp-image-2831 size-thumbnail\" src=\"https:\/\/www.taller-palabras.com\/WordPress_04\/wp-content\/uploads\/2020\/12\/JulioVerner-150x150.jpg\" alt=\"\" width=\"150\" height=\"150\" srcset=\"https:\/\/www.taller-palabras.com\/WordPress_04\/wp-content\/uploads\/2020\/12\/JulioVerner-150x150.jpg 150w, https:\/\/www.taller-palabras.com\/WordPress_04\/wp-content\/uploads\/2020\/12\/JulioVerner-100x100.jpg 100w\" sizes=\"auto, (max-width: 150px) 100vw, 150px\" \/><figcaption id=\"caption-attachment-2831\" class=\"wp-caption-text\">Autor Jules Verne<\/figcaption><\/figure>\n<p>Cuando Verne ide\u00f3 la construcci\u00f3n del \u00abNautilus\u00bb, escribi\u00f3 a Hetzel, su editor y amigo: \u00abLe aseguro que su arca estar\u00e1 mejor equipada que la de No\u00e9\u00bb. Verne, que hab\u00eda visitado ya los centros de la tierra y del aire, quiso bajar a los abismos del mar. Imagin\u00f3 un personaje \u00e9pico, el atormentado capit\u00e1n Nemo, un sabio desenga\u00f1ado de la raza humana, que se mueve por una de esas obsesivas reivindicaciones tan t\u00edpicas de la novela de aventuras: la justicia implacable, no exenta de venganza, y la humillaci\u00f3n del adversario. Gracias a la labor casi policial de M. A. Navarrete, el lector podr\u00e1 penetrar al fin en la biblioteca del \u00abNautilus\u00bb, que es tanto como entrar en el coraz\u00f3n de Verne.<\/p>\n<p>Julio Verne viajaba con su imaginaci\u00f3n y gracias a \u00e9l hemos viajado nosotros tambi\u00e9n.<\/p>\n","protected":false},"excerpt":{"rendered":"<p>Cuando Verne ide\u00f3 la construcci\u00f3n del \u00abNautilus\u00bb, escribi\u00f3 a Hetzel, su editor y amigo: \u00abLe aseguro que su arca estar\u00e1 mejor equipada que la de No\u00e9\u00bb. Verne, que hab\u00eda visitado ya los centros de la tierra y del aire, quiso bajar a los abismos del mar. Imagin\u00f3 un personaje \u00e9pico, el atormentado capit\u00e1n Nemo, un [&hellip;]<\/p>\n","protected":false},"featured_media":2843,"template":"","meta":[],"product_brand":[],"product_cat":[25],"product_tag":[54,339,225,341],"class_list":{"0":"post-2839","1":"product","2":"type-product","3":"status-publish","4":"has-post-thumbnail","6":"product_cat-libros-digitales-ebooks","7":"product_tag-descargar-ebook","8":"product_tag-julio-verne","9":"product_tag-mejores-novelas","10":"product_tag-veinte-mil-leguas-de-viaje-submarino","12":"first","13":"instock","14":"shipping-taxable","15":"purchasable","16":"product-type-variable","17":"has-default-attributes"},"_links":{"self":[{"href":"https:\/\/www.taller-palabras.com\/WordPress_04\/wp-json\/wp\/v2\/product\/2839","targetHints":{"allow":["GET"]}}],"collection":[{"href":"https:\/\/www.taller-palabras.com\/WordPress_04\/wp-json\/wp\/v2\/product"}],"about":[{"href":"https:\/\/www.taller-palabras.com\/WordPress_04\/wp-json\/wp\/v2\/types\/product"}],"wp:featuredmedia":[{"embeddable":true,"href":"https:\/\/www.taller-palabras.com\/WordPress_04\/wp-json\/wp\/v2\/media\/2843"}],"wp:attachment":[{"href":"https:\/\/www.taller-palabras.com\/WordPress_04\/wp-json\/wp\/v2\/media?parent=2839"}],"wp:term":[{"taxonomy":"product_brand","embeddable":true,"href":"https:\/\/www.taller-palabras.com\/WordPress_04\/wp-json\/wp\/v2\/product_brand?post=2839"},{"taxonomy":"product_cat","embeddable":true,"href":"https:\/\/www.taller-palabras.com\/WordPress_04\/wp-json\/wp\/v2\/product_cat?post=2839"},{"taxonomy":"product_tag","embeddable":true,"href":"https:\/\/www.taller-palabras.com\/WordPress_04\/wp-json\/wp\/v2\/product_tag?post=2839"}],"curies":[{"name":"wp","href":"https:\/\/api.w.org\/{rel}","templated":true}]}}