{"id":2864,"date":"2020-12-11T18:02:35","date_gmt":"2020-12-11T21:02:35","guid":{"rendered":"https:\/\/www.taller-palabras.com\/WordPress_04\/?post_type=product&#038;p=2864"},"modified":"2024-01-20T10:48:28","modified_gmt":"2024-01-20T13:48:28","slug":"muerte-en-el-nilo-agatha-christie-ebook","status":"publish","type":"product","link":"https:\/\/www.taller-palabras.com\/WordPress_04\/producto\/muerte-en-el-nilo-agatha-christie-ebook","title":{"rendered":"Muerte en el Nilo &#8211; Agatha Christie \/ebook"},"content":{"rendered":"<figure id=\"attachment_2855\" aria-describedby=\"caption-attachment-2855\" style=\"width: 150px\" class=\"wp-caption alignleft\"><img loading=\"lazy\" decoding=\"async\" class=\"wp-image-2855 size-thumbnail\" src=\"https:\/\/www.taller-palabras.com\/WordPress_04\/wp-content\/uploads\/2020\/12\/Aghata_Christie-150x150.jpg\" alt=\"\" width=\"150\" height=\"150\" srcset=\"https:\/\/www.taller-palabras.com\/WordPress_04\/wp-content\/uploads\/2020\/12\/Aghata_Christie-150x150.jpg 150w, https:\/\/www.taller-palabras.com\/WordPress_04\/wp-content\/uploads\/2020\/12\/Aghata_Christie-100x100.jpg 100w\" sizes=\"auto, (max-width: 150px) 100vw, 150px\" \/><figcaption id=\"caption-attachment-2855\" class=\"wp-caption-text\">Autora Agatha Christie<\/figcaption><\/figure>\n<p>Durante unas placenteras vacaciones en Egipto, el detective H\u00e9rcules Poirot coincide con Linnet y Simon, unos conocidos suyos que est\u00e1n de luna de miel en el pa\u00eds de los faraones.<br \/>\nEl encanto de tan maravillosos d\u00edas se rompe cuando una ma\u00f1ana, en el transcurso de un crucero por el Nilo, la bella Linnet aparece muerta de un disparo en la cabeza.<br \/>\n\u00bfSer\u00e1 capaz Poirot de encontrar al asesino de la joven esposa? \u00bfSer\u00e1 capaz de discernir entre imaginaci\u00f3n y realidad, aun estando a bordo la ex pareja de Simon, empe\u00f1ada desde el mismo d\u00eda de la boda en arruinar su matrimonio con la desafortunada Linnet?<br \/>\nEl misterio est\u00e1 servido.<\/p>\n","protected":false},"excerpt":{"rendered":"<p>Durante unas placenteras vacaciones en Egipto, el detective H\u00e9rcules Poirot coincide con Linnet y Simon, unos conocidos suyos que est\u00e1n de luna de miel en el pa\u00eds de los faraones. El encanto de tan maravillosos d\u00edas se rompe cuando una ma\u00f1ana, en el transcurso de un crucero por el Nilo, la bella Linnet aparece muerta [&hellip;]<\/p>\n","protected":false},"featured_media":2857,"template":"","meta":[],"product_brand":[],"product_cat":[25],"product_tag":[345,54,225,344],"class_list":{"0":"post-2864","1":"product","2":"type-product","3":"status-publish","4":"has-post-thumbnail","6":"product_cat-libros-digitales-ebooks","7":"product_tag-agatha-christie","8":"product_tag-descargar-ebook","9":"product_tag-mejores-novelas","10":"product_tag-muerte-en-el-nilo","12":"first","13":"instock","14":"shipping-taxable","15":"purchasable","16":"product-type-variable","17":"has-default-attributes"},"_links":{"self":[{"href":"https:\/\/www.taller-palabras.com\/WordPress_04\/wp-json\/wp\/v2\/product\/2864","targetHints":{"allow":["GET"]}}],"collection":[{"href":"https:\/\/www.taller-palabras.com\/WordPress_04\/wp-json\/wp\/v2\/product"}],"about":[{"href":"https:\/\/www.taller-palabras.com\/WordPress_04\/wp-json\/wp\/v2\/types\/product"}],"wp:featuredmedia":[{"embeddable":true,"href":"https:\/\/www.taller-palabras.com\/WordPress_04\/wp-json\/wp\/v2\/media\/2857"}],"wp:attachment":[{"href":"https:\/\/www.taller-palabras.com\/WordPress_04\/wp-json\/wp\/v2\/media?parent=2864"}],"wp:term":[{"taxonomy":"product_brand","embeddable":true,"href":"https:\/\/www.taller-palabras.com\/WordPress_04\/wp-json\/wp\/v2\/product_brand?post=2864"},{"taxonomy":"product_cat","embeddable":true,"href":"https:\/\/www.taller-palabras.com\/WordPress_04\/wp-json\/wp\/v2\/product_cat?post=2864"},{"taxonomy":"product_tag","embeddable":true,"href":"https:\/\/www.taller-palabras.com\/WordPress_04\/wp-json\/wp\/v2\/product_tag?post=2864"}],"curies":[{"name":"wp","href":"https:\/\/api.w.org\/{rel}","templated":true}]}}