{"id":287,"date":"2018-11-01T17:53:07","date_gmt":"2018-11-01T20:53:07","guid":{"rendered":"https:\/\/www.taller-palabras.com\/WordPress_04\/?post_type=product&#038;p=287"},"modified":"2023-09-27T14:08:20","modified_gmt":"2023-09-27T17:08:20","slug":"hacia-una-tierra-de-fuego-silvana-serrano-ebook","status":"publish","type":"product","link":"https:\/\/www.taller-palabras.com\/WordPress_04\/producto\/hacia-una-tierra-de-fuego-silvana-serrano-ebook","title":{"rendered":"Hacia una tierra de fuego &#8211; Silvana Serrano  \/ebook"},"content":{"rendered":"<figure id=\"attachment_290\" aria-describedby=\"caption-attachment-290\" style=\"width: 150px\" class=\"wp-caption alignleft\"><img loading=\"lazy\" decoding=\"async\" class=\"wp-image-290 size-thumbnail\" src=\"https:\/\/www.taller-palabras.com\/WordPress_04\/wp-content\/uploads\/2018\/11\/silvanaSerrano-150x150.jpg\" alt=\"\" width=\"150\" height=\"150\" srcset=\"https:\/\/www.taller-palabras.com\/WordPress_04\/wp-content\/uploads\/2018\/11\/silvanaSerrano-150x150.jpg 150w, https:\/\/www.taller-palabras.com\/WordPress_04\/wp-content\/uploads\/2018\/11\/silvanaSerrano-300x300.jpg 300w, https:\/\/www.taller-palabras.com\/WordPress_04\/wp-content\/uploads\/2018\/11\/silvanaSerrano-324x324.jpg 324w, https:\/\/www.taller-palabras.com\/WordPress_04\/wp-content\/uploads\/2018\/11\/silvanaSerrano-416x416.jpg 416w, https:\/\/www.taller-palabras.com\/WordPress_04\/wp-content\/uploads\/2018\/11\/silvanaSerrano-100x100.jpg 100w, https:\/\/www.taller-palabras.com\/WordPress_04\/wp-content\/uploads\/2018\/11\/silvanaSerrano.jpg 709w\" sizes=\"auto, (max-width: 150px) 100vw, 150px\" \/><figcaption id=\"caption-attachment-290\" class=\"wp-caption-text\">Autora Silvana Serrano<\/figcaption><\/figure>\n<p>Puerto de Sanl\u00facar de Barrameda, Espa\u00f1a, septiembre de 1581. Caterina della Vecchia ha visto a sus padres quemarse en la hoguera de la Inquisici\u00f3n. Todav\u00eda recuerda, todav\u00eda se despierta por las noches azorada, en un grito, con la memoria viva de la pira que llamea en su retina. Junto a su hermano y a su primo han decidido embarcarse en la expedici\u00f3n que remontar\u00e1 el oc\u00e9ano para poblar el estrecho de Magallanes. Solo esa tremenda distancia garantiza el olvido. \u00c1lvaro M\u00e9ndez de Quijada y Ulloa tambi\u00e9n anhela la distancia que garantiza el olvido. La muerte de su mujer y de quien consideraba su hermano lo han expulsado de la tierra que lo vio crecer. En la misma embarcaci\u00f3n que Caterina, deber\u00e1 sortear, junto a otros memorables descastados \u2013el moro Benito Garc\u00eda, Lucrecia Guzm\u00e1n que huye de un prost\u00edbulo, la familia Pontevedra\u2013 las vicisitudes de la traves\u00eda: naves que zozobran, puertos ins\u00f3litos, muerte, amor. Y, al final, esa tierra incomparable y hostil, habitada por gigantes y fogatas. Tarde comprend\u00edan que aquellas tierras remotas no les pertenec\u00edan. La naturaleza sabia hab\u00eda tratado de advert\u00edrselo; m\u00e1s de dos a\u00f1os empe\u00f1ados en llegar al conf\u00edn que los rechazaba, en el transcurso tantas vidas perdidas. La historia escrita con nombres que nadie, jam\u00e1s, conocer\u00eda. Y ellos, que avanzaban con el \u00faltimo gramo de fe. Sin embargo aquel fuego a lo lejos dec\u00eda otra cosa: la vida se abr\u00eda camino en los confines del mundo. Otra cultura, otra raza; hombres, mujeres y ni\u00f1os danzando alrededor de una hoguera que pretend\u00eda alcanzar el cielo y dejar en \u00e9l sus plegarias. Basada en la verdadera historia de los primeros colonizadores de Tierra del Fuego, Silvana Serrano ha escrito una novela que recrea con pericia la vida de quienes son capaces de arriesgarlo todo para comenzar de nuevo.<\/p>\n","protected":false},"excerpt":{"rendered":"<p>Puerto de Sanl\u00facar de Barrameda, Espa\u00f1a, septiembre de 1581. Caterina della Vecchia ha visto a sus padres quemarse en la hoguera de la Inquisici\u00f3n. Todav\u00eda recuerda, todav\u00eda se despierta por las noches azorada, en un grito, con la memoria viva de la pira que llamea en su retina. Junto a su hermano y a su [&hellip;]<\/p>\n","protected":false},"featured_media":291,"template":"","meta":[],"product_brand":[],"product_cat":[25],"product_tag":[54,98,55,97],"class_list":{"0":"post-287","1":"product","2":"type-product","3":"status-publish","4":"has-post-thumbnail","6":"product_cat-libros-digitales-ebooks","7":"product_tag-descargar-ebook","8":"product_tag-hacia-una-tierra-de-fuego","9":"product_tag-novelas","10":"product_tag-silvana-serrano","12":"first","13":"instock","14":"shipping-taxable","15":"purchasable","16":"product-type-variable","17":"has-default-attributes"},"_links":{"self":[{"href":"https:\/\/www.taller-palabras.com\/WordPress_04\/wp-json\/wp\/v2\/product\/287","targetHints":{"allow":["GET"]}}],"collection":[{"href":"https:\/\/www.taller-palabras.com\/WordPress_04\/wp-json\/wp\/v2\/product"}],"about":[{"href":"https:\/\/www.taller-palabras.com\/WordPress_04\/wp-json\/wp\/v2\/types\/product"}],"wp:featuredmedia":[{"embeddable":true,"href":"https:\/\/www.taller-palabras.com\/WordPress_04\/wp-json\/wp\/v2\/media\/291"}],"wp:attachment":[{"href":"https:\/\/www.taller-palabras.com\/WordPress_04\/wp-json\/wp\/v2\/media?parent=287"}],"wp:term":[{"taxonomy":"product_brand","embeddable":true,"href":"https:\/\/www.taller-palabras.com\/WordPress_04\/wp-json\/wp\/v2\/product_brand?post=287"},{"taxonomy":"product_cat","embeddable":true,"href":"https:\/\/www.taller-palabras.com\/WordPress_04\/wp-json\/wp\/v2\/product_cat?post=287"},{"taxonomy":"product_tag","embeddable":true,"href":"https:\/\/www.taller-palabras.com\/WordPress_04\/wp-json\/wp\/v2\/product_tag?post=287"}],"curies":[{"name":"wp","href":"https:\/\/api.w.org\/{rel}","templated":true}]}}