{"id":2898,"date":"2020-11-24T11:25:36","date_gmt":"2020-11-24T14:25:36","guid":{"rendered":"https:\/\/www.taller-palabras.com\/WordPress_04\/?post_type=product&#038;p=2898"},"modified":"2026-03-31T12:16:24","modified_gmt":"2026-03-31T15:16:24","slug":"ficciones-jorge-luis-borges-ebook","status":"publish","type":"product","link":"https:\/\/www.taller-palabras.com\/WordPress_04\/producto\/ficciones-jorge-luis-borges-ebook","title":{"rendered":"Ficciones &#8211; Jorge Luis Borges \/ebook"},"content":{"rendered":"<figure id=\"attachment_2902\" aria-describedby=\"caption-attachment-2902\" style=\"width: 150px\" class=\"wp-caption alignleft\"><img loading=\"lazy\" decoding=\"async\" class=\"wp-image-2902 size-thumbnail\" src=\"https:\/\/www.taller-palabras.com\/WordPress_04\/wp-content\/uploads\/2020\/12\/JorgeLuisBorges-150x150.jpg\" alt=\"\" width=\"150\" height=\"150\" srcset=\"https:\/\/www.taller-palabras.com\/WordPress_04\/wp-content\/uploads\/2020\/12\/JorgeLuisBorges-150x150.jpg 150w, https:\/\/www.taller-palabras.com\/WordPress_04\/wp-content\/uploads\/2020\/12\/JorgeLuisBorges-100x100.jpg 100w\" sizes=\"auto, (max-width: 150px) 100vw, 150px\" \/><figcaption id=\"caption-attachment-2902\" class=\"wp-caption-text\">Autor Jorge Luis Borges<\/figcaption><\/figure>\n<p>El autor considerado por muchos como el escritor hispanoamericano m\u00e1s importante del siglo veinte cultiv\u00f3 la poes\u00eda, el ensayo y el cuento, alcanzando en este \u00faltimo g\u00e9nero resultados absolutamente notables tanto por su originalidad como por la perfecci\u00f3n de su prosa. En sus cuentos abord\u00f3 temas metaf\u00edsicos, alegor\u00edas, fant\u00e1sticos ensue\u00f1os y hasta historias de detectives, revelando la influencia de autores como Franz Kafka y Virginia Woolf. Este libro, publicado por primera vez en 1944, es considerado una de las obras m\u00e1s caracter\u00edsticas y significativas del autor. Estos cuentos abordan sus tem\u00e1ticas predilectas y continuamente exploran la difusa frontera que separa la realidad de la fantas\u00eda, proponiendo escenarios apasionantes que comprometen toda la atenci\u00f3n del lector por el rigor de su oficio y por la inteligencia deslumbrante que les da vida.<\/p>\n","protected":false},"excerpt":{"rendered":"<p>El autor considerado por muchos como el escritor hispanoamericano m\u00e1s importante del siglo veinte cultiv\u00f3 la poes\u00eda, el ensayo y el cuento, alcanzando en este \u00faltimo g\u00e9nero resultados absolutamente notables tanto por su originalidad como por la perfecci\u00f3n de su prosa. En sus cuentos abord\u00f3 temas metaf\u00edsicos, alegor\u00edas, fant\u00e1sticos ensue\u00f1os y hasta historias de detectives, [&hellip;]<\/p>\n","protected":false},"featured_media":2904,"template":"","meta":[],"product_brand":[1706],"product_cat":[25],"product_tag":[54,347,346,225],"class_list":{"0":"post-2898","1":"product","2":"type-product","3":"status-publish","4":"has-post-thumbnail","6":"product_brand-grupo1","7":"product_cat-libros-digitales-ebooks","8":"product_tag-descargar-ebook","9":"product_tag-ficciones","10":"product_tag-jorge-luis-borges","11":"product_tag-mejores-novelas","13":"first","14":"instock","15":"shipping-taxable","16":"purchasable","17":"product-type-variable","18":"has-default-attributes"},"_links":{"self":[{"href":"https:\/\/www.taller-palabras.com\/WordPress_04\/wp-json\/wp\/v2\/product\/2898","targetHints":{"allow":["GET"]}}],"collection":[{"href":"https:\/\/www.taller-palabras.com\/WordPress_04\/wp-json\/wp\/v2\/product"}],"about":[{"href":"https:\/\/www.taller-palabras.com\/WordPress_04\/wp-json\/wp\/v2\/types\/product"}],"wp:featuredmedia":[{"embeddable":true,"href":"https:\/\/www.taller-palabras.com\/WordPress_04\/wp-json\/wp\/v2\/media\/2904"}],"wp:attachment":[{"href":"https:\/\/www.taller-palabras.com\/WordPress_04\/wp-json\/wp\/v2\/media?parent=2898"}],"wp:term":[{"taxonomy":"product_brand","embeddable":true,"href":"https:\/\/www.taller-palabras.com\/WordPress_04\/wp-json\/wp\/v2\/product_brand?post=2898"},{"taxonomy":"product_cat","embeddable":true,"href":"https:\/\/www.taller-palabras.com\/WordPress_04\/wp-json\/wp\/v2\/product_cat?post=2898"},{"taxonomy":"product_tag","embeddable":true,"href":"https:\/\/www.taller-palabras.com\/WordPress_04\/wp-json\/wp\/v2\/product_tag?post=2898"}],"curies":[{"name":"wp","href":"https:\/\/api.w.org\/{rel}","templated":true}]}}