{"id":2912,"date":"2021-02-11T10:50:52","date_gmt":"2021-02-11T13:50:52","guid":{"rendered":"https:\/\/www.taller-palabras.com\/WordPress_04\/?post_type=product&#038;p=2912"},"modified":"2026-03-31T12:12:36","modified_gmt":"2026-03-31T15:12:36","slug":"rayuela-julio-cortazar-ebook","status":"publish","type":"product","link":"https:\/\/www.taller-palabras.com\/WordPress_04\/producto\/rayuela-julio-cortazar-ebook","title":{"rendered":"Rayuela &#8211; Julio Cortazar \/ebook"},"content":{"rendered":"<figure id=\"attachment_2903\" aria-describedby=\"caption-attachment-2903\" style=\"width: 150px\" class=\"wp-caption alignleft\"><img loading=\"lazy\" decoding=\"async\" class=\"wp-image-2903 size-thumbnail\" src=\"https:\/\/www.taller-palabras.com\/WordPress_04\/wp-content\/uploads\/2020\/12\/Julio_Cortazar-150x150.jpg\" alt=\"\" width=\"150\" height=\"150\" srcset=\"https:\/\/www.taller-palabras.com\/WordPress_04\/wp-content\/uploads\/2020\/12\/Julio_Cortazar-150x150.jpg 150w, https:\/\/www.taller-palabras.com\/WordPress_04\/wp-content\/uploads\/2020\/12\/Julio_Cortazar-100x100.jpg 100w\" sizes=\"auto, (max-width: 150px) 100vw, 150px\" \/><figcaption id=\"caption-attachment-2903\" class=\"wp-caption-text\">Autor julio Cort\u00e1zar<\/figcaption><\/figure>\n<p>El amor turbulento de Oliveira y La Maga, los amigos del Club de la Serpiente, los caminos por Par\u00eds en busca del cielo y el infierno tienen su contracara en la aventura sim\u00e9trica de Oliveira, Talita y Traveler en una Buenos Aires te\u00f1ida por el recuerdo.<br \/>\nEl orden de una historia y el lenguaje para contarla es transgredido, resultando un libro \u00fanico, abierto a m\u00faltiples lecturas, lleno de humor, riesgo y una originalidad sin precedentes.<\/p>\n","protected":false},"excerpt":{"rendered":"<p>El amor turbulento de Oliveira y La Maga, los amigos del Club de la Serpiente, los caminos por Par\u00eds en busca del cielo y el infierno tienen su contracara en la aventura sim\u00e9trica de Oliveira, Talita y Traveler en una Buenos Aires te\u00f1ida por el recuerdo. El orden de una historia y el lenguaje para [&hellip;]<\/p>\n","protected":false},"featured_media":2905,"template":"","meta":[],"product_brand":[1706],"product_cat":[25],"product_tag":[54,348,225,349],"class_list":{"0":"post-2912","1":"product","2":"type-product","3":"status-publish","4":"has-post-thumbnail","6":"product_brand-grupo1","7":"product_cat-libros-digitales-ebooks","8":"product_tag-descargar-ebook","9":"product_tag-julio-cortazar","10":"product_tag-mejores-novelas","11":"product_tag-rayuela","13":"first","14":"instock","15":"shipping-taxable","16":"purchasable","17":"product-type-variable","18":"has-default-attributes"},"_links":{"self":[{"href":"https:\/\/www.taller-palabras.com\/WordPress_04\/wp-json\/wp\/v2\/product\/2912","targetHints":{"allow":["GET"]}}],"collection":[{"href":"https:\/\/www.taller-palabras.com\/WordPress_04\/wp-json\/wp\/v2\/product"}],"about":[{"href":"https:\/\/www.taller-palabras.com\/WordPress_04\/wp-json\/wp\/v2\/types\/product"}],"wp:featuredmedia":[{"embeddable":true,"href":"https:\/\/www.taller-palabras.com\/WordPress_04\/wp-json\/wp\/v2\/media\/2905"}],"wp:attachment":[{"href":"https:\/\/www.taller-palabras.com\/WordPress_04\/wp-json\/wp\/v2\/media?parent=2912"}],"wp:term":[{"taxonomy":"product_brand","embeddable":true,"href":"https:\/\/www.taller-palabras.com\/WordPress_04\/wp-json\/wp\/v2\/product_brand?post=2912"},{"taxonomy":"product_cat","embeddable":true,"href":"https:\/\/www.taller-palabras.com\/WordPress_04\/wp-json\/wp\/v2\/product_cat?post=2912"},{"taxonomy":"product_tag","embeddable":true,"href":"https:\/\/www.taller-palabras.com\/WordPress_04\/wp-json\/wp\/v2\/product_tag?post=2912"}],"curies":[{"name":"wp","href":"https:\/\/api.w.org\/{rel}","templated":true}]}}