{"id":2962,"date":"2021-01-12T09:41:24","date_gmt":"2021-01-12T12:41:24","guid":{"rendered":"https:\/\/www.taller-palabras.com\/WordPress_04\/?post_type=product&#038;p=2962"},"modified":"2024-01-27T12:07:47","modified_gmt":"2024-01-27T15:07:47","slug":"como-agua-para-chocolate-laura-esquivel-ebook","status":"publish","type":"product","link":"https:\/\/www.taller-palabras.com\/WordPress_04\/producto\/como-agua-para-chocolate-laura-esquivel-ebook","title":{"rendered":"Como agua para chocolate &#8211; Laura Esquivel \/ebook"},"content":{"rendered":"<figure id=\"attachment_2966\" aria-describedby=\"caption-attachment-2966\" style=\"width: 150px\" class=\"wp-caption alignleft\"><img loading=\"lazy\" decoding=\"async\" class=\"wp-image-2966 size-thumbnail\" src=\"https:\/\/www.taller-palabras.com\/WordPress_04\/wp-content\/uploads\/2021\/01\/Laura_Esquivel-150x150.jpg\" alt=\"\" width=\"150\" height=\"150\" srcset=\"https:\/\/www.taller-palabras.com\/WordPress_04\/wp-content\/uploads\/2021\/01\/Laura_Esquivel-150x150.jpg 150w, https:\/\/www.taller-palabras.com\/WordPress_04\/wp-content\/uploads\/2021\/01\/Laura_Esquivel-100x100.jpg 100w\" sizes=\"auto, (max-width: 150px) 100vw, 150px\" \/><figcaption id=\"caption-attachment-2966\" class=\"wp-caption-text\">Autora Laura Esquivel<\/figcaption><\/figure>\n<p>Una novela sorprendente, inolvidable, cuyo tema gira en torno a un amor imposible para cuya consecuci\u00f3n la protagonista recurrir\u00e1 a las artes culinaras. Bajo la apariencia de un follet\u00edn por entregas y encabezando cada cap\u00edtulo con una receta, esta historia m\u00e1gica convierte la gastronom\u00eda en un c\u00f3digo de sensualidad cargado de penetrantes aromas, de colores deslumbrantes. Tita es la peque\u00f1a, vive en un rancho con sus hermanas y sus sirvientas, y pese a saberse condenada a no poder gozar del amor por tener que hacerse cargo de su madre, no renunciar\u00e1 a Pedro. \u00c9l tambi\u00e9n la ama, pero se casar\u00e1 con su hermana Rosaura para poder seguir cerca de ella. Tita se refugia en la cocina y se entrega a la elaboraci\u00f3n de platos m\u00e1gicos capaces de transformar las emociones y el comportamiento de quienes los prueban, a la espera de que su tr\u00e1gico destino se cumpla.<\/p>\n","protected":false},"excerpt":{"rendered":"<p>Una novela sorprendente, inolvidable, cuyo tema gira en torno a un amor imposible para cuya consecuci\u00f3n la protagonista recurrir\u00e1 a las artes culinaras. Bajo la apariencia de un follet\u00edn por entregas y encabezando cada cap\u00edtulo con una receta, esta historia m\u00e1gica convierte la gastronom\u00eda en un c\u00f3digo de sensualidad cargado de penetrantes aromas, de colores [&hellip;]<\/p>\n","protected":false},"featured_media":2947,"template":"","meta":[],"product_brand":[],"product_cat":[25],"product_tag":[356,54,355,225],"class_list":{"0":"post-2962","1":"product","2":"type-product","3":"status-publish","4":"has-post-thumbnail","6":"product_cat-libros-digitales-ebooks","7":"product_tag-como-agua-para-chocolate","8":"product_tag-descargar-ebook","9":"product_tag-laura-esquivel","10":"product_tag-mejores-novelas","12":"first","13":"instock","14":"shipping-taxable","15":"purchasable","16":"product-type-variable","17":"has-default-attributes"},"_links":{"self":[{"href":"https:\/\/www.taller-palabras.com\/WordPress_04\/wp-json\/wp\/v2\/product\/2962","targetHints":{"allow":["GET"]}}],"collection":[{"href":"https:\/\/www.taller-palabras.com\/WordPress_04\/wp-json\/wp\/v2\/product"}],"about":[{"href":"https:\/\/www.taller-palabras.com\/WordPress_04\/wp-json\/wp\/v2\/types\/product"}],"wp:featuredmedia":[{"embeddable":true,"href":"https:\/\/www.taller-palabras.com\/WordPress_04\/wp-json\/wp\/v2\/media\/2947"}],"wp:attachment":[{"href":"https:\/\/www.taller-palabras.com\/WordPress_04\/wp-json\/wp\/v2\/media?parent=2962"}],"wp:term":[{"taxonomy":"product_brand","embeddable":true,"href":"https:\/\/www.taller-palabras.com\/WordPress_04\/wp-json\/wp\/v2\/product_brand?post=2962"},{"taxonomy":"product_cat","embeddable":true,"href":"https:\/\/www.taller-palabras.com\/WordPress_04\/wp-json\/wp\/v2\/product_cat?post=2962"},{"taxonomy":"product_tag","embeddable":true,"href":"https:\/\/www.taller-palabras.com\/WordPress_04\/wp-json\/wp\/v2\/product_tag?post=2962"}],"curies":[{"name":"wp","href":"https:\/\/api.w.org\/{rel}","templated":true}]}}