{"id":2978,"date":"2021-01-12T09:55:11","date_gmt":"2021-01-12T12:55:11","guid":{"rendered":"https:\/\/www.taller-palabras.com\/WordPress_04\/?post_type=product&#038;p=2978"},"modified":"2024-01-28T11:26:47","modified_gmt":"2024-01-28T14:26:47","slug":"memorias-de-una-geisha-arthur-golden-ebook","status":"publish","type":"product","link":"https:\/\/www.taller-palabras.com\/WordPress_04\/producto\/memorias-de-una-geisha-arthur-golden-ebook","title":{"rendered":"Memorias de una geisha &#8211; Arthur Golden \/ebook"},"content":{"rendered":"<figure id=\"attachment_2982\" aria-describedby=\"caption-attachment-2982\" style=\"width: 150px\" class=\"wp-caption alignleft\"><img loading=\"lazy\" decoding=\"async\" class=\"wp-image-2982 size-thumbnail\" src=\"https:\/\/www.taller-palabras.com\/WordPress_04\/wp-content\/uploads\/2021\/01\/Arthur-Golden-150x150.jpg\" alt=\"\" width=\"150\" height=\"150\" srcset=\"https:\/\/www.taller-palabras.com\/WordPress_04\/wp-content\/uploads\/2021\/01\/Arthur-Golden-150x150.jpg 150w, https:\/\/www.taller-palabras.com\/WordPress_04\/wp-content\/uploads\/2021\/01\/Arthur-Golden-100x100.jpg 100w\" sizes=\"auto, (max-width: 150px) 100vw, 150px\" \/><figcaption id=\"caption-attachment-2982\" class=\"wp-caption-text\">Autor Arthur Golden<\/figcaption><\/figure>\n<p>En esta maravillosa novela escuchamos las confesiones de Sayuri, una de las m\u00e1s hermosas geishas del Jap\u00f3n de entreguerras, un pa\u00eds en el que a\u00fan resonaban los ecos feudales y donde las tradiciones ancestrales empezaban a convivir con los modos occidentales. De la mano de Sayuri entraremos en un mundo secreto dominado por las pasiones y sostenido por las apariencias, donde sensualidad y belleza no pueden separarse de la degradaci\u00f3n y el sometimiento: un mundo en el que las j\u00f3venes aspirantes a geishas son duramente adiestradas en el arte de la seducci\u00f3n, en el que su virginidad se vender\u00e1 al mejor postor y donde tendr\u00e1n que convencerse de que, para ellas, el amor no es m\u00e1s que un espejismo.<\/p>\n","protected":false},"excerpt":{"rendered":"<p>En esta maravillosa novela escuchamos las confesiones de Sayuri, una de las m\u00e1s hermosas geishas del Jap\u00f3n de entreguerras, un pa\u00eds en el que a\u00fan resonaban los ecos feudales y donde las tradiciones ancestrales empezaban a convivir con los modos occidentales. De la mano de Sayuri entraremos en un mundo secreto dominado por las pasiones [&hellip;]<\/p>\n","protected":false},"featured_media":2952,"template":"","meta":[],"product_brand":[],"product_cat":[25],"product_tag":[359,54,225,360],"class_list":{"0":"post-2978","1":"product","2":"type-product","3":"status-publish","4":"has-post-thumbnail","6":"product_cat-libros-digitales-ebooks","7":"product_tag-arthur-golden","8":"product_tag-descargar-ebook","9":"product_tag-mejores-novelas","10":"product_tag-memorias-de-una-geisha","12":"first","13":"instock","14":"shipping-taxable","15":"purchasable","16":"product-type-variable","17":"has-default-attributes"},"_links":{"self":[{"href":"https:\/\/www.taller-palabras.com\/WordPress_04\/wp-json\/wp\/v2\/product\/2978","targetHints":{"allow":["GET"]}}],"collection":[{"href":"https:\/\/www.taller-palabras.com\/WordPress_04\/wp-json\/wp\/v2\/product"}],"about":[{"href":"https:\/\/www.taller-palabras.com\/WordPress_04\/wp-json\/wp\/v2\/types\/product"}],"wp:featuredmedia":[{"embeddable":true,"href":"https:\/\/www.taller-palabras.com\/WordPress_04\/wp-json\/wp\/v2\/media\/2952"}],"wp:attachment":[{"href":"https:\/\/www.taller-palabras.com\/WordPress_04\/wp-json\/wp\/v2\/media?parent=2978"}],"wp:term":[{"taxonomy":"product_brand","embeddable":true,"href":"https:\/\/www.taller-palabras.com\/WordPress_04\/wp-json\/wp\/v2\/product_brand?post=2978"},{"taxonomy":"product_cat","embeddable":true,"href":"https:\/\/www.taller-palabras.com\/WordPress_04\/wp-json\/wp\/v2\/product_cat?post=2978"},{"taxonomy":"product_tag","embeddable":true,"href":"https:\/\/www.taller-palabras.com\/WordPress_04\/wp-json\/wp\/v2\/product_tag?post=2978"}],"curies":[{"name":"wp","href":"https:\/\/api.w.org\/{rel}","templated":true}]}}