{"id":2986,"date":"2021-01-12T10:19:55","date_gmt":"2021-01-12T13:19:55","guid":{"rendered":"https:\/\/www.taller-palabras.com\/WordPress_04\/?post_type=product&#038;p=2986"},"modified":"2023-10-25T14:16:40","modified_gmt":"2023-10-25T17:16:40","slug":"me-llamo-rojo-orhan-pamuk-ebook","status":"publish","type":"product","link":"https:\/\/www.taller-palabras.com\/WordPress_04\/producto\/me-llamo-rojo-orhan-pamuk-ebook","title":{"rendered":"Me llamo Rojo &#8211; Orhan Pamuk \/ebook"},"content":{"rendered":"<figure id=\"attachment_891\" aria-describedby=\"caption-attachment-891\" style=\"width: 150px\" class=\"wp-caption alignleft\"><img loading=\"lazy\" decoding=\"async\" class=\"wp-image-891 size-thumbnail\" src=\"https:\/\/www.taller-palabras.com\/WordPress_04\/wp-content\/uploads\/2020\/01\/orhanPamuk-150x150.jpg\" alt=\"\" width=\"150\" height=\"150\" srcset=\"https:\/\/www.taller-palabras.com\/WordPress_04\/wp-content\/uploads\/2020\/01\/orhanPamuk-150x150.jpg 150w, https:\/\/www.taller-palabras.com\/WordPress_04\/wp-content\/uploads\/2020\/01\/orhanPamuk-324x324.jpg 324w, https:\/\/www.taller-palabras.com\/WordPress_04\/wp-content\/uploads\/2020\/01\/orhanPamuk-100x100.jpg 100w\" sizes=\"auto, (max-width: 150px) 100vw, 150px\" \/><figcaption id=\"caption-attachment-891\" class=\"wp-caption-text\">Autor Orhan Pamuk<\/figcaption><\/figure>\n<p>\u00abUna intriga singular, suntuosa, de largo aliento.\u00bb John Updike, The New Yorker El Sult\u00e1n ha pedido a los artistas m\u00e1s reputados del pa\u00eds un gran libro que celebre las glorias de su reino. Su tarea ser\u00e1 iluminar esa obra al estilo europeo. Pero como el arte figurativo puede ser considerado una ofensa al Islam, el encargo se convierte a todas luces en una proposici\u00f3n peligrosa. La \u00e9lite gobernante no debe conocer el alcance ni la naturaleza de ese proyecto, y el p\u00e1nico estalla cuando uno de los miniaturistas desaparece. La \u00fanica pista para resolver el misterio \u2014\u00bfquiz\u00e1 un crimen?\u2014 reside en las miniaturas inacabadas. Me llamo Rojo es un viaje caleidosc\u00f3pico al terreno fronterizo entre el arte, la religi\u00f3n, el amor, el sexo y el poder.<\/p>\n","protected":false},"excerpt":{"rendered":"<p>\u00abUna intriga singular, suntuosa, de largo aliento.\u00bb John Updike, The New Yorker El Sult\u00e1n ha pedido a los artistas m\u00e1s reputados del pa\u00eds un gran libro que celebre las glorias de su reino. Su tarea ser\u00e1 iluminar esa obra al estilo europeo. Pero como el arte figurativo puede ser considerado una ofensa al Islam, el [&hellip;]<\/p>\n","protected":false},"featured_media":2951,"template":"","meta":[],"product_brand":[],"product_cat":[25],"product_tag":[54,361,225,218],"class_list":{"0":"post-2986","1":"product","2":"type-product","3":"status-publish","4":"has-post-thumbnail","6":"product_cat-libros-digitales-ebooks","7":"product_tag-descargar-ebook","8":"product_tag-me-llamo-rojo","9":"product_tag-mejores-novelas","10":"product_tag-orhan-pamuk","12":"first","13":"instock","14":"shipping-taxable","15":"purchasable","16":"product-type-variable","17":"has-default-attributes"},"_links":{"self":[{"href":"https:\/\/www.taller-palabras.com\/WordPress_04\/wp-json\/wp\/v2\/product\/2986","targetHints":{"allow":["GET"]}}],"collection":[{"href":"https:\/\/www.taller-palabras.com\/WordPress_04\/wp-json\/wp\/v2\/product"}],"about":[{"href":"https:\/\/www.taller-palabras.com\/WordPress_04\/wp-json\/wp\/v2\/types\/product"}],"wp:featuredmedia":[{"embeddable":true,"href":"https:\/\/www.taller-palabras.com\/WordPress_04\/wp-json\/wp\/v2\/media\/2951"}],"wp:attachment":[{"href":"https:\/\/www.taller-palabras.com\/WordPress_04\/wp-json\/wp\/v2\/media?parent=2986"}],"wp:term":[{"taxonomy":"product_brand","embeddable":true,"href":"https:\/\/www.taller-palabras.com\/WordPress_04\/wp-json\/wp\/v2\/product_brand?post=2986"},{"taxonomy":"product_cat","embeddable":true,"href":"https:\/\/www.taller-palabras.com\/WordPress_04\/wp-json\/wp\/v2\/product_cat?post=2986"},{"taxonomy":"product_tag","embeddable":true,"href":"https:\/\/www.taller-palabras.com\/WordPress_04\/wp-json\/wp\/v2\/product_tag?post=2986"}],"curies":[{"name":"wp","href":"https:\/\/api.w.org\/{rel}","templated":true}]}}