{"id":3003,"date":"2021-01-19T08:52:33","date_gmt":"2021-01-19T11:52:33","guid":{"rendered":"https:\/\/www.taller-palabras.com\/WordPress_04\/?post_type=product&#038;p=3003"},"modified":"2024-01-28T12:25:15","modified_gmt":"2024-01-28T15:25:15","slug":"ulises-james-joyce-ebook","status":"publish","type":"product","link":"https:\/\/www.taller-palabras.com\/WordPress_04\/producto\/ulises-james-joyce-ebook","title":{"rendered":"Ulises &#8211; James Joyce \/ebook"},"content":{"rendered":"<figure id=\"attachment_3016\" aria-describedby=\"caption-attachment-3016\" style=\"width: 150px\" class=\"wp-caption alignleft\"><img loading=\"lazy\" decoding=\"async\" class=\"wp-image-3016 size-thumbnail\" src=\"https:\/\/www.taller-palabras.com\/WordPress_04\/wp-content\/uploads\/2021\/01\/JamesJoise-150x150.jpg\" alt=\"\" width=\"150\" height=\"150\" srcset=\"https:\/\/www.taller-palabras.com\/WordPress_04\/wp-content\/uploads\/2021\/01\/JamesJoise-150x150.jpg 150w, https:\/\/www.taller-palabras.com\/WordPress_04\/wp-content\/uploads\/2021\/01\/JamesJoise-100x100.jpg 100w\" sizes=\"auto, (max-width: 150px) 100vw, 150px\" \/><figcaption id=\"caption-attachment-3016\" class=\"wp-caption-text\">Autor James Joise<\/figcaption><\/figure>\n<p>La obra monumental de James Joyce. Ulises es el relato de un d\u00eda en la vida de 3 personajes: Leopold Bloom, su mujer Molly y el joven Stephen Dedalus. Un viaje de un d\u00eda, una Odisea inversa, en la que los temas t\u00f3picamente hom\u00e9ricos se invierten y subvierten a trav\u00e9s de un grupo decididamente antiheroico cuya tragedia raya la comicidad. Relato par\u00f3dico de la \u00e9pica de la condici\u00f3n humana y de Dubl\u00edn y sus buenas costumbres cuya estructura, desbordantemente vanguardista, avisa a cada rato de su dificultad y exige la m\u00e1xima dedicaci\u00f3n. Ulises es un libro altisonante, soez y erudito donde los haya que ofrece una literatura distinta, extra\u00f1a, ocasionalmente molesta y sin duda excepcional.<\/p>\n","protected":false},"excerpt":{"rendered":"<p>La obra monumental de James Joyce. Ulises es el relato de un d\u00eda en la vida de 3 personajes: Leopold Bloom, su mujer Molly y el joven Stephen Dedalus. Un viaje de un d\u00eda, una Odisea inversa, en la que los temas t\u00f3picamente hom\u00e9ricos se invierten y subvierten a trav\u00e9s de un grupo decididamente antiheroico [&hellip;]<\/p>\n","protected":false},"featured_media":3014,"template":"","meta":[],"product_brand":[],"product_cat":[25],"product_tag":[54,364,225,365],"class_list":{"0":"post-3003","1":"product","2":"type-product","3":"status-publish","4":"has-post-thumbnail","6":"product_cat-libros-digitales-ebooks","7":"product_tag-descargar-ebook","8":"product_tag-james-joise","9":"product_tag-mejores-novelas","10":"product_tag-ulises","12":"first","13":"instock","14":"shipping-taxable","15":"purchasable","16":"product-type-variable","17":"has-default-attributes"},"_links":{"self":[{"href":"https:\/\/www.taller-palabras.com\/WordPress_04\/wp-json\/wp\/v2\/product\/3003","targetHints":{"allow":["GET"]}}],"collection":[{"href":"https:\/\/www.taller-palabras.com\/WordPress_04\/wp-json\/wp\/v2\/product"}],"about":[{"href":"https:\/\/www.taller-palabras.com\/WordPress_04\/wp-json\/wp\/v2\/types\/product"}],"wp:featuredmedia":[{"embeddable":true,"href":"https:\/\/www.taller-palabras.com\/WordPress_04\/wp-json\/wp\/v2\/media\/3014"}],"wp:attachment":[{"href":"https:\/\/www.taller-palabras.com\/WordPress_04\/wp-json\/wp\/v2\/media?parent=3003"}],"wp:term":[{"taxonomy":"product_brand","embeddable":true,"href":"https:\/\/www.taller-palabras.com\/WordPress_04\/wp-json\/wp\/v2\/product_brand?post=3003"},{"taxonomy":"product_cat","embeddable":true,"href":"https:\/\/www.taller-palabras.com\/WordPress_04\/wp-json\/wp\/v2\/product_cat?post=3003"},{"taxonomy":"product_tag","embeddable":true,"href":"https:\/\/www.taller-palabras.com\/WordPress_04\/wp-json\/wp\/v2\/product_tag?post=3003"}],"curies":[{"name":"wp","href":"https:\/\/api.w.org\/{rel}","templated":true}]}}