{"id":301,"date":"2018-11-01T18:24:42","date_gmt":"2018-11-01T21:24:42","guid":{"rendered":"https:\/\/www.taller-palabras.com\/WordPress_04\/?post_type=product&#038;p=301"},"modified":"2023-09-27T14:32:10","modified_gmt":"2023-09-27T17:32:10","slug":"la-maestra-de-la-laguna-gloria-v-casanas-ebook","status":"publish","type":"product","link":"https:\/\/www.taller-palabras.com\/WordPress_04\/producto\/la-maestra-de-la-laguna-gloria-v-casanas-ebook","title":{"rendered":"La maestra de la laguna &#8211; Gloria V. Casa\u00f1as  \/ebook"},"content":{"rendered":"<figure id=\"attachment_124\" aria-describedby=\"caption-attachment-124\" style=\"width: 150px\" class=\"wp-caption alignleft\"><img loading=\"lazy\" decoding=\"async\" class=\"wp-image-124 size-thumbnail\" src=\"https:\/\/www.taller-palabras.com\/WordPress_04\/wp-content\/uploads\/2018\/10\/Gloria-V.-Casanas-150x150.jpg\" alt=\"\" width=\"150\" height=\"150\" srcset=\"https:\/\/www.taller-palabras.com\/WordPress_04\/wp-content\/uploads\/2018\/10\/Gloria-V.-Casanas-150x150.jpg 150w, https:\/\/www.taller-palabras.com\/WordPress_04\/wp-content\/uploads\/2018\/10\/Gloria-V.-Casanas-100x100.jpg 100w\" sizes=\"auto, (max-width: 150px) 100vw, 150px\" \/><figcaption id=\"caption-attachment-124\" class=\"wp-caption-text\">Autora Gloria V. Casa\u00f1as<\/figcaption><\/figure>\n<p>Elizabeth O&#8217;Connor, una de las maestras norteamericanas que Sarmiento consigue traer a la Argentina, no sospecha hasta qu\u00e9 punto aquella empresa sobrepasa sus expectativas. Valiente, culta y decidida, su sangre irlandesa es puesta a prueba m\u00e1s de una vez, tanto en la Gran Aldea que sigue siendo Buenos Aires, como en la pampa brava, donde el eco de los malones resuena a\u00fan, a la luz de la estrella del gran Calfucur\u00e1. La joven maestra trae consigo la nueva ense\u00f1anza, pero ignora que bajo la Cruz del Sur existen otras lecciones que ella debe aprender, en una sociedad salvaje donde las reglas son escritas con sangre y en la que los c\u00f3digos del amor son muy distintos a los de su Massachusetts natal. Mientras tanto, en el R\u00edo de la Plata, un hombre de alcurnia que busca olvidar su condici\u00f3n y hundirse en el oprobio, lejos de la sociedad que lo vio nacer, es sin duda un condenado, pero&#8230; no hay condenado que no desee la salvaci\u00f3n. \u00bfPodr\u00e1 una mujer civilizada, sin otras armas que su educaci\u00f3n y su perseverancia, redimir al alma m\u00e1s oscura?<\/p>\n","protected":false},"excerpt":{"rendered":"<p>Elizabeth O&#8217;Connor, una de las maestras norteamericanas que Sarmiento consigue traer a la Argentina, no sospecha hasta qu\u00e9 punto aquella empresa sobrepasa sus expectativas. Valiente, culta y decidida, su sangre irlandesa es puesta a prueba m\u00e1s de una vez, tanto en la Gran Aldea que sigue siendo Buenos Aires, como en la pampa brava, donde [&hellip;]<\/p>\n","protected":false},"featured_media":302,"template":"","meta":[],"product_brand":[],"product_cat":[25],"product_tag":[54,58,99,55],"class_list":{"0":"post-301","1":"product","2":"type-product","3":"status-publish","4":"has-post-thumbnail","6":"product_cat-libros-digitales-ebooks","7":"product_tag-descargar-ebook","8":"product_tag-gloria-casanas","9":"product_tag-la-maestra-de-la-laguna","10":"product_tag-novelas","12":"first","13":"instock","14":"shipping-taxable","15":"purchasable","16":"product-type-variable","17":"has-default-attributes"},"_links":{"self":[{"href":"https:\/\/www.taller-palabras.com\/WordPress_04\/wp-json\/wp\/v2\/product\/301","targetHints":{"allow":["GET"]}}],"collection":[{"href":"https:\/\/www.taller-palabras.com\/WordPress_04\/wp-json\/wp\/v2\/product"}],"about":[{"href":"https:\/\/www.taller-palabras.com\/WordPress_04\/wp-json\/wp\/v2\/types\/product"}],"wp:featuredmedia":[{"embeddable":true,"href":"https:\/\/www.taller-palabras.com\/WordPress_04\/wp-json\/wp\/v2\/media\/302"}],"wp:attachment":[{"href":"https:\/\/www.taller-palabras.com\/WordPress_04\/wp-json\/wp\/v2\/media?parent=301"}],"wp:term":[{"taxonomy":"product_brand","embeddable":true,"href":"https:\/\/www.taller-palabras.com\/WordPress_04\/wp-json\/wp\/v2\/product_brand?post=301"},{"taxonomy":"product_cat","embeddable":true,"href":"https:\/\/www.taller-palabras.com\/WordPress_04\/wp-json\/wp\/v2\/product_cat?post=301"},{"taxonomy":"product_tag","embeddable":true,"href":"https:\/\/www.taller-palabras.com\/WordPress_04\/wp-json\/wp\/v2\/product_tag?post=301"}],"curies":[{"name":"wp","href":"https:\/\/api.w.org\/{rel}","templated":true}]}}