{"id":3054,"date":"2021-02-04T10:09:00","date_gmt":"2021-02-04T13:09:00","guid":{"rendered":"https:\/\/www.taller-palabras.com\/WordPress_04\/?post_type=product&#038;p=3054"},"modified":"2024-01-31T11:31:04","modified_gmt":"2024-01-31T14:31:04","slug":"un-amante-de-ensueno-sherrily-kenyon-ebook","status":"publish","type":"product","link":"https:\/\/www.taller-palabras.com\/WordPress_04\/producto\/un-amante-de-ensueno-sherrily-kenyon-ebook","title":{"rendered":"Saga: Un amante de ensue\u00f1o (1) &#8211; Sherrilyn Kenyon \/ebook"},"content":{"rendered":"<figure id=\"attachment_3062\" aria-describedby=\"caption-attachment-3062\" style=\"width: 150px\" class=\"wp-caption alignleft\"><img loading=\"lazy\" decoding=\"async\" class=\"wp-image-3062 size-thumbnail\" src=\"https:\/\/www.taller-palabras.com\/WordPress_04\/wp-content\/uploads\/2021\/02\/Sherrily-Kenyon-150x150.jpg\" alt=\"\" width=\"150\" height=\"150\" srcset=\"https:\/\/www.taller-palabras.com\/WordPress_04\/wp-content\/uploads\/2021\/02\/Sherrily-Kenyon-150x150.jpg 150w, https:\/\/www.taller-palabras.com\/WordPress_04\/wp-content\/uploads\/2021\/02\/Sherrily-Kenyon-100x100.jpg 100w\" sizes=\"auto, (max-width: 150px) 100vw, 150px\" \/><figcaption id=\"caption-attachment-3062\" class=\"wp-caption-text\">Autora Sherrily Kenyon<\/figcaption><\/figure>\n<p>La extra\u00f1a maldici\u00f3n que pesa sobre Julian de Macedonia desde hace 2.000 a\u00f1os le ha condenado a pasar la eternidad atrapado en un libro hasta que una mujer le invoque para satisfacer sus deseos. Esclavo sexual, al fin y al cabo, Julian ha tenido mucho tiempo para perfeccionar sus habilidades y es capaz de hacer realidad las fantas\u00edas m\u00e1s secretas de cualquier mujer para proporcionarle un placer inimaginable.<\/p>\n","protected":false},"excerpt":{"rendered":"<p>La extra\u00f1a maldici\u00f3n que pesa sobre Julian de Macedonia desde hace 2.000 a\u00f1os le ha condenado a pasar la eternidad atrapado en un libro hasta que una mujer le invoque para satisfacer sus deseos. Esclavo sexual, al fin y al cabo, Julian ha tenido mucho tiempo para perfeccionar sus habilidades y es capaz de hacer [&hellip;]<\/p>\n","protected":false},"featured_media":3063,"template":"","meta":[],"product_brand":[],"product_cat":[25,47],"product_tag":[54,371,370],"class_list":{"0":"post-3054","1":"product","2":"type-product","3":"status-publish","4":"has-post-thumbnail","6":"product_cat-libros-digitales-ebooks","7":"product_cat-libros-digitales-sagas","8":"product_tag-descargar-ebook","9":"product_tag-sherrily-kenyon","10":"product_tag-un-amante-de-ensueno","12":"first","13":"instock","14":"shipping-taxable","15":"purchasable","16":"product-type-variable","17":"has-default-attributes"},"_links":{"self":[{"href":"https:\/\/www.taller-palabras.com\/WordPress_04\/wp-json\/wp\/v2\/product\/3054","targetHints":{"allow":["GET"]}}],"collection":[{"href":"https:\/\/www.taller-palabras.com\/WordPress_04\/wp-json\/wp\/v2\/product"}],"about":[{"href":"https:\/\/www.taller-palabras.com\/WordPress_04\/wp-json\/wp\/v2\/types\/product"}],"wp:featuredmedia":[{"embeddable":true,"href":"https:\/\/www.taller-palabras.com\/WordPress_04\/wp-json\/wp\/v2\/media\/3063"}],"wp:attachment":[{"href":"https:\/\/www.taller-palabras.com\/WordPress_04\/wp-json\/wp\/v2\/media?parent=3054"}],"wp:term":[{"taxonomy":"product_brand","embeddable":true,"href":"https:\/\/www.taller-palabras.com\/WordPress_04\/wp-json\/wp\/v2\/product_brand?post=3054"},{"taxonomy":"product_cat","embeddable":true,"href":"https:\/\/www.taller-palabras.com\/WordPress_04\/wp-json\/wp\/v2\/product_cat?post=3054"},{"taxonomy":"product_tag","embeddable":true,"href":"https:\/\/www.taller-palabras.com\/WordPress_04\/wp-json\/wp\/v2\/product_tag?post=3054"}],"curies":[{"name":"wp","href":"https:\/\/api.w.org\/{rel}","templated":true}]}}