{"id":307,"date":"2018-11-01T18:37:35","date_gmt":"2018-11-01T21:37:35","guid":{"rendered":"https:\/\/www.taller-palabras.com\/WordPress_04\/?post_type=product&#038;p=307"},"modified":"2023-09-27T14:58:57","modified_gmt":"2023-09-27T17:58:57","slug":"ladrones-de-tinta-alfonso-mateo-sagasta-ebook","status":"publish","type":"product","link":"https:\/\/www.taller-palabras.com\/WordPress_04\/producto\/ladrones-de-tinta-alfonso-mateo-sagasta-ebook","title":{"rendered":"Ladrones de tinta &#8211; Alfonso Mateo-Sagasta  \/ebook"},"content":{"rendered":"<figure id=\"attachment_311\" aria-describedby=\"caption-attachment-311\" style=\"width: 150px\" class=\"wp-caption alignleft\"><img loading=\"lazy\" decoding=\"async\" class=\"wp-image-311 size-thumbnail\" src=\"https:\/\/www.taller-palabras.com\/WordPress_04\/wp-content\/uploads\/2018\/11\/sagasta-150x150.jpg\" alt=\"\" width=\"150\" height=\"150\" srcset=\"https:\/\/www.taller-palabras.com\/WordPress_04\/wp-content\/uploads\/2018\/11\/sagasta-150x150.jpg 150w, https:\/\/www.taller-palabras.com\/WordPress_04\/wp-content\/uploads\/2018\/11\/sagasta-324x324.jpg 324w, https:\/\/www.taller-palabras.com\/WordPress_04\/wp-content\/uploads\/2018\/11\/sagasta-100x100.jpg 100w\" sizes=\"auto, (max-width: 150px) 100vw, 150px\" \/><figcaption id=\"caption-attachment-311\" class=\"wp-caption-text\">Autor Antonio Mateo-Sagasta<\/figcaption><\/figure>\n<p>Diez a\u00f1os despu\u00e9s de que Francisco Robles editara \u00abEl ingenioso hidalgo don Quijote de la Mancha\u00bb, un tal Alonso Fern\u00e1ndez de Avellaneda osa publicar una segunda parte. Robles, furioso porque alguien interfiera en su negocio, encarga a un empleado, Isidoro de Montemayor, que encuentre a Avellaneda y le ajuste las cuentas. Eso no resulta tan f\u00e1cil, pues Montemayor descubre que Avellaneda no existe y que tras ese nombre se esconde un individuo que quiere llevar a Cervantes a la hoguera acus\u00e1ndolo de cornudo y homosexual.<br \/>\nMateo Sagasta sumerge al lector en el Madrid del Siglo de oro y plasma con maestr\u00eda y riqueza de todo detalle, as\u00ed como agilidad y sentido del humor, un per\u00edodo \u00fanico en la historia espa\u00f1ola.<\/p>\n<p>Alfonso Mateo Sagasta (Madrid, 1960) es licenciado en Geograf\u00eda e Historia, especialidad en Historia Antigua y Medieval. Despu\u00e9s de ejercer como arque\u00f3logo en proyectos relacionados con la Edad media peninsular, fue cofundador de la librer\u00eda Tipo y editor de la revista\u00bbArqr\u00edtica\u00bb.\u00bbEl olor de las especias\u00bbes su primera novela. Despu\u00e9s ha publicado\u00bbLadrones de tinta\u00bb. Ambas en Ediciones B, tras una muy buena acogida por parte de los lectores.<\/p>\n","protected":false},"excerpt":{"rendered":"<p>Diez a\u00f1os despu\u00e9s de que Francisco Robles editara \u00abEl ingenioso hidalgo don Quijote de la Mancha\u00bb, un tal Alonso Fern\u00e1ndez de Avellaneda osa publicar una segunda parte. Robles, furioso porque alguien interfiera en su negocio, encarga a un empleado, Isidoro de Montemayor, que encuentre a Avellaneda y le ajuste las cuentas. Eso no resulta tan [&hellip;]<\/p>\n","protected":false},"featured_media":310,"template":"","meta":[],"product_brand":[],"product_cat":[25],"product_tag":[100,54,101,55],"class_list":{"0":"post-307","1":"product","2":"type-product","3":"status-publish","4":"has-post-thumbnail","6":"product_cat-libros-digitales-ebooks","7":"product_tag-alfonso-mateo-sagasta","8":"product_tag-descargar-ebook","9":"product_tag-ladrones-de-tinta","10":"product_tag-novelas","12":"first","13":"instock","14":"shipping-taxable","15":"purchasable","16":"product-type-variable","17":"has-default-attributes"},"_links":{"self":[{"href":"https:\/\/www.taller-palabras.com\/WordPress_04\/wp-json\/wp\/v2\/product\/307","targetHints":{"allow":["GET"]}}],"collection":[{"href":"https:\/\/www.taller-palabras.com\/WordPress_04\/wp-json\/wp\/v2\/product"}],"about":[{"href":"https:\/\/www.taller-palabras.com\/WordPress_04\/wp-json\/wp\/v2\/types\/product"}],"wp:featuredmedia":[{"embeddable":true,"href":"https:\/\/www.taller-palabras.com\/WordPress_04\/wp-json\/wp\/v2\/media\/310"}],"wp:attachment":[{"href":"https:\/\/www.taller-palabras.com\/WordPress_04\/wp-json\/wp\/v2\/media?parent=307"}],"wp:term":[{"taxonomy":"product_brand","embeddable":true,"href":"https:\/\/www.taller-palabras.com\/WordPress_04\/wp-json\/wp\/v2\/product_brand?post=307"},{"taxonomy":"product_cat","embeddable":true,"href":"https:\/\/www.taller-palabras.com\/WordPress_04\/wp-json\/wp\/v2\/product_cat?post=307"},{"taxonomy":"product_tag","embeddable":true,"href":"https:\/\/www.taller-palabras.com\/WordPress_04\/wp-json\/wp\/v2\/product_tag?post=307"}],"curies":[{"name":"wp","href":"https:\/\/api.w.org\/{rel}","templated":true}]}}