{"id":3071,"date":"2021-02-11T10:37:41","date_gmt":"2021-02-11T13:37:41","guid":{"rendered":"https:\/\/www.taller-palabras.com\/WordPress_04\/?post_type=product&#038;p=3071"},"modified":"2026-03-31T12:12:51","modified_gmt":"2026-03-31T15:12:51","slug":"alguien-que-anda-por-ahi-julio-cortazar-ebook","status":"publish","type":"product","link":"https:\/\/www.taller-palabras.com\/WordPress_04\/producto\/alguien-que-anda-por-ahi-julio-cortazar-ebook","title":{"rendered":"Alguien que anda por ah\u00ed &#8211; Julio Cort\u00e1zar \/ebook"},"content":{"rendered":"<figure id=\"attachment_2903\" aria-describedby=\"caption-attachment-2903\" style=\"width: 150px\" class=\"wp-caption alignleft\"><img loading=\"lazy\" decoding=\"async\" class=\"wp-image-2903 size-thumbnail\" src=\"https:\/\/www.taller-palabras.com\/WordPress_04\/wp-content\/uploads\/2020\/12\/Julio_Cortazar-150x150.jpg\" alt=\"\" width=\"150\" height=\"150\" srcset=\"https:\/\/www.taller-palabras.com\/WordPress_04\/wp-content\/uploads\/2020\/12\/Julio_Cortazar-150x150.jpg 150w, https:\/\/www.taller-palabras.com\/WordPress_04\/wp-content\/uploads\/2020\/12\/Julio_Cortazar-100x100.jpg 100w\" sizes=\"auto, (max-width: 150px) 100vw, 150px\" \/><figcaption id=\"caption-attachment-2903\" class=\"wp-caption-text\">Autor Julio Cort\u00e1zar<\/figcaption><\/figure>\n<p>\u2018Alguien que anda por ah\u00ed\u2019 (1977) re\u00fane once cuentos en los que Cort\u00e1zar vuelve a superarse a s\u00ed mismo. Se abre con la inquietante melancol\u00eda de \u00abCambio de luces\u00bb y culmina con la violencia policial de \u00abLa noche de Mantequilla\u00bb. Cort\u00e1zar no s\u00f3lo crea climas y situaciones irrepetibles, tambi\u00e9n es capaz de sorprender con proezas estil\u00edsticas como \u00abUsted se tendi\u00f3 a tu lado\u00bb, donde la historia se narra simult\u00e1neamente en dos registros distintos; o se da el lujo de rescatar un cuento escrito en los a\u00f1os cincuenta \u2014\u00abLa barca o Nueva visita a Venecia\u00bb\u2014, intercalando comentarios que lo cargan de iron\u00eda y matices infinitos. S\u00f3lo Cort\u00e1zar es capaz de ofrecer tanta riqueza al entusiasmo permanente de sus lectores.<\/p>\n","protected":false},"excerpt":{"rendered":"<p>\u2018Alguien que anda por ah\u00ed\u2019 (1977) re\u00fane once cuentos en los que Cort\u00e1zar vuelve a superarse a s\u00ed mismo. Se abre con la inquietante melancol\u00eda de \u00abCambio de luces\u00bb y culmina con la violencia policial de \u00abLa noche de Mantequilla\u00bb. Cort\u00e1zar no s\u00f3lo crea climas y situaciones irrepetibles, tambi\u00e9n es capaz de sorprender con proezas [&hellip;]<\/p>\n","protected":false},"featured_media":3075,"template":"","meta":[],"product_brand":[1706],"product_cat":[25],"product_tag":[372,54,348],"class_list":{"0":"post-3071","1":"product","2":"type-product","3":"status-publish","4":"has-post-thumbnail","6":"product_brand-grupo1","7":"product_cat-libros-digitales-ebooks","8":"product_tag-alguien-que-anda-por-ahi","9":"product_tag-descargar-ebook","10":"product_tag-julio-cortazar","12":"first","13":"instock","14":"shipping-taxable","15":"purchasable","16":"product-type-variable","17":"has-default-attributes"},"_links":{"self":[{"href":"https:\/\/www.taller-palabras.com\/WordPress_04\/wp-json\/wp\/v2\/product\/3071","targetHints":{"allow":["GET"]}}],"collection":[{"href":"https:\/\/www.taller-palabras.com\/WordPress_04\/wp-json\/wp\/v2\/product"}],"about":[{"href":"https:\/\/www.taller-palabras.com\/WordPress_04\/wp-json\/wp\/v2\/types\/product"}],"wp:featuredmedia":[{"embeddable":true,"href":"https:\/\/www.taller-palabras.com\/WordPress_04\/wp-json\/wp\/v2\/media\/3075"}],"wp:attachment":[{"href":"https:\/\/www.taller-palabras.com\/WordPress_04\/wp-json\/wp\/v2\/media?parent=3071"}],"wp:term":[{"taxonomy":"product_brand","embeddable":true,"href":"https:\/\/www.taller-palabras.com\/WordPress_04\/wp-json\/wp\/v2\/product_brand?post=3071"},{"taxonomy":"product_cat","embeddable":true,"href":"https:\/\/www.taller-palabras.com\/WordPress_04\/wp-json\/wp\/v2\/product_cat?post=3071"},{"taxonomy":"product_tag","embeddable":true,"href":"https:\/\/www.taller-palabras.com\/WordPress_04\/wp-json\/wp\/v2\/product_tag?post=3071"}],"curies":[{"name":"wp","href":"https:\/\/api.w.org\/{rel}","templated":true}]}}