{"id":3087,"date":"2021-02-11T10:51:59","date_gmt":"2021-02-11T13:51:59","guid":{"rendered":"https:\/\/www.taller-palabras.com\/WordPress_04\/?post_type=product&#038;p=3087"},"modified":"2026-03-31T12:12:26","modified_gmt":"2026-03-31T15:12:26","slug":"el-perseguidor-y-otros-relatos-julio-cortazar-ebook","status":"publish","type":"product","link":"https:\/\/www.taller-palabras.com\/WordPress_04\/producto\/el-perseguidor-y-otros-relatos-julio-cortazar-ebook","title":{"rendered":"El perseguidor y otros relatos &#8211; Julio Cort\u00e1zar\/ebook"},"content":{"rendered":"<figure id=\"attachment_2903\" aria-describedby=\"caption-attachment-2903\" style=\"width: 150px\" class=\"wp-caption alignleft\"><img loading=\"lazy\" decoding=\"async\" class=\"wp-image-2903 size-thumbnail\" src=\"https:\/\/www.taller-palabras.com\/WordPress_04\/wp-content\/uploads\/2020\/12\/Julio_Cortazar-150x150.jpg\" alt=\"\" width=\"150\" height=\"150\" srcset=\"https:\/\/www.taller-palabras.com\/WordPress_04\/wp-content\/uploads\/2020\/12\/Julio_Cortazar-150x150.jpg 150w, https:\/\/www.taller-palabras.com\/WordPress_04\/wp-content\/uploads\/2020\/12\/Julio_Cortazar-100x100.jpg 100w\" sizes=\"auto, (max-width: 150px) 100vw, 150px\" \/><figcaption id=\"caption-attachment-2903\" class=\"wp-caption-text\">Autor Julio Cort\u00e1zar<\/figcaption><\/figure>\n<p>Los relatos de Julio Cort\u00e1zar constituyen uno de los ejes esenciales de su gran obra narrativa. Si en sus novelas la b\u00fasqueda de una nueva expresi\u00f3n de la realidad, acepta incluso los riesgos de una audaz y brillante experimentaci\u00f3n formal, en los relatos la perfecci\u00f3n de la forma pretende no alterar la descripci\u00f3n de los espacios ambiguos, incomprensibles, fant\u00e1sticos de la realidad. Ci\u00f1endose por tanto a una prosa s\u00f3lo aparentemente realista, Cort\u00e1zar logra crear, de pronto, un imprevisto, inquietante pasaje de un mundo cuyos c\u00f3digos creemos conocer a otro cuyos misterios, encantos y horrores escapan a la comprensi\u00f3n. Y no por ello, sin embargo, son mundos diversos; la percepci\u00f3n de la realidad no es completa si serena, por temor o dogmatismo, sus aspectos m\u00e1gicos o fantasmag\u00f3ricos. En estos veinti\u00fan relatos de Julio Cort\u00e1zar, entre los que se encuentran los m\u00e1s perfectos de toda su obra \u00abEl Perseguidor\u00bb, \u00abLa autopista del Sur\u00bb, \u00abCasa tomada\u00bb, \u00abEl otro cielo\u00bb, \u00abCartas de mam\u00e1\u00bb, \u00abDespu\u00e9s del almuerzo\u00bb, surge en todo su esplendor la gran cualidad narrativa que ha situado al autor entre los principales escritores en lengua castellana.<\/p>\n","protected":false},"excerpt":{"rendered":"<p>Los relatos de Julio Cort\u00e1zar constituyen uno de los ejes esenciales de su gran obra narrativa. Si en sus novelas la b\u00fasqueda de una nueva expresi\u00f3n de la realidad, acepta incluso los riesgos de una audaz y brillante experimentaci\u00f3n formal, en los relatos la perfecci\u00f3n de la forma pretende no alterar la descripci\u00f3n de los [&hellip;]<\/p>\n","protected":false},"featured_media":3077,"template":"","meta":[],"product_brand":[1706],"product_cat":[25],"product_tag":[54,373,348],"class_list":{"0":"post-3087","1":"product","2":"type-product","3":"status-publish","4":"has-post-thumbnail","6":"product_brand-grupo1","7":"product_cat-libros-digitales-ebooks","8":"product_tag-descargar-ebook","9":"product_tag-el-perseguidor","10":"product_tag-julio-cortazar","12":"first","13":"instock","14":"shipping-taxable","15":"purchasable","16":"product-type-variable","17":"has-default-attributes"},"_links":{"self":[{"href":"https:\/\/www.taller-palabras.com\/WordPress_04\/wp-json\/wp\/v2\/product\/3087","targetHints":{"allow":["GET"]}}],"collection":[{"href":"https:\/\/www.taller-palabras.com\/WordPress_04\/wp-json\/wp\/v2\/product"}],"about":[{"href":"https:\/\/www.taller-palabras.com\/WordPress_04\/wp-json\/wp\/v2\/types\/product"}],"wp:featuredmedia":[{"embeddable":true,"href":"https:\/\/www.taller-palabras.com\/WordPress_04\/wp-json\/wp\/v2\/media\/3077"}],"wp:attachment":[{"href":"https:\/\/www.taller-palabras.com\/WordPress_04\/wp-json\/wp\/v2\/media?parent=3087"}],"wp:term":[{"taxonomy":"product_brand","embeddable":true,"href":"https:\/\/www.taller-palabras.com\/WordPress_04\/wp-json\/wp\/v2\/product_brand?post=3087"},{"taxonomy":"product_cat","embeddable":true,"href":"https:\/\/www.taller-palabras.com\/WordPress_04\/wp-json\/wp\/v2\/product_cat?post=3087"},{"taxonomy":"product_tag","embeddable":true,"href":"https:\/\/www.taller-palabras.com\/WordPress_04\/wp-json\/wp\/v2\/product_tag?post=3087"}],"curies":[{"name":"wp","href":"https:\/\/api.w.org\/{rel}","templated":true}]}}