{"id":3113,"date":"2021-02-25T13:41:31","date_gmt":"2021-02-25T16:41:31","guid":{"rendered":"https:\/\/www.taller-palabras.com\/WordPress_04\/?post_type=product&#038;p=3113"},"modified":"2024-02-03T17:24:09","modified_gmt":"2024-02-03T20:24:09","slug":"beloved-toni-morrison-ebook","status":"publish","type":"product","link":"https:\/\/www.taller-palabras.com\/WordPress_04\/producto\/beloved-toni-morrison-ebook","title":{"rendered":"Beloved &#8211; Toni Morrison \/ebook"},"content":{"rendered":"<figure id=\"attachment_3100\" aria-describedby=\"caption-attachment-3100\" style=\"width: 150px\" class=\"wp-caption alignleft\"><img loading=\"lazy\" decoding=\"async\" class=\"wp-image-3100 size-thumbnail\" src=\"https:\/\/www.taller-palabras.com\/WordPress_04\/wp-content\/uploads\/2021\/02\/ToniMorrison-150x150.jpg\" alt=\"\" width=\"150\" height=\"150\" srcset=\"https:\/\/www.taller-palabras.com\/WordPress_04\/wp-content\/uploads\/2021\/02\/ToniMorrison-150x150.jpg 150w, https:\/\/www.taller-palabras.com\/WordPress_04\/wp-content\/uploads\/2021\/02\/ToniMorrison-324x324.jpg 324w, https:\/\/www.taller-palabras.com\/WordPress_04\/wp-content\/uploads\/2021\/02\/ToniMorrison-100x100.jpg 100w\" sizes=\"auto, (max-width: 150px) 100vw, 150px\" \/><figcaption id=\"caption-attachment-3100\" class=\"wp-caption-text\">Autora Toni Morrison<\/figcaption><\/figure>\n<p>Una madre: Sethe, la esclava que mata a su propia hija para salvarla del horror, para que la indignidad del presente no tenga futuro posible. Una hija: Beloved, la ni\u00f1a que desde su nacimiento se aliment\u00f3 de leche mezclada con sangre, y poco a poco fue perdiendo contacto con la realidad por la voluntad de un cari\u00f1o demasiado denso. Una experiencia: el crimen como \u00fanica arma contra el dolor ajeno, el amor como \u00fanica justificaci\u00f3n ante el delito y la muerte como parad\u00f3jica salvaci\u00f3n ante una vida destinada a la esclavitud. Con este dolor y este amor en apariencia indecibles, la ganadora del Premio Nobel de Literatura 1993 ha construido una soberbia novela, que en 1988 le vali\u00f3 el Premio Pulitzer.<\/p>\n","protected":false},"excerpt":{"rendered":"<p>Una madre: Sethe, la esclava que mata a su propia hija para salvarla del horror, para que la indignidad del presente no tenga futuro posible. Una hija: Beloved, la ni\u00f1a que desde su nacimiento se aliment\u00f3 de leche mezclada con sangre, y poco a poco fue perdiendo contacto con la realidad por la voluntad de [&hellip;]<\/p>\n","protected":false},"featured_media":3101,"template":"","meta":[],"product_brand":[],"product_cat":[25],"product_tag":[377,54,376],"class_list":{"0":"post-3113","1":"product","2":"type-product","3":"status-publish","4":"has-post-thumbnail","6":"product_cat-libros-digitales-ebooks","7":"product_tag-beloved","8":"product_tag-descargar-ebook","9":"product_tag-toni-morrison","11":"first","12":"instock","13":"shipping-taxable","14":"purchasable","15":"product-type-variable","16":"has-default-attributes"},"_links":{"self":[{"href":"https:\/\/www.taller-palabras.com\/WordPress_04\/wp-json\/wp\/v2\/product\/3113","targetHints":{"allow":["GET"]}}],"collection":[{"href":"https:\/\/www.taller-palabras.com\/WordPress_04\/wp-json\/wp\/v2\/product"}],"about":[{"href":"https:\/\/www.taller-palabras.com\/WordPress_04\/wp-json\/wp\/v2\/types\/product"}],"wp:featuredmedia":[{"embeddable":true,"href":"https:\/\/www.taller-palabras.com\/WordPress_04\/wp-json\/wp\/v2\/media\/3101"}],"wp:attachment":[{"href":"https:\/\/www.taller-palabras.com\/WordPress_04\/wp-json\/wp\/v2\/media?parent=3113"}],"wp:term":[{"taxonomy":"product_brand","embeddable":true,"href":"https:\/\/www.taller-palabras.com\/WordPress_04\/wp-json\/wp\/v2\/product_brand?post=3113"},{"taxonomy":"product_cat","embeddable":true,"href":"https:\/\/www.taller-palabras.com\/WordPress_04\/wp-json\/wp\/v2\/product_cat?post=3113"},{"taxonomy":"product_tag","embeddable":true,"href":"https:\/\/www.taller-palabras.com\/WordPress_04\/wp-json\/wp\/v2\/product_tag?post=3113"}],"curies":[{"name":"wp","href":"https:\/\/api.w.org\/{rel}","templated":true}]}}