{"id":315,"date":"2018-11-02T14:41:11","date_gmt":"2018-11-02T17:41:11","guid":{"rendered":"https:\/\/www.taller-palabras.com\/WordPress_04\/?post_type=product&#038;p=315"},"modified":"2023-09-28T14:43:48","modified_gmt":"2023-09-28T17:43:48","slug":"los-tres-nombres-del-lobo-lola-p-nieva-ebook","status":"publish","type":"product","link":"https:\/\/www.taller-palabras.com\/WordPress_04\/producto\/los-tres-nombres-del-lobo-lola-p-nieva-ebook","title":{"rendered":"Los tres nombres del lobo &#8211; Lola P. Nieva  \/ebook"},"content":{"rendered":"<figure id=\"attachment_316\" aria-describedby=\"caption-attachment-316\" style=\"width: 150px\" class=\"wp-caption alignleft\"><img loading=\"lazy\" decoding=\"async\" class=\"wp-image-316 size-thumbnail\" src=\"https:\/\/www.taller-palabras.com\/WordPress_04\/wp-content\/uploads\/2018\/11\/lolaNieva-150x150.jpg\" alt=\"\" width=\"150\" height=\"150\" srcset=\"https:\/\/www.taller-palabras.com\/WordPress_04\/wp-content\/uploads\/2018\/11\/lolaNieva-150x150.jpg 150w, https:\/\/www.taller-palabras.com\/WordPress_04\/wp-content\/uploads\/2018\/11\/lolaNieva-300x300.jpg 300w, https:\/\/www.taller-palabras.com\/WordPress_04\/wp-content\/uploads\/2018\/11\/lolaNieva-324x324.jpg 324w, https:\/\/www.taller-palabras.com\/WordPress_04\/wp-content\/uploads\/2018\/11\/lolaNieva-100x100.jpg 100w, https:\/\/www.taller-palabras.com\/WordPress_04\/wp-content\/uploads\/2018\/11\/lolaNieva.jpg 400w\" sizes=\"auto, (max-width: 150px) 100vw, 150px\" \/><figcaption id=\"caption-attachment-316\" class=\"wp-caption-text\">Autora Lola P. Nieva<\/figcaption><\/figure>\n<p>Una novela que narra un viaje interior: una mujer que busca conocerse a s\u00ed misma. Desde la refinada sensibilidad \u00e1rabe al \u00edmpetu vikingo, en una traves\u00eda personal, \u00edntima, en la que se abrir\u00e1n nuevos paisajes, conocer\u00e1 otras lenguas, costumbres, el placer de una gastronom\u00eda diferente, bailes, vestimentas, el despertar de los sentidos. Una novela que narra la educaci\u00f3n de los sentimientos, el aprendizaje de la sensualidad, el descubrir del erotismo, la invenci\u00f3n del apasionado desenfreno. Un viaje para trazar un camino \u00fanico, el recorrido del propio destino. A veces yo tambi\u00e9n deseo devorarte para que formes parte de m\u00ed, para tenerte en mi interior y protegerte de todo, para sentirte m\u00e1s cerca, para que seamos uno. S\u00e9 que lo que sentimos no es corriente; es algo diferente, m\u00e1s fuerte, m\u00e1s ca\u00f3tico, m\u00e1s intenso; casi sobrenatural.<\/p>\n","protected":false},"excerpt":{"rendered":"<p>Una novela que narra un viaje interior: una mujer que busca conocerse a s\u00ed misma. Desde la refinada sensibilidad \u00e1rabe al \u00edmpetu vikingo, en una traves\u00eda personal, \u00edntima, en la que se abrir\u00e1n nuevos paisajes, conocer\u00e1 otras lenguas, costumbres, el placer de una gastronom\u00eda diferente, bailes, vestimentas, el despertar de los sentidos. Una novela que [&hellip;]<\/p>\n","protected":false},"featured_media":317,"template":"","meta":[],"product_brand":[],"product_cat":[25],"product_tag":[54,102,103,55],"class_list":{"0":"post-315","1":"product","2":"type-product","3":"status-publish","4":"has-post-thumbnail","6":"product_cat-libros-digitales-ebooks","7":"product_tag-descargar-ebook","8":"product_tag-lola-nieva","9":"product_tag-los-tres-nombres-del-lobo","10":"product_tag-novelas","12":"first","13":"instock","14":"shipping-taxable","15":"purchasable","16":"product-type-variable","17":"has-default-attributes"},"_links":{"self":[{"href":"https:\/\/www.taller-palabras.com\/WordPress_04\/wp-json\/wp\/v2\/product\/315","targetHints":{"allow":["GET"]}}],"collection":[{"href":"https:\/\/www.taller-palabras.com\/WordPress_04\/wp-json\/wp\/v2\/product"}],"about":[{"href":"https:\/\/www.taller-palabras.com\/WordPress_04\/wp-json\/wp\/v2\/types\/product"}],"wp:featuredmedia":[{"embeddable":true,"href":"https:\/\/www.taller-palabras.com\/WordPress_04\/wp-json\/wp\/v2\/media\/317"}],"wp:attachment":[{"href":"https:\/\/www.taller-palabras.com\/WordPress_04\/wp-json\/wp\/v2\/media?parent=315"}],"wp:term":[{"taxonomy":"product_brand","embeddable":true,"href":"https:\/\/www.taller-palabras.com\/WordPress_04\/wp-json\/wp\/v2\/product_brand?post=315"},{"taxonomy":"product_cat","embeddable":true,"href":"https:\/\/www.taller-palabras.com\/WordPress_04\/wp-json\/wp\/v2\/product_cat?post=315"},{"taxonomy":"product_tag","embeddable":true,"href":"https:\/\/www.taller-palabras.com\/WordPress_04\/wp-json\/wp\/v2\/product_tag?post=315"}],"curies":[{"name":"wp","href":"https:\/\/api.w.org\/{rel}","templated":true}]}}