{"id":3154,"date":"2021-03-02T12:32:25","date_gmt":"2021-03-02T15:32:25","guid":{"rendered":"https:\/\/www.taller-palabras.com\/WordPress_04\/?post_type=product&#038;p=3154"},"modified":"2024-02-06T13:53:33","modified_gmt":"2024-02-06T16:53:33","slug":"el-mundo-de-guermantes-3-marcel-proust-ebook","status":"publish","type":"product","link":"https:\/\/www.taller-palabras.com\/WordPress_04\/producto\/el-mundo-de-guermantes-3-marcel-proust-ebook","title":{"rendered":"El mundo de Guermantes (3) &#8211; Marcel Proust \/ebook"},"content":{"rendered":"<figure id=\"attachment_3128\" aria-describedby=\"caption-attachment-3128\" style=\"width: 150px\" class=\"wp-caption alignleft\"><img loading=\"lazy\" decoding=\"async\" class=\"wp-image-3128 size-thumbnail\" src=\"https:\/\/www.taller-palabras.com\/WordPress_04\/wp-content\/uploads\/2021\/03\/Marcel-Proust-150x150.jpg\" alt=\"\" width=\"150\" height=\"150\" srcset=\"https:\/\/www.taller-palabras.com\/WordPress_04\/wp-content\/uploads\/2021\/03\/Marcel-Proust-150x150.jpg 150w, https:\/\/www.taller-palabras.com\/WordPress_04\/wp-content\/uploads\/2021\/03\/Marcel-Proust-100x100.jpg 100w\" sizes=\"auto, (max-width: 150px) 100vw, 150px\" \/><figcaption id=\"caption-attachment-3128\" class=\"wp-caption-text\">Autor Marcel Proust<\/figcaption><\/figure>\n<p>Tercera parte de En busca del tiempo perdido. Obra cumbre de la literatura del siglo XX. La integraci\u00f3n, por fin, en el anhelado espacio de los Guermantes tiene lugar en Par\u00eds, donde el narrador logra instalarse en una dependencia de la residencia de los arist\u00f3cratas. Ahora, su inquieta pasi\u00f3n amorosa le ha llevado a poner los ojos en la duquesa, un ideal inalcanzable al que, pese a todo, sigue hasta su retiro de Donci\u00e8res, donde se halla prestando su servicio militar el joven Robert de Saint-Loup. A partir de aqu\u00ed, los acontecimientos se suceden vertiginosamente en la memoria del narrador, que entabla amistad con la actriz Rachel (amante de Robert), pierde a su abuela materna y se enamora de Albertine, una de las \u00abmuchachas en flor\u00bb. Por aquel tiempo (en el que acude con asiduidad al elegante sal\u00f3n de Mme. de Villeparisis), el protagonista descubre la condici\u00f3n de homosexual del bar\u00f3n de Charlus.<\/p>\n","protected":false},"excerpt":{"rendered":"<p>Tercera parte de En busca del tiempo perdido. Obra cumbre de la literatura del siglo XX. La integraci\u00f3n, por fin, en el anhelado espacio de los Guermantes tiene lugar en Par\u00eds, donde el narrador logra instalarse en una dependencia de la residencia de los arist\u00f3cratas. Ahora, su inquieta pasi\u00f3n amorosa le ha llevado a poner [&hellip;]<\/p>\n","protected":false},"featured_media":3123,"template":"","meta":[],"product_brand":[],"product_cat":[25],"product_tag":[54,381,378],"class_list":{"0":"post-3154","1":"product","2":"type-product","3":"status-publish","4":"has-post-thumbnail","6":"product_cat-libros-digitales-ebooks","7":"product_tag-descargar-ebook","8":"product_tag-el-mundo-de-guermantes","9":"product_tag-marcel-proust","11":"first","12":"instock","13":"shipping-taxable","14":"purchasable","15":"product-type-variable","16":"has-default-attributes"},"_links":{"self":[{"href":"https:\/\/www.taller-palabras.com\/WordPress_04\/wp-json\/wp\/v2\/product\/3154","targetHints":{"allow":["GET"]}}],"collection":[{"href":"https:\/\/www.taller-palabras.com\/WordPress_04\/wp-json\/wp\/v2\/product"}],"about":[{"href":"https:\/\/www.taller-palabras.com\/WordPress_04\/wp-json\/wp\/v2\/types\/product"}],"wp:featuredmedia":[{"embeddable":true,"href":"https:\/\/www.taller-palabras.com\/WordPress_04\/wp-json\/wp\/v2\/media\/3123"}],"wp:attachment":[{"href":"https:\/\/www.taller-palabras.com\/WordPress_04\/wp-json\/wp\/v2\/media?parent=3154"}],"wp:term":[{"taxonomy":"product_brand","embeddable":true,"href":"https:\/\/www.taller-palabras.com\/WordPress_04\/wp-json\/wp\/v2\/product_brand?post=3154"},{"taxonomy":"product_cat","embeddable":true,"href":"https:\/\/www.taller-palabras.com\/WordPress_04\/wp-json\/wp\/v2\/product_cat?post=3154"},{"taxonomy":"product_tag","embeddable":true,"href":"https:\/\/www.taller-palabras.com\/WordPress_04\/wp-json\/wp\/v2\/product_tag?post=3154"}],"curies":[{"name":"wp","href":"https:\/\/api.w.org\/{rel}","templated":true}]}}