{"id":3188,"date":"2021-03-06T10:12:25","date_gmt":"2021-03-06T13:12:25","guid":{"rendered":"https:\/\/www.taller-palabras.com\/WordPress_04\/?post_type=product&#038;p=3188"},"modified":"2024-02-05T12:56:38","modified_gmt":"2024-02-05T15:56:38","slug":"la-fuente-de-la-autoestima-toni-morrison-ebook","status":"publish","type":"product","link":"https:\/\/www.taller-palabras.com\/WordPress_04\/producto\/la-fuente-de-la-autoestima-toni-morrison-ebook","title":{"rendered":"La fuente de la autoestima &#8211; Toni Morrison \/ebook"},"content":{"rendered":"<figure id=\"attachment_3100\" aria-describedby=\"caption-attachment-3100\" style=\"width: 150px\" class=\"wp-caption alignleft\"><img loading=\"lazy\" decoding=\"async\" class=\"wp-image-3100 size-thumbnail\" src=\"https:\/\/www.taller-palabras.com\/WordPress_04\/wp-content\/uploads\/2021\/02\/ToniMorrison-150x150.jpg\" alt=\"\" width=\"150\" height=\"150\" srcset=\"https:\/\/www.taller-palabras.com\/WordPress_04\/wp-content\/uploads\/2021\/02\/ToniMorrison-150x150.jpg 150w, https:\/\/www.taller-palabras.com\/WordPress_04\/wp-content\/uploads\/2021\/02\/ToniMorrison-324x324.jpg 324w, https:\/\/www.taller-palabras.com\/WordPress_04\/wp-content\/uploads\/2021\/02\/ToniMorrison-100x100.jpg 100w\" sizes=\"auto, (max-width: 150px) 100vw, 150px\" \/><figcaption id=\"caption-attachment-3100\" class=\"wp-caption-text\">Autora Toni Morrison<\/figcaption><\/figure>\n<p>La fuente de la autoestima es la magn\u00edfica recopilaci\u00f3n de ensayos y discursos de Toni Morrison en los que ofrece sus l\u00facidas reflexiones sobre la sociedad, la cultura y el arte de los \u00faltimos cuarenta a\u00f1os, y realiza una contundente cr\u00edtica de sus obras y tambi\u00e9n de algunas ajenas. Morrison aborda temas sociales acuciantes como la inmigraci\u00f3n, el empoderamiento de la mujer, la prensa, el dinero o los derechos humanos, la funci\u00f3n de los artistas en la sociedad, la creaci\u00f3n literaria y, al igual que en su emocionante discurso de recepci\u00f3n del Premio Nobel, el poder del lenguaje.<\/p>\n<p>\u00abUn an\u00e1lisis visionario y penetrante de la historia, la sociedad, la literatura, la lengua y, c\u00f3mo no, la raza. [&#8230;] Un libro brillante.\u00bb<br \/>\nThe Boston Globe<\/p>\n<p>\u00abProfundamente perspicaz. [&#8230;] Se dirige al momento social y pol\u00edtico actual como lo hacen los titulares de la prensa de esta misma ma\u00f1ana.\u00bb<br \/>\nNPR<\/p>\n","protected":false},"excerpt":{"rendered":"<p>La fuente de la autoestima es la magn\u00edfica recopilaci\u00f3n de ensayos y discursos de Toni Morrison en los que ofrece sus l\u00facidas reflexiones sobre la sociedad, la cultura y el arte de los \u00faltimos cuarenta a\u00f1os, y realiza una contundente cr\u00edtica de sus obras y tambi\u00e9n de algunas ajenas. Morrison aborda temas sociales acuciantes como [&hellip;]<\/p>\n","protected":false},"featured_media":3192,"template":"","meta":[],"product_brand":[],"product_cat":[25],"product_tag":[54,386,376],"class_list":{"0":"post-3188","1":"product","2":"type-product","3":"status-publish","4":"has-post-thumbnail","6":"product_cat-libros-digitales-ebooks","7":"product_tag-descargar-ebook","8":"product_tag-la-fuente-de-la-autoestima","9":"product_tag-toni-morrison","11":"first","12":"instock","13":"shipping-taxable","14":"purchasable","15":"product-type-variable","16":"has-default-attributes"},"_links":{"self":[{"href":"https:\/\/www.taller-palabras.com\/WordPress_04\/wp-json\/wp\/v2\/product\/3188","targetHints":{"allow":["GET"]}}],"collection":[{"href":"https:\/\/www.taller-palabras.com\/WordPress_04\/wp-json\/wp\/v2\/product"}],"about":[{"href":"https:\/\/www.taller-palabras.com\/WordPress_04\/wp-json\/wp\/v2\/types\/product"}],"wp:featuredmedia":[{"embeddable":true,"href":"https:\/\/www.taller-palabras.com\/WordPress_04\/wp-json\/wp\/v2\/media\/3192"}],"wp:attachment":[{"href":"https:\/\/www.taller-palabras.com\/WordPress_04\/wp-json\/wp\/v2\/media?parent=3188"}],"wp:term":[{"taxonomy":"product_brand","embeddable":true,"href":"https:\/\/www.taller-palabras.com\/WordPress_04\/wp-json\/wp\/v2\/product_brand?post=3188"},{"taxonomy":"product_cat","embeddable":true,"href":"https:\/\/www.taller-palabras.com\/WordPress_04\/wp-json\/wp\/v2\/product_cat?post=3188"},{"taxonomy":"product_tag","embeddable":true,"href":"https:\/\/www.taller-palabras.com\/WordPress_04\/wp-json\/wp\/v2\/product_tag?post=3188"}],"curies":[{"name":"wp","href":"https:\/\/api.w.org\/{rel}","templated":true}]}}