{"id":3197,"date":"2020-02-16T10:30:31","date_gmt":"2020-02-16T13:30:31","guid":{"rendered":"https:\/\/www.taller-palabras.com\/WordPress_04\/?post_type=product&#038;p=3197"},"modified":"2023-11-09T12:47:45","modified_gmt":"2023-11-09T15:47:45","slug":"la-caida-de-los-gigantes-1-ken-follett-ebook","status":"publish","type":"product","link":"https:\/\/www.taller-palabras.com\/WordPress_04\/producto\/la-caida-de-los-gigantes-1-ken-follett-ebook","title":{"rendered":"Saga: La ca\u00edda de los gigantes &#8211; (The century I) &#8211; Ken Follett \/ebook"},"content":{"rendered":"<figure id=\"attachment_404\" aria-describedby=\"caption-attachment-404\" style=\"width: 150px\" class=\"wp-caption alignleft\"><img loading=\"lazy\" decoding=\"async\" class=\"wp-image-404 size-thumbnail\" src=\"https:\/\/www.taller-palabras.com\/WordPress_04\/wp-content\/uploads\/2018\/11\/ken_follett-150x150.jpg\" alt=\"\" width=\"150\" height=\"150\" srcset=\"https:\/\/www.taller-palabras.com\/WordPress_04\/wp-content\/uploads\/2018\/11\/ken_follett-150x150.jpg 150w, https:\/\/www.taller-palabras.com\/WordPress_04\/wp-content\/uploads\/2018\/11\/ken_follett-324x324.jpg 324w, https:\/\/www.taller-palabras.com\/WordPress_04\/wp-content\/uploads\/2018\/11\/ken_follett-100x100.jpg 100w\" sizes=\"auto, (max-width: 150px) 100vw, 150px\" \/><figcaption id=\"caption-attachment-404\" class=\"wp-caption-text\">Autor Ken Follett<\/figcaption><\/figure>\n<p>La ca\u00edda de los gigantes sumerge al lector en una historia cargada de \u00e9pica. \u00c9sta primera novela, que forma parte de una trilog\u00eda, sigue los destinos de cinco familias diferentes a lo largo y ancho del mundo. Desde Am\u00e9rica a Alemania, Rusia, Inglaterra y Gales, Follett sigue la evoluci\u00f3n de sus personajes a trav\u00e9s de la Primera Guerra Mundial, la Revoluci\u00f3n Rusa y las primeras luchas por los derechos de la mujer. Como siempre, Follett pone un especial inter\u00e9s por su tierra natal, Gales, al comenzar con la historia de Billy Williams, un sencillo minero; en Am\u00e9rica encontramos a Gus Dewar, un estudiante de derecho con el coraz\u00f3n partido por un desenga\u00f1o amoroso. En Rusia, dos hermanos hu\u00e9rfanos, Grigori y Lev se ven en medio de una revoluci\u00f3n que trastoca sus vidas y acaba por separar sus caminos. Como nudo entre las historias encontramos a la hermana de Williams, quien trabaja en Inglaterra como ama de llaves de Lady Fitzherbert, enamorada de un esp\u00eda alem\u00e1n, Walter von Ulrich. Poco a poco estos personajes ir\u00e1n encontr\u00e1ndose a medida que la inmensa maquinaria creada por Follett avance, tan deprisa y violenta como el principio del siglo XX en el que se ven inmersos. En los siguientes vol\u00famenes de la trilog\u00eda, Follett seguir\u00e1 con las mismas familias, creando un gran texto generacional con el que escribir y retratar uno de los siglos m\u00e1s terribles y maravillosos de la historia de la humanidad.<\/p>\n","protected":false},"excerpt":{"rendered":"<p>La ca\u00edda de los gigantes sumerge al lector en una historia cargada de \u00e9pica. \u00c9sta primera novela, que forma parte de una trilog\u00eda, sigue los destinos de cinco familias diferentes a lo largo y ancho del mundo. Desde Am\u00e9rica a Alemania, Rusia, Inglaterra y Gales, Follett sigue la evoluci\u00f3n de sus personajes a trav\u00e9s de [&hellip;]<\/p>\n","protected":false},"featured_media":3202,"template":"","meta":[],"product_brand":[],"product_cat":[25,47],"product_tag":[54,388,387],"class_list":{"0":"post-3197","1":"product","2":"type-product","3":"status-publish","4":"has-post-thumbnail","6":"product_cat-libros-digitales-ebooks","7":"product_cat-libros-digitales-sagas","8":"product_tag-descargar-ebook","9":"product_tag-ken-follett","10":"product_tag-la-caida-de-los-gigantes","12":"first","13":"instock","14":"shipping-taxable","15":"purchasable","16":"product-type-variable","17":"has-default-attributes"},"_links":{"self":[{"href":"https:\/\/www.taller-palabras.com\/WordPress_04\/wp-json\/wp\/v2\/product\/3197","targetHints":{"allow":["GET"]}}],"collection":[{"href":"https:\/\/www.taller-palabras.com\/WordPress_04\/wp-json\/wp\/v2\/product"}],"about":[{"href":"https:\/\/www.taller-palabras.com\/WordPress_04\/wp-json\/wp\/v2\/types\/product"}],"wp:featuredmedia":[{"embeddable":true,"href":"https:\/\/www.taller-palabras.com\/WordPress_04\/wp-json\/wp\/v2\/media\/3202"}],"wp:attachment":[{"href":"https:\/\/www.taller-palabras.com\/WordPress_04\/wp-json\/wp\/v2\/media?parent=3197"}],"wp:term":[{"taxonomy":"product_brand","embeddable":true,"href":"https:\/\/www.taller-palabras.com\/WordPress_04\/wp-json\/wp\/v2\/product_brand?post=3197"},{"taxonomy":"product_cat","embeddable":true,"href":"https:\/\/www.taller-palabras.com\/WordPress_04\/wp-json\/wp\/v2\/product_cat?post=3197"},{"taxonomy":"product_tag","embeddable":true,"href":"https:\/\/www.taller-palabras.com\/WordPress_04\/wp-json\/wp\/v2\/product_tag?post=3197"}],"curies":[{"name":"wp","href":"https:\/\/api.w.org\/{rel}","templated":true}]}}