{"id":3218,"date":"2020-02-16T10:25:17","date_gmt":"2020-02-16T13:25:17","guid":{"rendered":"https:\/\/www.taller-palabras.com\/WordPress_04\/?post_type=product&#038;p=3218"},"modified":"2023-11-09T12:33:18","modified_gmt":"2023-11-09T15:33:18","slug":"el-invierno-del-mundo-2-ken-follett-ebook","status":"publish","type":"product","link":"https:\/\/www.taller-palabras.com\/WordPress_04\/producto\/el-invierno-del-mundo-2-ken-follett-ebook","title":{"rendered":"Saga: El invierno del mundo &#8211; (The century II) &#8211; Ken Follett \/ebook"},"content":{"rendered":"<figure id=\"attachment_404\" aria-describedby=\"caption-attachment-404\" style=\"width: 150px\" class=\"wp-caption alignleft\"><img loading=\"lazy\" decoding=\"async\" class=\"wp-image-404 size-thumbnail\" src=\"https:\/\/www.taller-palabras.com\/WordPress_04\/wp-content\/uploads\/2018\/11\/ken_follett-150x150.jpg\" alt=\"\" width=\"150\" height=\"150\" srcset=\"https:\/\/www.taller-palabras.com\/WordPress_04\/wp-content\/uploads\/2018\/11\/ken_follett-150x150.jpg 150w, https:\/\/www.taller-palabras.com\/WordPress_04\/wp-content\/uploads\/2018\/11\/ken_follett-324x324.jpg 324w, https:\/\/www.taller-palabras.com\/WordPress_04\/wp-content\/uploads\/2018\/11\/ken_follett-100x100.jpg 100w\" sizes=\"auto, (max-width: 150px) 100vw, 150px\" \/><figcaption id=\"caption-attachment-404\" class=\"wp-caption-text\">Autor Ken Follett<\/figcaption><\/figure>\n<p>\u201cEsta es la historia de mis abuelos y de los vuestros, de nuestros padres y de nuestras propias vidas. De alguna forma es la historia de todos nosotros\u201d. \u2014Ken Follett<br \/>\nEn el a\u00f1o 1933, Berl\u00edn es un foco de agitaci\u00f3n pol\u00edtica y social. Lady Maud, ahora la esposa de Walter von Ulrich y madre de dos hijos, publica en una revista semanal art\u00edculos que ridiculizan al Partido Nazi, mientras que Walter manifiesta su oposici\u00f3n en el Parlamento. Sin embargo, parece que nada podr\u00e1 frenar el poder ascendente de Adolf Hitler. Cuando Ethel Williams y su hijo Lloyd visitan a la familia Von Ulrich, todos ser\u00e1n testigos de la tiran\u00eda y la represi\u00f3n de la nueva Alemania. El dominio del Tercer Reich se extender\u00e1 hasta Francia y m\u00e1s all\u00e1 de la frontera rusa. Mientras, en Inglaterra, Lloyd Williams, activista pol\u00edtico como su madre, luchar\u00e1 en el ej\u00e9rcito brit\u00e1nico para intentar frenar el avance de los nazis y se alistar\u00e1 en las brigadas internacionales durante la guerra civil espa\u00f1ola. En Ty Gwyn, la mansi\u00f3n familiar de los Fitzherbert en Gales, se alojar\u00e1n los oficiales brit\u00e1nicos y, durante su estancia, el teniente Lloyd Williams se sentir\u00e1 atra\u00eddo por la mujer de Boy Fitzherbert, la rica heredera americana Daisy Peshkov. En esta magn\u00edfica novela \u00e9pica, Ken Follett conduce al lector a trav\u00e9s de una Europa en ruinas, quebrada de nuevo por las guerras y los conflictos ideol\u00f3gicos. Los hijos de las cinco familias protagonistas de La ca\u00edda de los gigantes forjar\u00e1n su destino en los a\u00f1os turbulentos de la Segunda Guerra Mundial, la guerra civil espa\u00f1ola, el bombardeo de Pearl Harbor y la era de la bomba at\u00f3mica.<\/p>\n","protected":false},"excerpt":{"rendered":"<p>\u201cEsta es la historia de mis abuelos y de los vuestros, de nuestros padres y de nuestras propias vidas. De alguna forma es la historia de todos nosotros\u201d. \u2014Ken Follett En el a\u00f1o 1933, Berl\u00edn es un foco de agitaci\u00f3n pol\u00edtica y social. Lady Maud, ahora la esposa de Walter von Ulrich y madre de [&hellip;]<\/p>\n","protected":false},"featured_media":3203,"template":"","meta":[],"product_brand":[],"product_cat":[25,47],"product_tag":[54,389,388],"class_list":{"0":"post-3218","1":"product","2":"type-product","3":"status-publish","4":"has-post-thumbnail","6":"product_cat-libros-digitales-ebooks","7":"product_cat-libros-digitales-sagas","8":"product_tag-descargar-ebook","9":"product_tag-el-invierno-del-mundo","10":"product_tag-ken-follett","12":"first","13":"instock","14":"shipping-taxable","15":"purchasable","16":"product-type-variable","17":"has-default-attributes"},"_links":{"self":[{"href":"https:\/\/www.taller-palabras.com\/WordPress_04\/wp-json\/wp\/v2\/product\/3218","targetHints":{"allow":["GET"]}}],"collection":[{"href":"https:\/\/www.taller-palabras.com\/WordPress_04\/wp-json\/wp\/v2\/product"}],"about":[{"href":"https:\/\/www.taller-palabras.com\/WordPress_04\/wp-json\/wp\/v2\/types\/product"}],"wp:featuredmedia":[{"embeddable":true,"href":"https:\/\/www.taller-palabras.com\/WordPress_04\/wp-json\/wp\/v2\/media\/3203"}],"wp:attachment":[{"href":"https:\/\/www.taller-palabras.com\/WordPress_04\/wp-json\/wp\/v2\/media?parent=3218"}],"wp:term":[{"taxonomy":"product_brand","embeddable":true,"href":"https:\/\/www.taller-palabras.com\/WordPress_04\/wp-json\/wp\/v2\/product_brand?post=3218"},{"taxonomy":"product_cat","embeddable":true,"href":"https:\/\/www.taller-palabras.com\/WordPress_04\/wp-json\/wp\/v2\/product_cat?post=3218"},{"taxonomy":"product_tag","embeddable":true,"href":"https:\/\/www.taller-palabras.com\/WordPress_04\/wp-json\/wp\/v2\/product_tag?post=3218"}],"curies":[{"name":"wp","href":"https:\/\/api.w.org\/{rel}","templated":true}]}}