{"id":3226,"date":"2021-03-16T11:01:13","date_gmt":"2021-03-16T14:01:13","guid":{"rendered":"https:\/\/www.taller-palabras.com\/WordPress_04\/?post_type=product&#038;p=3226"},"modified":"2024-02-07T12:34:14","modified_gmt":"2024-02-07T15:34:14","slug":"el-alquimista-paulo-coelho-ebook","status":"publish","type":"product","link":"https:\/\/www.taller-palabras.com\/WordPress_04\/producto\/el-alquimista-paulo-coelho-ebook","title":{"rendered":"El Alquimista &#8211; Paulo Coelho \/ebook"},"content":{"rendered":"<figure id=\"attachment_3217\" aria-describedby=\"caption-attachment-3217\" style=\"width: 150px\" class=\"wp-caption alignleft\"><img loading=\"lazy\" decoding=\"async\" class=\"wp-image-3217 size-thumbnail\" src=\"https:\/\/www.taller-palabras.com\/WordPress_04\/wp-content\/uploads\/2021\/03\/Paulo_Coelho-150x150.jpg\" alt=\"\" width=\"150\" height=\"150\" srcset=\"https:\/\/www.taller-palabras.com\/WordPress_04\/wp-content\/uploads\/2021\/03\/Paulo_Coelho-150x150.jpg 150w, https:\/\/www.taller-palabras.com\/WordPress_04\/wp-content\/uploads\/2021\/03\/Paulo_Coelho-100x100.jpg 100w\" sizes=\"auto, (max-width: 150px) 100vw, 150px\" \/><figcaption id=\"caption-attachment-3217\" class=\"wp-caption-text\">Autor Paulo Coelho<\/figcaption><\/figure>\n<p>Este libro relata la historia de un joven pastor andaluz que un d\u00eda dej\u00f3 su reba\u00f1o de ovejas para emprender un viaje en el que aprendi\u00f3 a escuchar a su coraz\u00f3n y descifrar un lenguaje que est\u00e1 m\u00e1s all\u00e1 de las palabras. Nos recuerda la incapacidad que las personas tienen para escoger su propio destino. Nos habla de la leyenda personal que cada persona tiene. Vivir la leyenda personal es la raz\u00f3n de vivir. Y cuando quieres algo, todo el Universo conspira para que realices tu deseo, tu sue\u00f1o. El joven pastor viaja en busca de su tesoro escondido siguiendo las se\u00f1ales. Dios escribi\u00f3 en el mundo el camino que cada hombre debe seguir. S\u00f3lo hay que leer lo que \u00c9l escribi\u00f3 para cada uno de nosotros. El Alquimista es comparado con otros libros conocidos como El Principito o Juan Salvador Gaviota. Con este viaje por las arenas del desierto, Paulo Coelho crea un s\u00edmbolo hermoso y revelador de la vida, el hombre y sus sue\u00f1os.<\/p>\n","protected":false},"excerpt":{"rendered":"<p>Este libro relata la historia de un joven pastor andaluz que un d\u00eda dej\u00f3 su reba\u00f1o de ovejas para emprender un viaje en el que aprendi\u00f3 a escuchar a su coraz\u00f3n y descifrar un lenguaje que est\u00e1 m\u00e1s all\u00e1 de las palabras. Nos recuerda la incapacidad que las personas tienen para escoger su propio destino. [&hellip;]<\/p>\n","protected":false},"featured_media":3201,"template":"","meta":[],"product_brand":[],"product_cat":[25],"product_tag":[54,392,391],"class_list":{"0":"post-3226","1":"product","2":"type-product","3":"status-publish","4":"has-post-thumbnail","6":"product_cat-libros-digitales-ebooks","7":"product_tag-descargar-ebook","8":"product_tag-el-alquimista","9":"product_tag-paulo-coelho","11":"first","12":"instock","13":"shipping-taxable","14":"purchasable","15":"product-type-variable","16":"has-default-attributes"},"_links":{"self":[{"href":"https:\/\/www.taller-palabras.com\/WordPress_04\/wp-json\/wp\/v2\/product\/3226","targetHints":{"allow":["GET"]}}],"collection":[{"href":"https:\/\/www.taller-palabras.com\/WordPress_04\/wp-json\/wp\/v2\/product"}],"about":[{"href":"https:\/\/www.taller-palabras.com\/WordPress_04\/wp-json\/wp\/v2\/types\/product"}],"wp:featuredmedia":[{"embeddable":true,"href":"https:\/\/www.taller-palabras.com\/WordPress_04\/wp-json\/wp\/v2\/media\/3201"}],"wp:attachment":[{"href":"https:\/\/www.taller-palabras.com\/WordPress_04\/wp-json\/wp\/v2\/media?parent=3226"}],"wp:term":[{"taxonomy":"product_brand","embeddable":true,"href":"https:\/\/www.taller-palabras.com\/WordPress_04\/wp-json\/wp\/v2\/product_brand?post=3226"},{"taxonomy":"product_cat","embeddable":true,"href":"https:\/\/www.taller-palabras.com\/WordPress_04\/wp-json\/wp\/v2\/product_cat?post=3226"},{"taxonomy":"product_tag","embeddable":true,"href":"https:\/\/www.taller-palabras.com\/WordPress_04\/wp-json\/wp\/v2\/product_tag?post=3226"}],"curies":[{"name":"wp","href":"https:\/\/api.w.org\/{rel}","templated":true}]}}