{"id":3274,"date":"2020-01-12T15:49:06","date_gmt":"2020-01-12T18:49:06","guid":{"rendered":"https:\/\/www.taller-palabras.com\/WordPress_04\/?post_type=product&#038;p=3274"},"modified":"2026-03-31T12:13:38","modified_gmt":"2026-03-31T15:13:38","slug":"la-hojarasca-gabriel-garcia-marquez-ebook","status":"publish","type":"product","link":"https:\/\/www.taller-palabras.com\/WordPress_04\/producto\/la-hojarasca-gabriel-garcia-marquez-ebook","title":{"rendered":"La hojarasca &#8211; Gabriel Garc\u00eda M\u00e1rquez  \/ebook"},"content":{"rendered":"<figure id=\"attachment_823\" aria-describedby=\"caption-attachment-823\" style=\"width: 150px\" class=\"wp-caption alignleft\"><img loading=\"lazy\" decoding=\"async\" class=\"wp-image-823 size-thumbnail\" src=\"https:\/\/www.taller-palabras.com\/WordPress_04\/wp-content\/uploads\/2020\/01\/garcia_marquez-150x150.jpg\" alt=\"\" width=\"150\" height=\"150\" srcset=\"https:\/\/www.taller-palabras.com\/WordPress_04\/wp-content\/uploads\/2020\/01\/garcia_marquez-150x150.jpg 150w, https:\/\/www.taller-palabras.com\/WordPress_04\/wp-content\/uploads\/2020\/01\/garcia_marquez-100x100.jpg 100w\" sizes=\"auto, (max-width: 150px) 100vw, 150px\" \/><figcaption id=\"caption-attachment-823\" class=\"wp-caption-text\">Autor Gabriel Garc\u00eda M\u00e1rquez<\/figcaption><\/figure>\n<p>En \u00abLa Hojarasca\u00bb naci\u00f3 Macondo, ese poblach\u00f3n cercano a la costa atl\u00e1ntica colombiana que ya se ha convertido en uno de los grandes mitos de la literatura universal. En \u00e9l transcurre la historia de un entierro imposible. Ha muerto un personaje extra\u00f1o, un antiguo m\u00e9dico odiado por el pueblo, y un viejo coronel retirado, para cumplir una promesa, se ha empe\u00f1ado en enterrarle frente a la oposici\u00f3n de todo el poblado y sus autoridades.<\/p>\n","protected":false},"excerpt":{"rendered":"<p>En \u00abLa Hojarasca\u00bb naci\u00f3 Macondo, ese poblach\u00f3n cercano a la costa atl\u00e1ntica colombiana que ya se ha convertido en uno de los grandes mitos de la literatura universal. En \u00e9l transcurre la historia de un entierro imposible. Ha muerto un personaje extra\u00f1o, un antiguo m\u00e9dico odiado por el pueblo, y un viejo coronel retirado, para [&hellip;]<\/p>\n","protected":false},"featured_media":3271,"template":"","meta":[],"product_brand":[1706],"product_cat":[25],"product_tag":[136,171,396,55],"class_list":{"0":"post-3274","1":"product","2":"type-product","3":"status-publish","4":"has-post-thumbnail","6":"product_brand-grupo1","7":"product_cat-libros-digitales-ebooks","8":"product_tag-decargar-ebook","9":"product_tag-gabriel-garcia-marquez","10":"product_tag-la-hojarasca","11":"product_tag-novelas","13":"first","14":"instock","15":"shipping-taxable","16":"purchasable","17":"product-type-variable","18":"has-default-attributes"},"_links":{"self":[{"href":"https:\/\/www.taller-palabras.com\/WordPress_04\/wp-json\/wp\/v2\/product\/3274","targetHints":{"allow":["GET"]}}],"collection":[{"href":"https:\/\/www.taller-palabras.com\/WordPress_04\/wp-json\/wp\/v2\/product"}],"about":[{"href":"https:\/\/www.taller-palabras.com\/WordPress_04\/wp-json\/wp\/v2\/types\/product"}],"wp:featuredmedia":[{"embeddable":true,"href":"https:\/\/www.taller-palabras.com\/WordPress_04\/wp-json\/wp\/v2\/media\/3271"}],"wp:attachment":[{"href":"https:\/\/www.taller-palabras.com\/WordPress_04\/wp-json\/wp\/v2\/media?parent=3274"}],"wp:term":[{"taxonomy":"product_brand","embeddable":true,"href":"https:\/\/www.taller-palabras.com\/WordPress_04\/wp-json\/wp\/v2\/product_brand?post=3274"},{"taxonomy":"product_cat","embeddable":true,"href":"https:\/\/www.taller-palabras.com\/WordPress_04\/wp-json\/wp\/v2\/product_cat?post=3274"},{"taxonomy":"product_tag","embeddable":true,"href":"https:\/\/www.taller-palabras.com\/WordPress_04\/wp-json\/wp\/v2\/product_tag?post=3274"}],"curies":[{"name":"wp","href":"https:\/\/api.w.org\/{rel}","templated":true}]}}