{"id":3281,"date":"2021-03-26T11:39:39","date_gmt":"2021-03-26T14:39:39","guid":{"rendered":"https:\/\/www.taller-palabras.com\/WordPress_04\/?post_type=product&#038;p=3281"},"modified":"2023-11-18T13:47:09","modified_gmt":"2023-11-18T16:47:09","slug":"la-trilogia-de-nueva-york-paul-auster-ebook","status":"publish","type":"product","link":"https:\/\/www.taller-palabras.com\/WordPress_04\/producto\/la-trilogia-de-nueva-york-paul-auster-ebook","title":{"rendered":"La trilog\u00eda de Nueva York &#8211; Paul Auster \/ebook"},"content":{"rendered":"<figure id=\"attachment_2239\" aria-describedby=\"caption-attachment-2239\" style=\"width: 150px\" class=\"wp-caption alignleft\"><img loading=\"lazy\" decoding=\"async\" class=\"wp-image-2239 size-thumbnail\" src=\"https:\/\/www.taller-palabras.com\/WordPress_04\/wp-content\/uploads\/2020\/07\/PaulAuster-150x150.jpg\" alt=\"\" width=\"150\" height=\"150\" srcset=\"https:\/\/www.taller-palabras.com\/WordPress_04\/wp-content\/uploads\/2020\/07\/PaulAuster-150x150.jpg 150w, https:\/\/www.taller-palabras.com\/WordPress_04\/wp-content\/uploads\/2020\/07\/PaulAuster-324x324.jpg 324w, https:\/\/www.taller-palabras.com\/WordPress_04\/wp-content\/uploads\/2020\/07\/PaulAuster-100x100.jpg 100w\" sizes=\"auto, (max-width: 150px) 100vw, 150px\" \/><figcaption id=\"caption-attachment-2239\" class=\"wp-caption-text\">Autor Paul Auster<\/figcaption><\/figure>\n<p>A Daniel Quinn, escritor de literatura policiaca, su equivocado interlocutor telef\u00f3nico lo toma por un detective y le encarga un caso. As\u00ed comienza Ciudad de cristal, primera de las tres novelas que conforman La trilog\u00eda de Nueva York. Quinn, lejos de deshacer el malentendido, se mete en el papel y se ve envuelto en una historia repleta de enigmas, complicadas relaciones paternofiliales, locura y delirio. En Fantasmas, segunda de las piezas, un detective privado y el hombre al que tiene que vigilar juegan al escondite en un claustrof\u00f3bico universo urbano. Por \u00faltimo, en La habitaci\u00f3n cerrada el protagonista se ve confrontado a los recuerdos de un amigo de la infancia cuando la mujer de \u00e9ste le escribe una carta explic\u00e1ndole que su marido ha desaparecido misteriosamente. En La trilog\u00eda de Nueva York el escritor maneja, manipula y reinventa el g\u00e9nero policiaco, del que hace una re-lectura posmoderna con tintes metaf\u00edsicos. La trama detectivesca sirve para plantear al lector un fascinante juego de espejos, s\u00edmbolos, gui\u00f1os y sorpresas.<\/p>\n","protected":false},"excerpt":{"rendered":"<p>A Daniel Quinn, escritor de literatura policiaca, su equivocado interlocutor telef\u00f3nico lo toma por un detective y le encarga un caso. As\u00ed comienza Ciudad de cristal, primera de las tres novelas que conforman La trilog\u00eda de Nueva York. Quinn, lejos de deshacer el malentendido, se mete en el papel y se ve envuelto en una [&hellip;]<\/p>\n","protected":false},"featured_media":3273,"template":"","meta":[],"product_brand":[],"product_cat":[25],"product_tag":[54,397,45,233],"class_list":{"0":"post-3281","1":"product","2":"type-product","3":"status-publish","4":"has-post-thumbnail","6":"product_cat-libros-digitales-ebooks","7":"product_tag-descargar-ebook","8":"product_tag-la-trilogia-de-nueva-york","9":"product_tag-mejor-novela","10":"product_tag-paul-auster","12":"first","13":"instock","14":"shipping-taxable","15":"purchasable","16":"product-type-variable","17":"has-default-attributes"},"_links":{"self":[{"href":"https:\/\/www.taller-palabras.com\/WordPress_04\/wp-json\/wp\/v2\/product\/3281","targetHints":{"allow":["GET"]}}],"collection":[{"href":"https:\/\/www.taller-palabras.com\/WordPress_04\/wp-json\/wp\/v2\/product"}],"about":[{"href":"https:\/\/www.taller-palabras.com\/WordPress_04\/wp-json\/wp\/v2\/types\/product"}],"wp:featuredmedia":[{"embeddable":true,"href":"https:\/\/www.taller-palabras.com\/WordPress_04\/wp-json\/wp\/v2\/media\/3273"}],"wp:attachment":[{"href":"https:\/\/www.taller-palabras.com\/WordPress_04\/wp-json\/wp\/v2\/media?parent=3281"}],"wp:term":[{"taxonomy":"product_brand","embeddable":true,"href":"https:\/\/www.taller-palabras.com\/WordPress_04\/wp-json\/wp\/v2\/product_brand?post=3281"},{"taxonomy":"product_cat","embeddable":true,"href":"https:\/\/www.taller-palabras.com\/WordPress_04\/wp-json\/wp\/v2\/product_cat?post=3281"},{"taxonomy":"product_tag","embeddable":true,"href":"https:\/\/www.taller-palabras.com\/WordPress_04\/wp-json\/wp\/v2\/product_tag?post=3281"}],"curies":[{"name":"wp","href":"https:\/\/api.w.org\/{rel}","templated":true}]}}