{"id":3299,"date":"2021-03-26T11:54:51","date_gmt":"2021-03-26T14:54:51","guid":{"rendered":"https:\/\/www.taller-palabras.com\/WordPress_04\/?post_type=product&#038;p=3299"},"modified":"2024-01-02T10:58:02","modified_gmt":"2024-01-02T13:58:02","slug":"carrie-stephen-king-ebook","status":"publish","type":"product","link":"https:\/\/www.taller-palabras.com\/WordPress_04\/producto\/carrie-stephen-king-ebook","title":{"rendered":"Carrie &#8211; Stephen King \/ebook"},"content":{"rendered":"<figure id=\"attachment_2450\" aria-describedby=\"caption-attachment-2450\" style=\"width: 150px\" class=\"wp-caption alignleft\"><img loading=\"lazy\" decoding=\"async\" class=\"wp-image-2450 size-thumbnail\" src=\"https:\/\/www.taller-palabras.com\/WordPress_04\/wp-content\/uploads\/2020\/09\/StephenKing-150x150.jpg\" alt=\"\" width=\"150\" height=\"150\" srcset=\"https:\/\/www.taller-palabras.com\/WordPress_04\/wp-content\/uploads\/2020\/09\/StephenKing-150x150.jpg 150w, https:\/\/www.taller-palabras.com\/WordPress_04\/wp-content\/uploads\/2020\/09\/StephenKing-100x100.jpg 100w\" sizes=\"auto, (max-width: 150px) 100vw, 150px\" \/><figcaption id=\"caption-attachment-2450\" class=\"wp-caption-text\">Autor Stephen King<\/figcaption><\/figure>\n<p>El escalofriante caso de una joven de apariencia insignificante que se transform\u00f3 en un ser de poderes anormales, sembrando el terror en la ciudad.<\/p>\n<p>Con pulso m\u00e1gico para mantener la tensi\u00f3n a lo largo de todo el libro, Stephen King narra la atormentada adolescencia de Carrie, y nos envuelve en una atm\u00f3sfera sobrecogedora cuando la muchacha realiza una serie de descubrimientos hasta llegar al terrible momento de la venganza.<\/p>\n<p>Esta novela fue llevada al cine con un inmenso \u00e9xito de p\u00fablico y cr\u00edtica.<\/p>\n","protected":false},"excerpt":{"rendered":"<p>El escalofriante caso de una joven de apariencia insignificante que se transform\u00f3 en un ser de poderes anormales, sembrando el terror en la ciudad. Con pulso m\u00e1gico para mantener la tensi\u00f3n a lo largo de todo el libro, Stephen King narra la atormentada adolescencia de Carrie, y nos envuelve en una atm\u00f3sfera sobrecogedora cuando la [&hellip;]<\/p>\n","protected":false},"featured_media":3269,"template":"","meta":[],"product_brand":[],"product_cat":[25],"product_tag":[399,54,45,272],"class_list":{"0":"post-3299","1":"product","2":"type-product","3":"status-publish","4":"has-post-thumbnail","6":"product_cat-libros-digitales-ebooks","7":"product_tag-carrie","8":"product_tag-descargar-ebook","9":"product_tag-mejor-novela","10":"product_tag-stephen-king","12":"first","13":"instock","14":"shipping-taxable","15":"purchasable","16":"product-type-variable","17":"has-default-attributes"},"_links":{"self":[{"href":"https:\/\/www.taller-palabras.com\/WordPress_04\/wp-json\/wp\/v2\/product\/3299","targetHints":{"allow":["GET"]}}],"collection":[{"href":"https:\/\/www.taller-palabras.com\/WordPress_04\/wp-json\/wp\/v2\/product"}],"about":[{"href":"https:\/\/www.taller-palabras.com\/WordPress_04\/wp-json\/wp\/v2\/types\/product"}],"wp:featuredmedia":[{"embeddable":true,"href":"https:\/\/www.taller-palabras.com\/WordPress_04\/wp-json\/wp\/v2\/media\/3269"}],"wp:attachment":[{"href":"https:\/\/www.taller-palabras.com\/WordPress_04\/wp-json\/wp\/v2\/media?parent=3299"}],"wp:term":[{"taxonomy":"product_brand","embeddable":true,"href":"https:\/\/www.taller-palabras.com\/WordPress_04\/wp-json\/wp\/v2\/product_brand?post=3299"},{"taxonomy":"product_cat","embeddable":true,"href":"https:\/\/www.taller-palabras.com\/WordPress_04\/wp-json\/wp\/v2\/product_cat?post=3299"},{"taxonomy":"product_tag","embeddable":true,"href":"https:\/\/www.taller-palabras.com\/WordPress_04\/wp-json\/wp\/v2\/product_tag?post=3299"}],"curies":[{"name":"wp","href":"https:\/\/api.w.org\/{rel}","templated":true}]}}