{"id":3307,"date":"2020-01-12T15:50:57","date_gmt":"2020-01-12T18:50:57","guid":{"rendered":"https:\/\/www.taller-palabras.com\/WordPress_04\/?post_type=product&#038;p=3307"},"modified":"2026-03-31T12:13:32","modified_gmt":"2026-03-31T15:13:32","slug":"ojos-de-perro-azul-gabriel-garcia-marquez-ebook","status":"publish","type":"product","link":"https:\/\/www.taller-palabras.com\/WordPress_04\/producto\/ojos-de-perro-azul-gabriel-garcia-marquez-ebook","title":{"rendered":"Ojos de perro azul &#8211; Gabriel Garc\u00eda M\u00e1rquez  \/ebook"},"content":{"rendered":"<figure id=\"attachment_823\" aria-describedby=\"caption-attachment-823\" style=\"width: 150px\" class=\"wp-caption alignleft\"><img loading=\"lazy\" decoding=\"async\" class=\"wp-image-823 size-thumbnail\" src=\"https:\/\/www.taller-palabras.com\/WordPress_04\/wp-content\/uploads\/2020\/01\/garcia_marquez-150x150.jpg\" alt=\"\" width=\"150\" height=\"150\" srcset=\"https:\/\/www.taller-palabras.com\/WordPress_04\/wp-content\/uploads\/2020\/01\/garcia_marquez-150x150.jpg 150w, https:\/\/www.taller-palabras.com\/WordPress_04\/wp-content\/uploads\/2020\/01\/garcia_marquez-100x100.jpg 100w\" sizes=\"auto, (max-width: 150px) 100vw, 150px\" \/><figcaption id=\"caption-attachment-823\" class=\"wp-caption-text\">Autor Gabriel Garc\u00eda M\u00e1rquez<\/figcaption><\/figure>\n<p>Estos relatos tempranos de Gabriel Garc\u00eda M\u00e1rquez fueron escritos y publicados entre 1947 y 1955, aunque, como libro, Ojos de Perro Azul no aparecer\u00eda hasta 1974 cuando el escritor ya hab\u00eda publicado otros dos libros de relatos y cuatro novelas, de las que la \u00faltima, Cien a\u00f1os de soledad, le proporcionar\u00eda su primer gran \u00e9xito internacional. En este libro se incluye su primer cuento c\u00e9lebre, el Mon\u00f3logo de Isabel viendo llover en Macondo, escenario de sus obras posteriores. El personaje de Isabel reaparecer\u00e1 en su primera novela, y el tema de la lluvia cayendo interminablemente, en su personal versi\u00f3n del diluvio universal, acabar\u00eda integr\u00e1ndose suave y flexiblemente en Cien a\u00f1os de soledad. Este relato, incluido en todas las antolog\u00edas del cuento latinoamericano de nuestros d\u00edas, fue la primera piedra de ese gigantesco edificio, tan imaginario como real, que terminar\u00eda fundando el espacio literario m\u00e1s poderoso de las letras universales de nuestro tiempo: Macondo.<\/p>\n","protected":false},"excerpt":{"rendered":"<p>Estos relatos tempranos de Gabriel Garc\u00eda M\u00e1rquez fueron escritos y publicados entre 1947 y 1955, aunque, como libro, Ojos de Perro Azul no aparecer\u00eda hasta 1974 cuando el escritor ya hab\u00eda publicado otros dos libros de relatos y cuatro novelas, de las que la \u00faltima, Cien a\u00f1os de soledad, le proporcionar\u00eda su primer gran \u00e9xito [&hellip;]<\/p>\n","protected":false},"featured_media":3315,"template":"","meta":[],"product_brand":[1706],"product_cat":[25],"product_tag":[136,171,55,400],"class_list":{"0":"post-3307","1":"product","2":"type-product","3":"status-publish","4":"has-post-thumbnail","6":"product_brand-grupo1","7":"product_cat-libros-digitales-ebooks","8":"product_tag-decargar-ebook","9":"product_tag-gabriel-garcia-marquez","10":"product_tag-novelas","11":"product_tag-ojos-de-perro-azul","13":"first","14":"instock","15":"shipping-taxable","16":"purchasable","17":"product-type-variable","18":"has-default-attributes"},"_links":{"self":[{"href":"https:\/\/www.taller-palabras.com\/WordPress_04\/wp-json\/wp\/v2\/product\/3307","targetHints":{"allow":["GET"]}}],"collection":[{"href":"https:\/\/www.taller-palabras.com\/WordPress_04\/wp-json\/wp\/v2\/product"}],"about":[{"href":"https:\/\/www.taller-palabras.com\/WordPress_04\/wp-json\/wp\/v2\/types\/product"}],"wp:featuredmedia":[{"embeddable":true,"href":"https:\/\/www.taller-palabras.com\/WordPress_04\/wp-json\/wp\/v2\/media\/3315"}],"wp:attachment":[{"href":"https:\/\/www.taller-palabras.com\/WordPress_04\/wp-json\/wp\/v2\/media?parent=3307"}],"wp:term":[{"taxonomy":"product_brand","embeddable":true,"href":"https:\/\/www.taller-palabras.com\/WordPress_04\/wp-json\/wp\/v2\/product_brand?post=3307"},{"taxonomy":"product_cat","embeddable":true,"href":"https:\/\/www.taller-palabras.com\/WordPress_04\/wp-json\/wp\/v2\/product_cat?post=3307"},{"taxonomy":"product_tag","embeddable":true,"href":"https:\/\/www.taller-palabras.com\/WordPress_04\/wp-json\/wp\/v2\/product_tag?post=3307"}],"curies":[{"name":"wp","href":"https:\/\/api.w.org\/{rel}","templated":true}]}}