{"id":3319,"date":"2020-01-12T15:51:12","date_gmt":"2020-01-12T18:51:12","guid":{"rendered":"https:\/\/www.taller-palabras.com\/WordPress_04\/?post_type=product&#038;p=3319"},"modified":"2026-03-31T12:13:27","modified_gmt":"2026-03-31T15:13:27","slug":"todos-los-cuentos-gabriel-garcia-marquez-ebook","status":"publish","type":"product","link":"https:\/\/www.taller-palabras.com\/WordPress_04\/producto\/todos-los-cuentos-gabriel-garcia-marquez-ebook","title":{"rendered":"Todos los cuentos &#8211; Gabriel Garc\u00eda M\u00e1rquez  \/ebook"},"content":{"rendered":"<figure id=\"attachment_823\" aria-describedby=\"caption-attachment-823\" style=\"width: 150px\" class=\"wp-caption alignleft\"><img loading=\"lazy\" decoding=\"async\" class=\"wp-image-823 size-thumbnail\" src=\"https:\/\/www.taller-palabras.com\/WordPress_04\/wp-content\/uploads\/2020\/01\/garcia_marquez-150x150.jpg\" alt=\"\" width=\"150\" height=\"150\" srcset=\"https:\/\/www.taller-palabras.com\/WordPress_04\/wp-content\/uploads\/2020\/01\/garcia_marquez-150x150.jpg 150w, https:\/\/www.taller-palabras.com\/WordPress_04\/wp-content\/uploads\/2020\/01\/garcia_marquez-100x100.jpg 100w\" sizes=\"auto, (max-width: 150px) 100vw, 150px\" \/><figcaption id=\"caption-attachment-823\" class=\"wp-caption-text\">Autor Gabriel Garc\u00eda M\u00e1rquez<\/figcaption><\/figure>\n<p>Este volumen excepcional re\u00fane por primera vez todos los cuentos del Premio Nobel de Literatura Gabriel Garc\u00eda M\u00e1rquez. El lector encontrar\u00e1 sus relatos tempranos recogidos bajo el t\u00edtulo Ojos de perro azul, donde se incluye \u00abMon\u00f3logo de Isabel viendo llover en Macondo\u00bb, c\u00e9lebre texto que puso los cimientos del gigantesco edificio, tan imaginario como real, de lo que acabar\u00eda siendo el espacio literario m\u00e1s poderoso de las letras universales de nuestro tiempo: Macondo. Con Macondo se inauguraron los a\u00f1os del realismo m\u00e1gico y de los personajes inmersos en el mundo denso y frutal del Caribe americano. De esta etapa, en plena madurez del autor, son sus siguientes libros de cuentos: Los funerales de la Mam\u00e1 Grande, donde se narran las fastuosas exequias de la aut\u00e9ntica soberana de Macondo, y La incre\u00edble y triste historia de la c\u00e1ndida Er\u00e9ndida y de su abuela desalmada. Los relatos m\u00e1s recientes, los de Doce cuentos peregrinos, trasladan el escenario a la vieja Europa para hablarnos de la suerte de los latinoamericanos emigrados, de su melancol\u00eda y su tenacidad. Son cuarenta y un relatos imprescindibles que recorren la trayectoria del autor de Cien a\u00f1os de soledad y que constituyen un impresionante legado para la literatura universal.<\/p>\n","protected":false},"excerpt":{"rendered":"<p>Este volumen excepcional re\u00fane por primera vez todos los cuentos del Premio Nobel de Literatura Gabriel Garc\u00eda M\u00e1rquez. El lector encontrar\u00e1 sus relatos tempranos recogidos bajo el t\u00edtulo Ojos de perro azul, donde se incluye \u00abMon\u00f3logo de Isabel viendo llover en Macondo\u00bb, c\u00e9lebre texto que puso los cimientos del gigantesco edificio, tan imaginario como real, [&hellip;]<\/p>\n","protected":false},"featured_media":3314,"template":"","meta":[],"product_brand":[1706],"product_cat":[25],"product_tag":[136,171,55,401],"class_list":{"0":"post-3319","1":"product","2":"type-product","3":"status-publish","4":"has-post-thumbnail","6":"product_brand-grupo1","7":"product_cat-libros-digitales-ebooks","8":"product_tag-decargar-ebook","9":"product_tag-gabriel-garcia-marquez","10":"product_tag-novelas","11":"product_tag-todos-los-cuentos","13":"first","14":"instock","15":"shipping-taxable","16":"purchasable","17":"product-type-variable","18":"has-default-attributes"},"_links":{"self":[{"href":"https:\/\/www.taller-palabras.com\/WordPress_04\/wp-json\/wp\/v2\/product\/3319","targetHints":{"allow":["GET"]}}],"collection":[{"href":"https:\/\/www.taller-palabras.com\/WordPress_04\/wp-json\/wp\/v2\/product"}],"about":[{"href":"https:\/\/www.taller-palabras.com\/WordPress_04\/wp-json\/wp\/v2\/types\/product"}],"wp:featuredmedia":[{"embeddable":true,"href":"https:\/\/www.taller-palabras.com\/WordPress_04\/wp-json\/wp\/v2\/media\/3314"}],"wp:attachment":[{"href":"https:\/\/www.taller-palabras.com\/WordPress_04\/wp-json\/wp\/v2\/media?parent=3319"}],"wp:term":[{"taxonomy":"product_brand","embeddable":true,"href":"https:\/\/www.taller-palabras.com\/WordPress_04\/wp-json\/wp\/v2\/product_brand?post=3319"},{"taxonomy":"product_cat","embeddable":true,"href":"https:\/\/www.taller-palabras.com\/WordPress_04\/wp-json\/wp\/v2\/product_cat?post=3319"},{"taxonomy":"product_tag","embeddable":true,"href":"https:\/\/www.taller-palabras.com\/WordPress_04\/wp-json\/wp\/v2\/product_tag?post=3319"}],"curies":[{"name":"wp","href":"https:\/\/api.w.org\/{rel}","templated":true}]}}