{"id":332,"date":"2018-11-03T14:38:03","date_gmt":"2018-11-03T17:38:03","guid":{"rendered":"https:\/\/www.taller-palabras.com\/WordPress_04\/?post_type=product&#038;p=332"},"modified":"2023-10-01T12:49:11","modified_gmt":"2023-10-01T15:49:11","slug":"la-historia-interminable-michael-ende-ebook","status":"publish","type":"product","link":"https:\/\/www.taller-palabras.com\/WordPress_04\/producto\/la-historia-interminable-michael-ende-ebook","title":{"rendered":"La historia interminable &#8211; Michael Ende  \/ebook ilustrado"},"content":{"rendered":"<figure id=\"attachment_333\" aria-describedby=\"caption-attachment-333\" style=\"width: 150px\" class=\"wp-caption alignleft\"><img loading=\"lazy\" decoding=\"async\" class=\"wp-image-333 size-thumbnail\" src=\"https:\/\/www.taller-palabras.com\/WordPress_04\/wp-content\/uploads\/2018\/11\/michael-ende-150x150.jpg\" alt=\"\" width=\"150\" height=\"150\" srcset=\"https:\/\/www.taller-palabras.com\/WordPress_04\/wp-content\/uploads\/2018\/11\/michael-ende-150x150.jpg 150w, https:\/\/www.taller-palabras.com\/WordPress_04\/wp-content\/uploads\/2018\/11\/michael-ende-300x298.jpg 300w, https:\/\/www.taller-palabras.com\/WordPress_04\/wp-content\/uploads\/2018\/11\/michael-ende-324x324.jpg 324w, https:\/\/www.taller-palabras.com\/WordPress_04\/wp-content\/uploads\/2018\/11\/michael-ende-416x413.jpg 416w, https:\/\/www.taller-palabras.com\/WordPress_04\/wp-content\/uploads\/2018\/11\/michael-ende-100x100.jpg 100w, https:\/\/www.taller-palabras.com\/WordPress_04\/wp-content\/uploads\/2018\/11\/michael-ende.jpg 709w\" sizes=\"auto, (max-width: 150px) 100vw, 150px\" \/><figcaption id=\"caption-attachment-333\" class=\"wp-caption-text\">Autor Michael Ende<\/figcaption><\/figure>\n<p>\u00bfQu\u00e9 es Fantasia? Fantasia es la Historia Interminable. \u00bfD\u00f3nde est\u00e1 escrita esa historia? En un libro de tapas color cobre. \u00bfD\u00f3nde est\u00e1 ese libro? Entonces estaba en el desv\u00e1n de un colegio\u2026 Estas son las tres preguntas que formulan los Pensadores Profundos, y las tres sencillas respuestas que reciben de Basti\u00e1n. Pero para saber realmente lo que es Fantasia hay que leer \u00e9se, es decir, este libro. El que tienes en tus manos. La Emperatriz Infantil est\u00e1 mortalmente enferma y su reino corre un grave peligro. La salvaci\u00f3n depende de Atreyu, un valiente guerrero de la tribu de los pieles verdes, y Basti\u00e1n, un ni\u00f1o t\u00edmido que lee con pasi\u00f3n un libro m\u00e1gico. Mil aventuras les llevar\u00e1n a reunirse y a conocer una fabulosa galer\u00eda de personajes, y juntos dar forma a una de las grandes creaciones de la literatura de todos los tiempos. Basti\u00e1n Baltasar Bux es un ni\u00f1o de once a\u00f1os que descubre en una librer\u00eda un libro titulado La Historia Interminable que tiene poderes m\u00e1gicos. Esa magia hace que el mismo Basti\u00e1n se convierta en un h\u00e9roe de esa historia que parece no terminarse nunca, en la que se unir\u00e1 a Atreyu, otro ni\u00f1o, con el objetivo de salvar al mundo de Fantasia, amenazado por el devorador avance de la Nada. Esta novela, de la que se han vendido millones de ejemplares en todo el mundo, puede satisfacer tanto a j\u00f3venes como a adultos. A Michael Ende se le ha concedido en dos ocasiones el Deutscher Jugendbuchpreis.<\/p>\n","protected":false},"excerpt":{"rendered":"<p>\u00bfQu\u00e9 es Fantasia? Fantasia es la Historia Interminable. \u00bfD\u00f3nde est\u00e1 escrita esa historia? En un libro de tapas color cobre. \u00bfD\u00f3nde est\u00e1 ese libro? Entonces estaba en el desv\u00e1n de un colegio\u2026 Estas son las tres preguntas que formulan los Pensadores Profundos, y las tres sencillas respuestas que reciben de Basti\u00e1n. Pero para saber realmente [&hellip;]<\/p>\n","protected":false},"featured_media":334,"template":"","meta":[],"product_brand":[],"product_cat":[25],"product_tag":[54,107,106,55],"class_list":{"0":"post-332","1":"product","2":"type-product","3":"status-publish","4":"has-post-thumbnail","6":"product_cat-libros-digitales-ebooks","7":"product_tag-descargar-ebook","8":"product_tag-la-historia-interminable","9":"product_tag-michael-ende","10":"product_tag-novelas","12":"first","13":"instock","14":"shipping-taxable","15":"purchasable","16":"product-type-variable","17":"has-default-attributes"},"_links":{"self":[{"href":"https:\/\/www.taller-palabras.com\/WordPress_04\/wp-json\/wp\/v2\/product\/332","targetHints":{"allow":["GET"]}}],"collection":[{"href":"https:\/\/www.taller-palabras.com\/WordPress_04\/wp-json\/wp\/v2\/product"}],"about":[{"href":"https:\/\/www.taller-palabras.com\/WordPress_04\/wp-json\/wp\/v2\/types\/product"}],"wp:featuredmedia":[{"embeddable":true,"href":"https:\/\/www.taller-palabras.com\/WordPress_04\/wp-json\/wp\/v2\/media\/334"}],"wp:attachment":[{"href":"https:\/\/www.taller-palabras.com\/WordPress_04\/wp-json\/wp\/v2\/media?parent=332"}],"wp:term":[{"taxonomy":"product_brand","embeddable":true,"href":"https:\/\/www.taller-palabras.com\/WordPress_04\/wp-json\/wp\/v2\/product_brand?post=332"},{"taxonomy":"product_cat","embeddable":true,"href":"https:\/\/www.taller-palabras.com\/WordPress_04\/wp-json\/wp\/v2\/product_cat?post=332"},{"taxonomy":"product_tag","embeddable":true,"href":"https:\/\/www.taller-palabras.com\/WordPress_04\/wp-json\/wp\/v2\/product_tag?post=332"}],"curies":[{"name":"wp","href":"https:\/\/api.w.org\/{rel}","templated":true}]}}