{"id":3323,"date":"2021-03-27T11:40:21","date_gmt":"2021-03-27T14:40:21","guid":{"rendered":"https:\/\/www.taller-palabras.com\/WordPress_04\/?post_type=product&#038;p=3323"},"modified":"2024-02-08T12:52:20","modified_gmt":"2024-02-08T15:52:20","slug":"las-batallas-silenciadas-nieves-munoz-ebook","status":"publish","type":"product","link":"https:\/\/www.taller-palabras.com\/WordPress_04\/producto\/las-batallas-silenciadas-nieves-munoz-ebook","title":{"rendered":"Las batallas silenciadas- Nieves Mu\u00f1oz  \/ebook"},"content":{"rendered":"<figure id=\"attachment_3327\" aria-describedby=\"caption-attachment-3327\" style=\"width: 150px\" class=\"wp-caption alignleft\"><img loading=\"lazy\" decoding=\"async\" class=\"wp-image-3327 size-thumbnail\" src=\"https:\/\/www.taller-palabras.com\/WordPress_04\/wp-content\/uploads\/2021\/03\/NIEVES-MUNOZ-150x150.jpg\" alt=\"\" width=\"150\" height=\"150\" srcset=\"https:\/\/www.taller-palabras.com\/WordPress_04\/wp-content\/uploads\/2021\/03\/NIEVES-MUNOZ-150x150.jpg 150w, https:\/\/www.taller-palabras.com\/WordPress_04\/wp-content\/uploads\/2021\/03\/NIEVES-MUNOZ-100x100.jpg 100w, https:\/\/www.taller-palabras.com\/WordPress_04\/wp-content\/uploads\/2021\/03\/NIEVES-MUNOZ.jpg 283w\" sizes=\"auto, (max-width: 150px) 100vw, 150px\" \/><figcaption id=\"caption-attachment-3327\" class=\"wp-caption-text\">Autora Nieves Mu\u00f1oz<\/figcaption><\/figure>\n<p>Verdun, 1916. Cuando estalla la Gran Guerra, Irene Curie toma una decisi\u00f3n: la de estar lo m\u00e1s cerca posible del frente. Convencida de que ayudar\u00e1 a salvar muchas vidas, gastar\u00e1 hasta su \u00faltimo aliento en ense\u00f1ar radiolog\u00eda a los cirujanos en los hospitales de campa\u00f1a mediante aparatos port\u00e1tiles ideados por ella y su madre, Marie Curie.<br \/>\nSu estancia en el hospital de Barleduc se convertir\u00e1 en una lucha para ganarse el respeto de los curtidos militares y de sus compa\u00f1eras\u2026 hasta que estalla la tormenta.<br \/>\nCuando los alemanes bombardean Verdun, comienza una carrera contrarreloj para arrancar de la muerte la mayor cantidad de vidas posible. Junto con una enfermera, Berthe, y una voluntaria, Shirley, se enfrentar\u00e1 al infierno que supuso la batalla m\u00e1s cruenta y larga de la guerra. Y no s\u00f3lo luchar\u00e1n por su propia supervivencia. El cielo y la tierra arden\u2026 y ellas est\u00e1n en el medio de la batalla.<\/p>\n","protected":false},"excerpt":{"rendered":"<p>Verdun, 1916. Cuando estalla la Gran Guerra, Irene Curie toma una decisi\u00f3n: la de estar lo m\u00e1s cerca posible del frente. Convencida de que ayudar\u00e1 a salvar muchas vidas, gastar\u00e1 hasta su \u00faltimo aliento en ense\u00f1ar radiolog\u00eda a los cirujanos en los hospitales de campa\u00f1a mediante aparatos port\u00e1tiles ideados por ella y su madre, Marie [&hellip;]<\/p>\n","protected":false},"featured_media":3328,"template":"","meta":[],"product_brand":[],"product_cat":[25],"product_tag":[136,403,402,55],"class_list":{"0":"post-3323","1":"product","2":"type-product","3":"status-publish","4":"has-post-thumbnail","6":"product_cat-libros-digitales-ebooks","7":"product_tag-decargar-ebook","8":"product_tag-las-batallas-silenciadas","9":"product_tag-nieves-munoz","10":"product_tag-novelas","12":"first","13":"instock","14":"shipping-taxable","15":"purchasable","16":"product-type-variable","17":"has-default-attributes"},"_links":{"self":[{"href":"https:\/\/www.taller-palabras.com\/WordPress_04\/wp-json\/wp\/v2\/product\/3323","targetHints":{"allow":["GET"]}}],"collection":[{"href":"https:\/\/www.taller-palabras.com\/WordPress_04\/wp-json\/wp\/v2\/product"}],"about":[{"href":"https:\/\/www.taller-palabras.com\/WordPress_04\/wp-json\/wp\/v2\/types\/product"}],"wp:featuredmedia":[{"embeddable":true,"href":"https:\/\/www.taller-palabras.com\/WordPress_04\/wp-json\/wp\/v2\/media\/3328"}],"wp:attachment":[{"href":"https:\/\/www.taller-palabras.com\/WordPress_04\/wp-json\/wp\/v2\/media?parent=3323"}],"wp:term":[{"taxonomy":"product_brand","embeddable":true,"href":"https:\/\/www.taller-palabras.com\/WordPress_04\/wp-json\/wp\/v2\/product_brand?post=3323"},{"taxonomy":"product_cat","embeddable":true,"href":"https:\/\/www.taller-palabras.com\/WordPress_04\/wp-json\/wp\/v2\/product_cat?post=3323"},{"taxonomy":"product_tag","embeddable":true,"href":"https:\/\/www.taller-palabras.com\/WordPress_04\/wp-json\/wp\/v2\/product_tag?post=3323"}],"curies":[{"name":"wp","href":"https:\/\/api.w.org\/{rel}","templated":true}]}}