{"id":3383,"date":"2021-03-31T12:05:12","date_gmt":"2021-03-31T15:05:12","guid":{"rendered":"https:\/\/www.taller-palabras.com\/WordPress_04\/?post_type=product&#038;p=3383"},"modified":"2026-03-31T12:16:17","modified_gmt":"2026-03-31T15:16:17","slug":"historia-de-la-eternidad-jorge-luis-borges-ebook","status":"publish","type":"product","link":"https:\/\/www.taller-palabras.com\/WordPress_04\/producto\/historia-de-la-eternidad-jorge-luis-borges-ebook","title":{"rendered":"Historia de la eternidad &#8211; Jorge Luis Borges \/ebook)"},"content":{"rendered":"<figure id=\"attachment_2902\" aria-describedby=\"caption-attachment-2902\" style=\"width: 150px\" class=\"wp-caption alignleft\"><img loading=\"lazy\" decoding=\"async\" class=\"wp-image-2902 size-thumbnail\" src=\"https:\/\/www.taller-palabras.com\/WordPress_04\/wp-content\/uploads\/2020\/12\/JorgeLuisBorges-150x150.jpg\" alt=\"\" width=\"150\" height=\"150\" srcset=\"https:\/\/www.taller-palabras.com\/WordPress_04\/wp-content\/uploads\/2020\/12\/JorgeLuisBorges-150x150.jpg 150w, https:\/\/www.taller-palabras.com\/WordPress_04\/wp-content\/uploads\/2020\/12\/JorgeLuisBorges-100x100.jpg 100w\" sizes=\"auto, (max-width: 150px) 100vw, 150px\" \/><figcaption id=\"caption-attachment-2902\" class=\"wp-caption-text\">Autor Jorge Luis Borges<\/figcaption><\/figure>\n<p>Una reflexi\u00f3n sobre el tiempo, el infinito y lo finito, entre otros asuntos que s\u00f3lo pueden tener que ver son su admirable sabidur\u00eda filos\u00f3fica. \u00abSi los destinos de Edgar Allan Poe, de los vikings, de Judas Iscariote y de mi lector secretamente son el mismo destino el \u00fanico destino posible, la historia universal es la de un solo hombre.\u00bb En los tratados contenidos en este volumen Borges habla de la esencia del tiempo, que se concreta bien en el mecanismo de una met\u00e1fora, bien en una refutaci\u00f3n filos\u00f3fica. El asunto es la coincidencia, la ocupaci\u00f3n de un mismo lugar f\u00edsico o mental, la repetici\u00f3n, la versi\u00f3n. As\u00ed, el ensayo sobre los traductores de \u00abLas mil y una noches\u00bb tiene su eco en los s\u00edmiles de la literatura germ\u00e1nica antigua; la doctrina de los ciclos halla su espejo en las ense\u00f1anzas de la termodin\u00e1mica. \u00abHistoria de la eternidad\u00bb, cuya primera edici\u00f3n data de 1936, prefigura ya los contornos del Borges del medio siglo posterior.<\/p>\n","protected":false},"excerpt":{"rendered":"<p>Una reflexi\u00f3n sobre el tiempo, el infinito y lo finito, entre otros asuntos que s\u00f3lo pueden tener que ver son su admirable sabidur\u00eda filos\u00f3fica. \u00abSi los destinos de Edgar Allan Poe, de los vikings, de Judas Iscariote y de mi lector secretamente son el mismo destino el \u00fanico destino posible, la historia universal es la [&hellip;]<\/p>\n","protected":false},"featured_media":3337,"template":"","meta":[],"product_brand":[1706],"product_cat":[25],"product_tag":[54,409,346,225],"class_list":{"0":"post-3383","1":"product","2":"type-product","3":"status-publish","4":"has-post-thumbnail","6":"product_brand-grupo1","7":"product_cat-libros-digitales-ebooks","8":"product_tag-descargar-ebook","9":"product_tag-historia-de-la-eternidad","10":"product_tag-jorge-luis-borges","11":"product_tag-mejores-novelas","13":"first","14":"instock","15":"shipping-taxable","16":"purchasable","17":"product-type-variable","18":"has-default-attributes"},"_links":{"self":[{"href":"https:\/\/www.taller-palabras.com\/WordPress_04\/wp-json\/wp\/v2\/product\/3383","targetHints":{"allow":["GET"]}}],"collection":[{"href":"https:\/\/www.taller-palabras.com\/WordPress_04\/wp-json\/wp\/v2\/product"}],"about":[{"href":"https:\/\/www.taller-palabras.com\/WordPress_04\/wp-json\/wp\/v2\/types\/product"}],"wp:featuredmedia":[{"embeddable":true,"href":"https:\/\/www.taller-palabras.com\/WordPress_04\/wp-json\/wp\/v2\/media\/3337"}],"wp:attachment":[{"href":"https:\/\/www.taller-palabras.com\/WordPress_04\/wp-json\/wp\/v2\/media?parent=3383"}],"wp:term":[{"taxonomy":"product_brand","embeddable":true,"href":"https:\/\/www.taller-palabras.com\/WordPress_04\/wp-json\/wp\/v2\/product_brand?post=3383"},{"taxonomy":"product_cat","embeddable":true,"href":"https:\/\/www.taller-palabras.com\/WordPress_04\/wp-json\/wp\/v2\/product_cat?post=3383"},{"taxonomy":"product_tag","embeddable":true,"href":"https:\/\/www.taller-palabras.com\/WordPress_04\/wp-json\/wp\/v2\/product_tag?post=3383"}],"curies":[{"name":"wp","href":"https:\/\/api.w.org\/{rel}","templated":true}]}}