{"id":3387,"date":"2022-03-31T12:08:31","date_gmt":"2022-03-31T15:08:31","guid":{"rendered":"https:\/\/www.taller-palabras.com\/WordPress_04\/?post_type=product&#038;p=3387"},"modified":"2026-03-31T12:56:36","modified_gmt":"2026-03-31T15:56:36","slug":"cuentos-completos-juan-carlos-onetti-ebook","status":"publish","type":"product","link":"https:\/\/www.taller-palabras.com\/WordPress_04\/producto\/cuentos-completos-juan-carlos-onetti-ebook","title":{"rendered":"Cuentos completos &#8211; Juan Carlos Onetti \/ebook)"},"content":{"rendered":"<figure id=\"attachment_3391\" aria-describedby=\"caption-attachment-3391\" style=\"width: 150px\" class=\"wp-caption alignleft\"><img loading=\"lazy\" decoding=\"async\" class=\"wp-image-3391 size-thumbnail\" src=\"https:\/\/www.taller-palabras.com\/WordPress_04\/wp-content\/uploads\/2021\/03\/Juan-Carlos-Onetti-150x150.jpg\" alt=\"\" width=\"150\" height=\"150\" srcset=\"https:\/\/www.taller-palabras.com\/WordPress_04\/wp-content\/uploads\/2021\/03\/Juan-Carlos-Onetti-150x150.jpg 150w, https:\/\/www.taller-palabras.com\/WordPress_04\/wp-content\/uploads\/2021\/03\/Juan-Carlos-Onetti-100x100.jpg 100w\" sizes=\"auto, (max-width: 150px) 100vw, 150px\" \/><figcaption id=\"caption-attachment-3391\" class=\"wp-caption-text\">Autor Juan Carlos Onetti<\/figcaption><\/figure>\n<p>Juan Carlos Onetti cre\u00f3 un universo literario capaz de conmover y cautivar por su magia y tambi\u00e9n por su perplejo pesimismo. Este libro recoge sus cuentos completos en una edici\u00f3n revisada por Hortensia Campanella, una nueva oportunidad de recorrer los mundos m\u00e1s sugestivos, de acercarnos a la fantas\u00eda y a los personajes de uno de nuestros cl\u00e1sicos m\u00e1s inquietantes. \u00abOnetti es de esos escritores dotados de una percepci\u00f3n tan singular y poderosa del mundo y de sus propias facultades que son inconfundibles desde las primeras l\u00edneas. Los lectores de Juan Carlos Onetti hemos aprendido que algunos sue\u00f1os pueden convertirse en verdad: cada uno de los relatos de este libro, por ejemplo, es un sue\u00f1o realizado\u00bb. ANTONIO MU\u00d1OZ MOLINA \u00abLos autores latinoamericanos tenemos una deuda impagable con Onetti\u00bb. MARIO VARGAS LLOSA \u00abLas novelas y cuentos de Onetti son las piedras de fundaci\u00f3n de nuestra modernidad. A todos sus descendientes nos dio una lecci\u00f3n de inteligencia narrativa, de construcci\u00f3n sabia, de inmenso amor a la imaginaci\u00f3n literaria\u00bb. CARLOS FUENTES<\/p>\n","protected":false},"excerpt":{"rendered":"<p>Juan Carlos Onetti cre\u00f3 un universo literario capaz de conmover y cautivar por su magia y tambi\u00e9n por su perplejo pesimismo. Este libro recoge sus cuentos completos en una edici\u00f3n revisada por Hortensia Campanella, una nueva oportunidad de recorrer los mundos m\u00e1s sugestivos, de acercarnos a la fantas\u00eda y a los personajes de uno de [&hellip;]<\/p>\n","protected":false},"featured_media":3336,"template":"","meta":[],"product_brand":[1706],"product_cat":[25],"product_tag":[410,54,411,225],"class_list":{"0":"post-3387","1":"product","2":"type-product","3":"status-publish","4":"has-post-thumbnail","6":"product_brand-grupo1","7":"product_cat-libros-digitales-ebooks","8":"product_tag-cuentos-completos","9":"product_tag-descargar-ebook","10":"product_tag-juan-carlos-onetti","11":"product_tag-mejores-novelas","13":"first","14":"instock","15":"shipping-taxable","16":"purchasable","17":"product-type-variable","18":"has-default-attributes"},"_links":{"self":[{"href":"https:\/\/www.taller-palabras.com\/WordPress_04\/wp-json\/wp\/v2\/product\/3387","targetHints":{"allow":["GET"]}}],"collection":[{"href":"https:\/\/www.taller-palabras.com\/WordPress_04\/wp-json\/wp\/v2\/product"}],"about":[{"href":"https:\/\/www.taller-palabras.com\/WordPress_04\/wp-json\/wp\/v2\/types\/product"}],"wp:featuredmedia":[{"embeddable":true,"href":"https:\/\/www.taller-palabras.com\/WordPress_04\/wp-json\/wp\/v2\/media\/3336"}],"wp:attachment":[{"href":"https:\/\/www.taller-palabras.com\/WordPress_04\/wp-json\/wp\/v2\/media?parent=3387"}],"wp:term":[{"taxonomy":"product_brand","embeddable":true,"href":"https:\/\/www.taller-palabras.com\/WordPress_04\/wp-json\/wp\/v2\/product_brand?post=3387"},{"taxonomy":"product_cat","embeddable":true,"href":"https:\/\/www.taller-palabras.com\/WordPress_04\/wp-json\/wp\/v2\/product_cat?post=3387"},{"taxonomy":"product_tag","embeddable":true,"href":"https:\/\/www.taller-palabras.com\/WordPress_04\/wp-json\/wp\/v2\/product_tag?post=3387"}],"curies":[{"name":"wp","href":"https:\/\/api.w.org\/{rel}","templated":true}]}}