{"id":3392,"date":"2021-03-31T12:15:33","date_gmt":"2021-03-31T15:15:33","guid":{"rendered":"https:\/\/www.taller-palabras.com\/WordPress_04\/?post_type=product&#038;p=3392"},"modified":"2024-02-09T17:14:46","modified_gmt":"2024-02-09T20:14:46","slug":"cuentos-completos-edgar-allan-poe-ebook","status":"publish","type":"product","link":"https:\/\/www.taller-palabras.com\/WordPress_04\/producto\/cuentos-completos-edgar-allan-poe-ebook","title":{"rendered":"Cuentos completos &#8211; Edgar Allan Poe \/ebook)"},"content":{"rendered":"<figure id=\"attachment_3396\" aria-describedby=\"caption-attachment-3396\" style=\"width: 150px\" class=\"wp-caption alignleft\"><img loading=\"lazy\" decoding=\"async\" class=\"wp-image-3396 size-thumbnail\" src=\"https:\/\/www.taller-palabras.com\/WordPress_04\/wp-content\/uploads\/2021\/03\/EdgarAllanPoe-150x150.jpg\" alt=\"\" width=\"150\" height=\"150\" srcset=\"https:\/\/www.taller-palabras.com\/WordPress_04\/wp-content\/uploads\/2021\/03\/EdgarAllanPoe-150x150.jpg 150w, https:\/\/www.taller-palabras.com\/WordPress_04\/wp-content\/uploads\/2021\/03\/EdgarAllanPoe-100x100.jpg 100w\" sizes=\"auto, (max-width: 150px) 100vw, 150px\" \/><figcaption id=\"caption-attachment-3396\" class=\"wp-caption-text\">Autor Edgar Allan Poe<\/figcaption><\/figure>\n<p>Edgar Allan Poe llev\u00f3 a cabo lo que ning\u00fan escritor hab\u00eda logrado antes: liberar las terribles im\u00e1genes que atesora el subconsciente para dejarlas caminar entre sus p\u00e1ginas. Abanderado de la novela g\u00f3tica y precursor del relato detectivesco y de la ciencia ficci\u00f3n, sus historias llevan el suspense y el desasosiego hasta una perfecci\u00f3n nunca alcanzada y quiz\u00e1 jam\u00e1s alcanzable de nuevo. \u00abCuentos completos\u00bb re\u00fane un total de setenta piezas, de las cuales siete eran in\u00e9ditas hasta ahora en castellano. Thomas Ollive Mabbot, m\u00e1xima figura en el estudio de la obra de Poe, firma la esclarecedora introducci\u00f3n. Asimismo, a cada relato corresponde una sucinta nota editorial, anexos que completamos, cerrando el tomo, con los prefacios que el propio autor compuso para \u00abTales of the Folio Club\u00bb y \u00abTales of the Grotesque and Arabesque\u00bb y los escritos de su coet\u00e1neo y principal valedor europeo, Charles Baudelaire.<\/p>\n","protected":false},"excerpt":{"rendered":"<p>Edgar Allan Poe llev\u00f3 a cabo lo que ning\u00fan escritor hab\u00eda logrado antes: liberar las terribles im\u00e1genes que atesora el subconsciente para dejarlas caminar entre sus p\u00e1ginas. Abanderado de la novela g\u00f3tica y precursor del relato detectivesco y de la ciencia ficci\u00f3n, sus historias llevan el suspense y el desasosiego hasta una perfecci\u00f3n nunca alcanzada [&hellip;]<\/p>\n","protected":false},"featured_media":3334,"template":"","meta":[],"product_brand":[],"product_cat":[25],"product_tag":[410,54,412,225],"class_list":{"0":"post-3392","1":"product","2":"type-product","3":"status-publish","4":"has-post-thumbnail","6":"product_cat-libros-digitales-ebooks","7":"product_tag-cuentos-completos","8":"product_tag-descargar-ebook","9":"product_tag-edgar-allan-poe","10":"product_tag-mejores-novelas","12":"first","13":"instock","14":"shipping-taxable","15":"purchasable","16":"product-type-variable","17":"has-default-attributes"},"_links":{"self":[{"href":"https:\/\/www.taller-palabras.com\/WordPress_04\/wp-json\/wp\/v2\/product\/3392","targetHints":{"allow":["GET"]}}],"collection":[{"href":"https:\/\/www.taller-palabras.com\/WordPress_04\/wp-json\/wp\/v2\/product"}],"about":[{"href":"https:\/\/www.taller-palabras.com\/WordPress_04\/wp-json\/wp\/v2\/types\/product"}],"wp:featuredmedia":[{"embeddable":true,"href":"https:\/\/www.taller-palabras.com\/WordPress_04\/wp-json\/wp\/v2\/media\/3334"}],"wp:attachment":[{"href":"https:\/\/www.taller-palabras.com\/WordPress_04\/wp-json\/wp\/v2\/media?parent=3392"}],"wp:term":[{"taxonomy":"product_brand","embeddable":true,"href":"https:\/\/www.taller-palabras.com\/WordPress_04\/wp-json\/wp\/v2\/product_brand?post=3392"},{"taxonomy":"product_cat","embeddable":true,"href":"https:\/\/www.taller-palabras.com\/WordPress_04\/wp-json\/wp\/v2\/product_cat?post=3392"},{"taxonomy":"product_tag","embeddable":true,"href":"https:\/\/www.taller-palabras.com\/WordPress_04\/wp-json\/wp\/v2\/product_tag?post=3392"}],"curies":[{"name":"wp","href":"https:\/\/api.w.org\/{rel}","templated":true}]}}