{"id":3408,"date":"2021-04-12T11:18:19","date_gmt":"2021-04-12T14:18:19","guid":{"rendered":"https:\/\/www.taller-palabras.com\/WordPress_04\/?post_type=product&#038;p=3408"},"modified":"2024-02-09T20:57:11","modified_gmt":"2024-02-09T23:57:11","slug":"la-delicadeza-david-foenkinos-ebook","status":"publish","type":"product","link":"https:\/\/www.taller-palabras.com\/WordPress_04\/producto\/la-delicadeza-david-foenkinos-ebook","title":{"rendered":"La delicadeza &#8211; David Foenkinos \/ebook"},"content":{"rendered":"<figure id=\"attachment_3412\" aria-describedby=\"caption-attachment-3412\" style=\"width: 150px\" class=\"wp-caption alignleft\"><img loading=\"lazy\" decoding=\"async\" class=\"wp-image-3412 size-thumbnail\" src=\"https:\/\/www.taller-palabras.com\/WordPress_04\/wp-content\/uploads\/2021\/04\/DavidFoenkinos-150x150.jpg\" alt=\"\" width=\"150\" height=\"150\" srcset=\"https:\/\/www.taller-palabras.com\/WordPress_04\/wp-content\/uploads\/2021\/04\/DavidFoenkinos-150x150.jpg 150w, https:\/\/www.taller-palabras.com\/WordPress_04\/wp-content\/uploads\/2021\/04\/DavidFoenkinos-100x100.jpg 100w\" sizes=\"auto, (max-width: 150px) 100vw, 150px\" \/><figcaption id=\"caption-attachment-3412\" class=\"wp-caption-text\">Autor David Foenkinos<\/figcaption><\/figure>\n<p>Nathalie es una mujer afortunada. Felizmente casada con Fran\u00e7ois, pasa los d\u00edas rodeada de risas y libros. Un d\u00eda la pena llama a su puerta: Fran\u00e7ois muere inesperadamente. Nathalie languidece entonces entre las paredes de su casa y se vuelca en la ofi cina. Pero justo cuando ha dejado de creer en la magia de la vida, \u00e9sta vuelve a sorprenderla y revelarse en su forma m\u00e1s maravillosa.<\/p>\n","protected":false},"excerpt":{"rendered":"<p>Nathalie es una mujer afortunada. Felizmente casada con Fran\u00e7ois, pasa los d\u00edas rodeada de risas y libros. Un d\u00eda la pena llama a su puerta: Fran\u00e7ois muere inesperadamente. Nathalie languidece entonces entre las paredes de su casa y se vuelca en la ofi cina. Pero justo cuando ha dejado de creer en la magia de [&hellip;]<\/p>\n","protected":false},"featured_media":3413,"template":"","meta":[],"product_brand":[],"product_cat":[25],"product_tag":[417,54,416,225],"class_list":{"0":"post-3408","1":"product","2":"type-product","3":"status-publish","4":"has-post-thumbnail","6":"product_cat-libros-digitales-ebooks","7":"product_tag-david-foenkinos","8":"product_tag-descargar-ebook","9":"product_tag-la-delicadeza","10":"product_tag-mejores-novelas","12":"first","13":"instock","14":"shipping-taxable","15":"purchasable","16":"product-type-variable","17":"has-default-attributes"},"_links":{"self":[{"href":"https:\/\/www.taller-palabras.com\/WordPress_04\/wp-json\/wp\/v2\/product\/3408","targetHints":{"allow":["GET"]}}],"collection":[{"href":"https:\/\/www.taller-palabras.com\/WordPress_04\/wp-json\/wp\/v2\/product"}],"about":[{"href":"https:\/\/www.taller-palabras.com\/WordPress_04\/wp-json\/wp\/v2\/types\/product"}],"wp:featuredmedia":[{"embeddable":true,"href":"https:\/\/www.taller-palabras.com\/WordPress_04\/wp-json\/wp\/v2\/media\/3413"}],"wp:attachment":[{"href":"https:\/\/www.taller-palabras.com\/WordPress_04\/wp-json\/wp\/v2\/media?parent=3408"}],"wp:term":[{"taxonomy":"product_brand","embeddable":true,"href":"https:\/\/www.taller-palabras.com\/WordPress_04\/wp-json\/wp\/v2\/product_brand?post=3408"},{"taxonomy":"product_cat","embeddable":true,"href":"https:\/\/www.taller-palabras.com\/WordPress_04\/wp-json\/wp\/v2\/product_cat?post=3408"},{"taxonomy":"product_tag","embeddable":true,"href":"https:\/\/www.taller-palabras.com\/WordPress_04\/wp-json\/wp\/v2\/product_tag?post=3408"}],"curies":[{"name":"wp","href":"https:\/\/api.w.org\/{rel}","templated":true}]}}