{"id":3417,"date":"2021-04-13T12:01:37","date_gmt":"2021-04-13T15:01:37","guid":{"rendered":"https:\/\/www.taller-palabras.com\/WordPress_04\/?post_type=product&#038;p=3417"},"modified":"2024-02-10T16:56:28","modified_gmt":"2024-02-10T19:56:28","slug":"guerra-y-paz-leon-tolstoi-ebook","status":"publish","type":"product","link":"https:\/\/www.taller-palabras.com\/WordPress_04\/producto\/guerra-y-paz-leon-tolstoi-ebook","title":{"rendered":"Guerra y paz  &#8211; Leon Tolstoi  \/ebook"},"content":{"rendered":"<figure id=\"attachment_181\" aria-describedby=\"caption-attachment-181\" style=\"width: 150px\" class=\"wp-caption alignleft\"><img loading=\"lazy\" decoding=\"async\" class=\"wp-image-181 size-thumbnail\" src=\"https:\/\/www.taller-palabras.com\/WordPress_04\/wp-content\/uploads\/2018\/10\/Tolstoy-150x150.jpg\" alt=\"\" width=\"150\" height=\"150\" srcset=\"https:\/\/www.taller-palabras.com\/WordPress_04\/wp-content\/uploads\/2018\/10\/Tolstoy-150x150.jpg 150w, https:\/\/www.taller-palabras.com\/WordPress_04\/wp-content\/uploads\/2018\/10\/Tolstoy-324x324.jpg 324w, https:\/\/www.taller-palabras.com\/WordPress_04\/wp-content\/uploads\/2018\/10\/Tolstoy-100x100.jpg 100w\" sizes=\"auto, (max-width: 150px) 100vw, 150px\" \/><figcaption id=\"caption-attachment-181\" class=\"wp-caption-text\">Autor Leon Tolstoi<\/figcaption><\/figure>\n<p>Obra cumbre, junto a \u00abAna Karenina\u00bb, de Lev Tolst\u00f3i y de la narrativa del siglo XIX, \u00abGuerra y paz\u00bb constituye un vasto fresco hist\u00f3rico y \u00e9pico. Con la campa\u00f1a napole\u00f3nica contra Rusia como trasfondo \u2014Austerliz, Borodino o el incendio de Mosc\u00fa\u2014 entre los a\u00f1os 1805 y 1813, se nos cuenta la historia de dos familias de la nobleza rusa, los Bolkonski y los Rostov, protagonistas de un mundo que empieza a escenificar su propia desaparici\u00f3n. Pocas veces tenemos la oportunidad de leer una versi\u00f3n distinta de un cl\u00e1sico indiscutible. Hasta ahora, todas las traducciones de \u00abGuerra y paz\u00bb se basaban en la edici\u00f3n can\u00f3nica de 1873. Fue en 1983 cuando la Academia Sovi\u00e9tica de Ciencias public\u00f3 lo que ellos llamaron la \u00abedici\u00f3n original\u00bb, la primera versi\u00f3n que Tolst\u00f3i escribi\u00f3 en 1866 y que ahora publicamos por primera vez en castellano, en la espl\u00e9ndida traducci\u00f3n de Gala Arias Rubio.<\/p>\n<p>&nbsp;<\/p>\n<p>&nbsp;<\/p>\n<p>Estos formatos digitales los puedes leer en cualquier \u00abLector digital\u00bb o en los celulares y\/o tablets con una aplicaci\u00f3n que puedes bajar\u00a0<a href=\"https:\/\/www.uptodown.com\/android\/buscar\/ebooks\" target=\"_blank\" rel=\"noopener noreferrer\">AQU\u00cd<\/a>. O si lo quieres leer en tu PC y\/o Laptop puedes bajarte este programa\u00a0<a href=\"http:\/\/www.adobe.com\/es\/solutions\/ebook\/digital-editions\/download.html\" target=\"_blank\" rel=\"noopener noreferrer\">AQU\u00cd\u00a0\u00a0<\/a>Tambi\u00e9n puedes bajar un lector de tu store preferido \ud83d\ude09<\/p>\n","protected":false},"excerpt":{"rendered":"<p>Obra cumbre, junto a \u00abAna Karenina\u00bb, de Lev Tolst\u00f3i y de la narrativa del siglo XIX, \u00abGuerra y paz\u00bb constituye un vasto fresco hist\u00f3rico y \u00e9pico. Con la campa\u00f1a napole\u00f3nica contra Rusia como trasfondo \u2014Austerliz, Borodino o el incendio de Mosc\u00fa\u2014 entre los a\u00f1os 1805 y 1813, se nos cuenta la historia de dos familias [&hellip;]<\/p>\n","protected":false},"featured_media":3421,"template":"","meta":[],"product_brand":[],"product_cat":[25],"product_tag":[54,418,70,72],"class_list":{"0":"post-3417","1":"product","2":"type-product","3":"status-publish","4":"has-post-thumbnail","6":"product_cat-libros-digitales-ebooks","7":"product_tag-descargar-ebook","8":"product_tag-guerra-y-paz","9":"product_tag-leon-tolstoi","10":"product_tag-novelas-clasicas","12":"first","13":"instock","14":"shipping-taxable","15":"purchasable","16":"product-type-variable","17":"has-default-attributes"},"_links":{"self":[{"href":"https:\/\/www.taller-palabras.com\/WordPress_04\/wp-json\/wp\/v2\/product\/3417","targetHints":{"allow":["GET"]}}],"collection":[{"href":"https:\/\/www.taller-palabras.com\/WordPress_04\/wp-json\/wp\/v2\/product"}],"about":[{"href":"https:\/\/www.taller-palabras.com\/WordPress_04\/wp-json\/wp\/v2\/types\/product"}],"wp:featuredmedia":[{"embeddable":true,"href":"https:\/\/www.taller-palabras.com\/WordPress_04\/wp-json\/wp\/v2\/media\/3421"}],"wp:attachment":[{"href":"https:\/\/www.taller-palabras.com\/WordPress_04\/wp-json\/wp\/v2\/media?parent=3417"}],"wp:term":[{"taxonomy":"product_brand","embeddable":true,"href":"https:\/\/www.taller-palabras.com\/WordPress_04\/wp-json\/wp\/v2\/product_brand?post=3417"},{"taxonomy":"product_cat","embeddable":true,"href":"https:\/\/www.taller-palabras.com\/WordPress_04\/wp-json\/wp\/v2\/product_cat?post=3417"},{"taxonomy":"product_tag","embeddable":true,"href":"https:\/\/www.taller-palabras.com\/WordPress_04\/wp-json\/wp\/v2\/product_tag?post=3417"}],"curies":[{"name":"wp","href":"https:\/\/api.w.org\/{rel}","templated":true}]}}