{"id":3434,"date":"2021-04-23T10:43:02","date_gmt":"2021-04-23T13:43:02","guid":{"rendered":"https:\/\/www.taller-palabras.com\/WordPress_04\/?post_type=product&#038;p=3434"},"modified":"2023-12-23T17:35:00","modified_gmt":"2023-12-23T20:35:00","slug":"canta-la-hierba-doris-lessing-ebook","status":"publish","type":"product","link":"https:\/\/www.taller-palabras.com\/WordPress_04\/producto\/canta-la-hierba-doris-lessing-ebook","title":{"rendered":"Canta la hierba &#8211; Doris Lessing \/ebook"},"content":{"rendered":"<figure id=\"attachment_2356\" aria-describedby=\"caption-attachment-2356\" style=\"width: 150px\" class=\"wp-caption alignleft\"><img loading=\"lazy\" decoding=\"async\" class=\"wp-image-2356 size-thumbnail\" src=\"https:\/\/www.taller-palabras.com\/WordPress_04\/wp-content\/uploads\/2020\/08\/dorisLessing-150x150.jpg\" alt=\"\" width=\"150\" height=\"150\" srcset=\"https:\/\/www.taller-palabras.com\/WordPress_04\/wp-content\/uploads\/2020\/08\/dorisLessing-150x150.jpg 150w, https:\/\/www.taller-palabras.com\/WordPress_04\/wp-content\/uploads\/2020\/08\/dorisLessing-100x100.jpg 100w\" sizes=\"auto, (max-width: 150px) 100vw, 150px\" \/><figcaption id=\"caption-attachment-2356\" class=\"wp-caption-text\">Autora Doris Lessing<\/figcaption><\/figure>\n<p>Un asesinato es el punto de arranque de esta novela publicada en 1950, la primera de Doris Lessing, autora galardonada con el premio Pr\u00edncipe de Asturias de las letras. Situada en la Sur\u00e1frica segregacionista, Canta la hierba describe la historia de una mujer blanca en el seno de una sociedad dividida por el color de la piel y en la que imperan la injusticia y la desesperaci\u00f3n. Mary Turner, una blanca de origen pobre nacida en la Sur\u00e1frica del apartheid, se convierte en una joven urbana, independiente y trabajadora. Un d\u00eda sorprende a sus amigas cotilleando acerca de ella y decide casarse para silenciar los rumores. Tras un per\u00edodo de angustiosa espera, Mary conoce a un granjero que la convierte en objeto de su amor. Pero las convenciones de la comunidad blanca y la relaci\u00f3n con los nativos cambian su vida hasta l\u00edmites insospechados.<\/p>\n","protected":false},"excerpt":{"rendered":"<p>Un asesinato es el punto de arranque de esta novela publicada en 1950, la primera de Doris Lessing, autora galardonada con el premio Pr\u00edncipe de Asturias de las letras. Situada en la Sur\u00e1frica segregacionista, Canta la hierba describe la historia de una mujer blanca en el seno de una sociedad dividida por el color de [&hellip;]<\/p>\n","protected":false},"featured_media":3438,"template":"","meta":[],"product_brand":[],"product_cat":[25],"product_tag":[420,54,255,45],"class_list":{"0":"post-3434","1":"product","2":"type-product","3":"status-publish","4":"has-post-thumbnail","6":"product_cat-libros-digitales-ebooks","7":"product_tag-canta-la-hierba","8":"product_tag-descargar-ebook","9":"product_tag-doris-lessing","10":"product_tag-mejor-novela","12":"first","13":"instock","14":"shipping-taxable","15":"purchasable","16":"product-type-variable","17":"has-default-attributes"},"_links":{"self":[{"href":"https:\/\/www.taller-palabras.com\/WordPress_04\/wp-json\/wp\/v2\/product\/3434","targetHints":{"allow":["GET"]}}],"collection":[{"href":"https:\/\/www.taller-palabras.com\/WordPress_04\/wp-json\/wp\/v2\/product"}],"about":[{"href":"https:\/\/www.taller-palabras.com\/WordPress_04\/wp-json\/wp\/v2\/types\/product"}],"wp:featuredmedia":[{"embeddable":true,"href":"https:\/\/www.taller-palabras.com\/WordPress_04\/wp-json\/wp\/v2\/media\/3438"}],"wp:attachment":[{"href":"https:\/\/www.taller-palabras.com\/WordPress_04\/wp-json\/wp\/v2\/media?parent=3434"}],"wp:term":[{"taxonomy":"product_brand","embeddable":true,"href":"https:\/\/www.taller-palabras.com\/WordPress_04\/wp-json\/wp\/v2\/product_brand?post=3434"},{"taxonomy":"product_cat","embeddable":true,"href":"https:\/\/www.taller-palabras.com\/WordPress_04\/wp-json\/wp\/v2\/product_cat?post=3434"},{"taxonomy":"product_tag","embeddable":true,"href":"https:\/\/www.taller-palabras.com\/WordPress_04\/wp-json\/wp\/v2\/product_tag?post=3434"}],"curies":[{"name":"wp","href":"https:\/\/api.w.org\/{rel}","templated":true}]}}