{"id":345,"date":"2018-11-03T14:56:14","date_gmt":"2018-11-03T17:56:14","guid":{"rendered":"https:\/\/www.taller-palabras.com\/WordPress_04\/?post_type=product&#038;p=345"},"modified":"2023-10-01T18:02:12","modified_gmt":"2023-10-01T21:02:12","slug":"la-vida-cuando-era-nuestra-marian-izaguirre-ebook","status":"publish","type":"product","link":"https:\/\/www.taller-palabras.com\/WordPress_04\/producto\/la-vida-cuando-era-nuestra-marian-izaguirre-ebook","title":{"rendered":"La vida cuando era nuestra &#8211; Marian Izaguirre  \/ebook"},"content":{"rendered":"<figure id=\"attachment_349\" aria-describedby=\"caption-attachment-349\" style=\"width: 150px\" class=\"wp-caption alignleft\"><img loading=\"lazy\" decoding=\"async\" class=\"wp-image-349 size-thumbnail\" src=\"https:\/\/www.taller-palabras.com\/WordPress_04\/wp-content\/uploads\/2018\/11\/marian-izaguirre-150x150.jpg\" alt=\"\" width=\"150\" height=\"150\" srcset=\"https:\/\/www.taller-palabras.com\/WordPress_04\/wp-content\/uploads\/2018\/11\/marian-izaguirre-150x150.jpg 150w, https:\/\/www.taller-palabras.com\/WordPress_04\/wp-content\/uploads\/2018\/11\/marian-izaguirre-324x324.jpg 324w, https:\/\/www.taller-palabras.com\/WordPress_04\/wp-content\/uploads\/2018\/11\/marian-izaguirre-100x100.jpg 100w\" sizes=\"auto, (max-width: 150px) 100vw, 150px\" \/><figcaption id=\"caption-attachment-349\" class=\"wp-caption-text\">Autora Marian Izaguirre<\/figcaption><\/figure>\n<p>\u00abA\u00f1oro la vida cuando era nuestra\u00bb, comenta Lola, la protagonista de esta novela, y esa vida, que era tan suya y tan llena de ilusi\u00f3n, estaba hecha de libros y de charlas de caf\u00e9, de siestas l\u00e1nguidas y de proyectos para construir un pa\u00eds, Espa\u00f1a, que aprend\u00eda paso a paso las reglas de la democracia. Pero lleg\u00f3 un d\u00eda de 1936 en que el vivir se convirti\u00f3 en puro resistir, y ahora, quince a\u00f1os despu\u00e9s de todo aquello, s\u00f3lo queda una peque\u00f1a tienda, una librer\u00eda de viejo medio escondida en uno de los viejos barrios de Madrid, donde Lola y su marido Mat\u00edas acuden cada ma\u00f1ana para vender novelitas rom\u00e1nticas, cl\u00e1sicos olvidados y l\u00e1pices de colores a quien se acerque. Es aqu\u00ed, en ese lugar modesto, donde una tarde de 1951 Lola conocer\u00e1 a Alice, una mujer que ha encontrado en los libros su raz\u00f3n de vivir. Siguiendo la mirada de Lola y Alice, vi\u00e9ndolas sentadas detr\u00e1s del pobre mostrador y leyendo juntas el mismo libro, iremos lejos, hasta Inglaterra, y atr\u00e1s en el tiempo, hacia principios del siglo XX, para conocer a una ni\u00f1a que creci\u00f3 pregunt\u00e1ndose qui\u00e9nes eran sus padres. La vida cuando era nuestra es un homenaje a la lectura, pero es sobre todo la historia de dos mujeres, una que poco sabe de la vida y otra que quiz\u00e1 sabe demasiado, aunque no pueda hablar. Entre estas miradas c\u00f3mplices anda el talento de Marian Izaguirre.<\/p>\n","protected":false},"excerpt":{"rendered":"<p>\u00abA\u00f1oro la vida cuando era nuestra\u00bb, comenta Lola, la protagonista de esta novela, y esa vida, que era tan suya y tan llena de ilusi\u00f3n, estaba hecha de libros y de charlas de caf\u00e9, de siestas l\u00e1nguidas y de proyectos para construir un pa\u00eds, Espa\u00f1a, que aprend\u00eda paso a paso las reglas de la democracia. [&hellip;]<\/p>\n","protected":false},"featured_media":348,"template":"","meta":[],"product_brand":[],"product_cat":[25],"product_tag":[54,110,109,55],"class_list":{"0":"post-345","1":"product","2":"type-product","3":"status-publish","4":"has-post-thumbnail","6":"product_cat-libros-digitales-ebooks","7":"product_tag-descargar-ebook","8":"product_tag-la-vida-cuando-era-nuestra","9":"product_tag-marian-izaguirre","10":"product_tag-novelas","12":"first","13":"instock","14":"shipping-taxable","15":"purchasable","16":"product-type-variable","17":"has-default-attributes"},"_links":{"self":[{"href":"https:\/\/www.taller-palabras.com\/WordPress_04\/wp-json\/wp\/v2\/product\/345","targetHints":{"allow":["GET"]}}],"collection":[{"href":"https:\/\/www.taller-palabras.com\/WordPress_04\/wp-json\/wp\/v2\/product"}],"about":[{"href":"https:\/\/www.taller-palabras.com\/WordPress_04\/wp-json\/wp\/v2\/types\/product"}],"wp:featuredmedia":[{"embeddable":true,"href":"https:\/\/www.taller-palabras.com\/WordPress_04\/wp-json\/wp\/v2\/media\/348"}],"wp:attachment":[{"href":"https:\/\/www.taller-palabras.com\/WordPress_04\/wp-json\/wp\/v2\/media?parent=345"}],"wp:term":[{"taxonomy":"product_brand","embeddable":true,"href":"https:\/\/www.taller-palabras.com\/WordPress_04\/wp-json\/wp\/v2\/product_brand?post=345"},{"taxonomy":"product_cat","embeddable":true,"href":"https:\/\/www.taller-palabras.com\/WordPress_04\/wp-json\/wp\/v2\/product_cat?post=345"},{"taxonomy":"product_tag","embeddable":true,"href":"https:\/\/www.taller-palabras.com\/WordPress_04\/wp-json\/wp\/v2\/product_tag?post=345"}],"curies":[{"name":"wp","href":"https:\/\/api.w.org\/{rel}","templated":true}]}}