{"id":3465,"date":"2021-05-04T10:43:01","date_gmt":"2021-05-04T13:43:01","guid":{"rendered":"https:\/\/www.taller-palabras.com\/WordPress_04\/?post_type=product&#038;p=3465"},"modified":"2024-02-12T10:22:24","modified_gmt":"2024-02-12T13:22:24","slug":"lo-que-el-viento-se-llevo-margaret-mitchell-ebook","status":"publish","type":"product","link":"https:\/\/www.taller-palabras.com\/WordPress_04\/producto\/lo-que-el-viento-se-llevo-margaret-mitchell-ebook","title":{"rendered":"Lo que el viento se llevo &#8211; Margaret Mitchell  \/ebook"},"content":{"rendered":"<figure id=\"attachment_3477\" aria-describedby=\"caption-attachment-3477\" style=\"width: 150px\" class=\"wp-caption alignleft\"><img loading=\"lazy\" decoding=\"async\" class=\"wp-image-3477 size-thumbnail\" src=\"https:\/\/www.taller-palabras.com\/WordPress_04\/wp-content\/uploads\/2021\/05\/margarte-Mitchell-150x150.jpg\" alt=\"\" width=\"150\" height=\"150\" srcset=\"https:\/\/www.taller-palabras.com\/WordPress_04\/wp-content\/uploads\/2021\/05\/margarte-Mitchell-150x150.jpg 150w, https:\/\/www.taller-palabras.com\/WordPress_04\/wp-content\/uploads\/2021\/05\/margarte-Mitchell-324x322.jpg 324w, https:\/\/www.taller-palabras.com\/WordPress_04\/wp-content\/uploads\/2021\/05\/margarte-Mitchell-100x100.jpg 100w\" sizes=\"auto, (max-width: 150px) 100vw, 150px\" \/><figcaption id=\"caption-attachment-3477\" class=\"wp-caption-text\">Autora Margaret Mitchell<\/figcaption><\/figure>\n<p>Scarlett O\u2019Hara vive en Tara, una gran plantaci\u00f3n del estado sure\u00f1o de Georgia, y est\u00e1 enamorada de Ashley Wilkes, que en breve contraer\u00e1 matrimonio con Melanie Hamilton. Estamos en 1861, en los proleg\u00f3menos de la guerra de Secesi\u00f3n, y todos los j\u00f3venes sure\u00f1os muestran entusiasmo por entrar en combate, excepto el atractivo aventurero Rhett Butler. A Butler le gusta Scarlett, pero \u00e9sta sigue enamorada de Ashley, que acaba de hacer p\u00fablico su compromiso con Melanie. Despechada, Scarlett acepta la propuesta de matrimonio de Charles, el hermano de Melanie, al que desprecia. A\u00f1os m\u00e1s tarde, y como consecuencia del final de la guerra, ya viuda, Scarlett debe afrontar situaciones nuevas como el hambre, el dolor y la p\u00e9rdida e instalarse en Atlanta, donde Melanie espera noticias de Ashley y Butler aparece de nuevo&#8230;<\/p>\n","protected":false},"excerpt":{"rendered":"<p>Scarlett O\u2019Hara vive en Tara, una gran plantaci\u00f3n del estado sure\u00f1o de Georgia, y est\u00e1 enamorada de Ashley Wilkes, que en breve contraer\u00e1 matrimonio con Melanie Hamilton. Estamos en 1861, en los proleg\u00f3menos de la guerra de Secesi\u00f3n, y todos los j\u00f3venes sure\u00f1os muestran entusiasmo por entrar en combate, excepto el atractivo aventurero Rhett Butler. [&hellip;]<\/p>\n","protected":false},"featured_media":3469,"template":"","meta":[],"product_brand":[],"product_cat":[25],"product_tag":[54,422,421,45],"class_list":{"0":"post-3465","1":"product","2":"type-product","3":"status-publish","4":"has-post-thumbnail","6":"product_cat-libros-digitales-ebooks","7":"product_tag-descargar-ebook","8":"product_tag-lo-que-el-viento-de-llevo","9":"product_tag-margaret-mitchell","10":"product_tag-mejor-novela","12":"first","13":"instock","14":"shipping-taxable","15":"purchasable","16":"product-type-variable","17":"has-default-attributes"},"_links":{"self":[{"href":"https:\/\/www.taller-palabras.com\/WordPress_04\/wp-json\/wp\/v2\/product\/3465","targetHints":{"allow":["GET"]}}],"collection":[{"href":"https:\/\/www.taller-palabras.com\/WordPress_04\/wp-json\/wp\/v2\/product"}],"about":[{"href":"https:\/\/www.taller-palabras.com\/WordPress_04\/wp-json\/wp\/v2\/types\/product"}],"wp:featuredmedia":[{"embeddable":true,"href":"https:\/\/www.taller-palabras.com\/WordPress_04\/wp-json\/wp\/v2\/media\/3469"}],"wp:attachment":[{"href":"https:\/\/www.taller-palabras.com\/WordPress_04\/wp-json\/wp\/v2\/media?parent=3465"}],"wp:term":[{"taxonomy":"product_brand","embeddable":true,"href":"https:\/\/www.taller-palabras.com\/WordPress_04\/wp-json\/wp\/v2\/product_brand?post=3465"},{"taxonomy":"product_cat","embeddable":true,"href":"https:\/\/www.taller-palabras.com\/WordPress_04\/wp-json\/wp\/v2\/product_cat?post=3465"},{"taxonomy":"product_tag","embeddable":true,"href":"https:\/\/www.taller-palabras.com\/WordPress_04\/wp-json\/wp\/v2\/product_tag?post=3465"}],"curies":[{"name":"wp","href":"https:\/\/api.w.org\/{rel}","templated":true}]}}