{"id":3492,"date":"2019-01-09T09:29:25","date_gmt":"2019-01-09T12:29:25","guid":{"rendered":"https:\/\/www.taller-palabras.com\/WordPress_04\/?post_type=product&#038;p=3492"},"modified":"2023-10-03T13:58:18","modified_gmt":"2023-10-03T16:58:18","slug":"las-edades-de-lulu-almudena-grandes-ebook","status":"publish","type":"product","link":"https:\/\/www.taller-palabras.com\/WordPress_04\/producto\/las-edades-de-lulu-almudena-grandes-ebook","title":{"rendered":"Las edades de Lul\u00fa \u2013 Almudena Grandes \/ebook"},"content":{"rendered":"<figure id=\"attachment_457\" aria-describedby=\"caption-attachment-457\" style=\"width: 150px\" class=\"wp-caption alignleft\"><img loading=\"lazy\" decoding=\"async\" class=\"wp-image-457 size-thumbnail\" src=\"https:\/\/www.taller-palabras.com\/WordPress_04\/wp-content\/uploads\/2019\/03\/almudenagrandes-150x150.jpg\" alt=\"\" width=\"150\" height=\"150\" srcset=\"https:\/\/www.taller-palabras.com\/WordPress_04\/wp-content\/uploads\/2019\/03\/almudenagrandes-150x150.jpg 150w, https:\/\/www.taller-palabras.com\/WordPress_04\/wp-content\/uploads\/2019\/03\/almudenagrandes-300x300.jpg 300w, https:\/\/www.taller-palabras.com\/WordPress_04\/wp-content\/uploads\/2019\/03\/almudenagrandes-324x324.jpg 324w, https:\/\/www.taller-palabras.com\/WordPress_04\/wp-content\/uploads\/2019\/03\/almudenagrandes-100x100.jpg 100w, https:\/\/www.taller-palabras.com\/WordPress_04\/wp-content\/uploads\/2019\/03\/almudenagrandes.jpg 400w\" sizes=\"auto, (max-width: 150px) 100vw, 150px\" \/><figcaption id=\"caption-attachment-457\" class=\"wp-caption-text\">Autora Almudena Grandes<\/figcaption><\/figure>\n<p>Una historia de amor y de sexo que no se resigna a dejar de serlo. Sumida todav\u00eda en los temores de una infancia carente de afecto, Lul\u00fa, una ni\u00f1a de 15 a\u00f1os, sucumbe a la atracci\u00f3n que ejerce sobre ella un joven, amigo de la familia, a quien hasta entonces ella hab\u00eda deseado vagamente. Despu\u00e9s de esta primera experiencia, Lul\u00fa, ni\u00f1a eterna, alimenta durante a\u00f1os, en solitario, el fantasma de aquel hombre que acaba por aceptar el desaf\u00edo de prolongar indefinidamente, en su peculiar relaci\u00f3n sexual, el juego amoroso de la ni\u00f1ez. Crea para ella un mundo aparte, un universo privado donde el tiempo pierde valor. Pero el sortilegio arriesgado de vivir fuera de la realidad se rompe bruscamente un d\u00eda, cuando Lul\u00fa, ya con 30 a\u00f1os, se precipita, indefensa pero febrilmente, en el infierno de los deseos peligrosos.<\/p>\n","protected":false},"excerpt":{"rendered":"<p>Una historia de amor y de sexo que no se resigna a dejar de serlo. Sumida todav\u00eda en los temores de una infancia carente de afecto, Lul\u00fa, una ni\u00f1a de 15 a\u00f1os, sucumbe a la atracci\u00f3n que ejerce sobre ella un joven, amigo de la familia, a quien hasta entonces ella hab\u00eda deseado vagamente. Despu\u00e9s [&hellip;]<\/p>\n","protected":false},"featured_media":3496,"template":"","meta":[],"product_brand":[],"product_cat":[25],"product_tag":[148,136,426,55],"class_list":{"0":"post-3492","1":"product","2":"type-product","3":"status-publish","4":"has-post-thumbnail","6":"product_cat-libros-digitales-ebooks","7":"product_tag-almudena-grandes","8":"product_tag-decargar-ebook","9":"product_tag-las-edades-de-lulu","10":"product_tag-novelas","12":"first","13":"instock","14":"shipping-taxable","15":"purchasable","16":"product-type-variable","17":"has-default-attributes"},"_links":{"self":[{"href":"https:\/\/www.taller-palabras.com\/WordPress_04\/wp-json\/wp\/v2\/product\/3492","targetHints":{"allow":["GET"]}}],"collection":[{"href":"https:\/\/www.taller-palabras.com\/WordPress_04\/wp-json\/wp\/v2\/product"}],"about":[{"href":"https:\/\/www.taller-palabras.com\/WordPress_04\/wp-json\/wp\/v2\/types\/product"}],"wp:featuredmedia":[{"embeddable":true,"href":"https:\/\/www.taller-palabras.com\/WordPress_04\/wp-json\/wp\/v2\/media\/3496"}],"wp:attachment":[{"href":"https:\/\/www.taller-palabras.com\/WordPress_04\/wp-json\/wp\/v2\/media?parent=3492"}],"wp:term":[{"taxonomy":"product_brand","embeddable":true,"href":"https:\/\/www.taller-palabras.com\/WordPress_04\/wp-json\/wp\/v2\/product_brand?post=3492"},{"taxonomy":"product_cat","embeddable":true,"href":"https:\/\/www.taller-palabras.com\/WordPress_04\/wp-json\/wp\/v2\/product_cat?post=3492"},{"taxonomy":"product_tag","embeddable":true,"href":"https:\/\/www.taller-palabras.com\/WordPress_04\/wp-json\/wp\/v2\/product_tag?post=3492"}],"curies":[{"name":"wp","href":"https:\/\/api.w.org\/{rel}","templated":true}]}}