{"id":3504,"date":"2021-05-09T09:42:24","date_gmt":"2021-05-09T12:42:24","guid":{"rendered":"https:\/\/www.taller-palabras.com\/WordPress_04\/?post_type=product&#038;p=3504"},"modified":"2024-02-12T12:38:34","modified_gmt":"2024-02-12T15:38:34","slug":"la-senora-dalloway-virginia-woolf-ebook","status":"publish","type":"product","link":"https:\/\/www.taller-palabras.com\/WordPress_04\/producto\/la-senora-dalloway-virginia-woolf-ebook","title":{"rendered":"La se\u00f1ora Dalloway \u2013 Virginia Woolf \/ebook"},"content":{"rendered":"<figure id=\"attachment_3508\" aria-describedby=\"caption-attachment-3508\" style=\"width: 150px\" class=\"wp-caption alignleft\"><img loading=\"lazy\" decoding=\"async\" class=\"wp-image-3508 size-thumbnail\" src=\"https:\/\/www.taller-palabras.com\/WordPress_04\/wp-content\/uploads\/2021\/05\/VirginiaWoolf-150x150.jpg\" alt=\"\" width=\"150\" height=\"150\" srcset=\"https:\/\/www.taller-palabras.com\/WordPress_04\/wp-content\/uploads\/2021\/05\/VirginiaWoolf-150x150.jpg 150w, https:\/\/www.taller-palabras.com\/WordPress_04\/wp-content\/uploads\/2021\/05\/VirginiaWoolf-100x100.jpg 100w\" sizes=\"auto, (max-width: 150px) 100vw, 150px\" \/><figcaption id=\"caption-attachment-3508\" class=\"wp-caption-text\">Autora Virginia Woolf<\/figcaption><\/figure>\n<p>La novela sigue a Clarissa Dalloway a trav\u00e9s de un solo d\u00eda en Inglaterra despu\u00e9s de la Gran Guerra en una narrativa de estilo de flujo de consciencia. Construida a trav\u00e9s de dos peque\u00f1as historias que Woolf hab\u00eda escrito previamente (&#8216;La se\u00f1ora Dalloway en Bond Street&#8217; y su inconclusa &#8216;El Primer Ministro&#8217;) la historia de la novela son los preparativos de Clarissa para una fiesta que va a ofrecer esa noche. Usando la perspectiva interior de la novela, Woolf se mueve hacia atr\u00e1s y adelante en el tiempo, y dentro y fuera de la mente de varios personajes para construir una imagen completa, no solo de la vida de Clarissa, sino de la estructura social de entreguerras. Debido a similaridades estructurales y estil\u00edsticas, com\u00fanmente se cree que &#8216;La se\u00f1ora Dalloway&#8217; es una respuesta al &#8216;Ulises&#8217; de James Joyce, un texto que es admirado como una de las grandes novelas del siglo XX, algo que Woolf anticip\u00f3, elogiando la obra en su ensayo &#8216;Modern Fiction&#8217;. Sin embargo la Hogarth Press, administrada por ella y su esposo Leonard, no pudo publicar el &#8216;Ulises&#8217; en Inglaterra debido, entre otras causas, a las restricciones de uso de lenguaje obsceno que reg\u00edan en Inglaterra en la \u00e9poca. Fundamentalmente, sin embargo, &#8216;La se\u00f1ora Dalloway&#8217; explora en nuevos terrenos y busca presentar un aspecto diferente de la experiencia humana.<\/p>\n","protected":false},"excerpt":{"rendered":"<p>La novela sigue a Clarissa Dalloway a trav\u00e9s de un solo d\u00eda en Inglaterra despu\u00e9s de la Gran Guerra en una narrativa de estilo de flujo de consciencia. Construida a trav\u00e9s de dos peque\u00f1as historias que Woolf hab\u00eda escrito previamente (&#8216;La se\u00f1ora Dalloway en Bond Street&#8217; y su inconclusa &#8216;El Primer Ministro&#8217;) la historia de [&hellip;]<\/p>\n","protected":false},"featured_media":3503,"template":"","meta":[],"product_brand":[],"product_cat":[25],"product_tag":[136,428,55,427],"class_list":{"0":"post-3504","1":"product","2":"type-product","3":"status-publish","4":"has-post-thumbnail","6":"product_cat-libros-digitales-ebooks","7":"product_tag-decargar-ebook","8":"product_tag-la-senora-dalloway","9":"product_tag-novelas","10":"product_tag-virginia-woolf","12":"first","13":"instock","14":"shipping-taxable","15":"purchasable","16":"product-type-variable","17":"has-default-attributes"},"_links":{"self":[{"href":"https:\/\/www.taller-palabras.com\/WordPress_04\/wp-json\/wp\/v2\/product\/3504","targetHints":{"allow":["GET"]}}],"collection":[{"href":"https:\/\/www.taller-palabras.com\/WordPress_04\/wp-json\/wp\/v2\/product"}],"about":[{"href":"https:\/\/www.taller-palabras.com\/WordPress_04\/wp-json\/wp\/v2\/types\/product"}],"wp:featuredmedia":[{"embeddable":true,"href":"https:\/\/www.taller-palabras.com\/WordPress_04\/wp-json\/wp\/v2\/media\/3503"}],"wp:attachment":[{"href":"https:\/\/www.taller-palabras.com\/WordPress_04\/wp-json\/wp\/v2\/media?parent=3504"}],"wp:term":[{"taxonomy":"product_brand","embeddable":true,"href":"https:\/\/www.taller-palabras.com\/WordPress_04\/wp-json\/wp\/v2\/product_brand?post=3504"},{"taxonomy":"product_cat","embeddable":true,"href":"https:\/\/www.taller-palabras.com\/WordPress_04\/wp-json\/wp\/v2\/product_cat?post=3504"},{"taxonomy":"product_tag","embeddable":true,"href":"https:\/\/www.taller-palabras.com\/WordPress_04\/wp-json\/wp\/v2\/product_tag?post=3504"}],"curies":[{"name":"wp","href":"https:\/\/api.w.org\/{rel}","templated":true}]}}