{"id":3523,"date":"2021-05-09T10:03:05","date_gmt":"2021-05-09T13:03:05","guid":{"rendered":"https:\/\/www.taller-palabras.com\/WordPress_04\/?post_type=product&#038;p=3523"},"modified":"2024-02-12T17:49:50","modified_gmt":"2024-02-12T20:49:50","slug":"dona-flor-y-sus-dos-maridos-jorge-amado-ebook","status":"publish","type":"product","link":"https:\/\/www.taller-palabras.com\/WordPress_04\/producto\/dona-flor-y-sus-dos-maridos-jorge-amado-ebook","title":{"rendered":"Do\u00f1a Flor y sus dos maridos &#8211; Jorge Amado \/ebook"},"content":{"rendered":"<figure id=\"attachment_3522\" aria-describedby=\"caption-attachment-3522\" style=\"width: 150px\" class=\"wp-caption alignleft\"><img loading=\"lazy\" decoding=\"async\" class=\"wp-image-3522 size-thumbnail\" src=\"https:\/\/www.taller-palabras.com\/WordPress_04\/wp-content\/uploads\/2021\/05\/JorgeAmado-150x150.jpg\" alt=\"\" width=\"150\" height=\"150\" srcset=\"https:\/\/www.taller-palabras.com\/WordPress_04\/wp-content\/uploads\/2021\/05\/JorgeAmado-150x150.jpg 150w, https:\/\/www.taller-palabras.com\/WordPress_04\/wp-content\/uploads\/2021\/05\/JorgeAmado-100x100.jpg 100w\" sizes=\"auto, (max-width: 150px) 100vw, 150px\" \/><figcaption id=\"caption-attachment-3522\" class=\"wp-caption-text\">Autor Jorge Amado<\/figcaption><\/figure>\n<p>Magia y realidad confluyen sin disimular en esta novela clara y n\u00edtida, de la que surgen p\u00e1ginas y p\u00e1ginas hilvanadas con admirable desenvoltura y milagroso equilibrio. Jorge Amado entrecruza, con sabia dosificaci\u00f3n, los planos magia-realidad\/amor-gastronom\u00eda, entre la historia principal y una multitud de deliciosos personajes secundarios que act\u00faan como contrapunto. El tono de \u00abDo\u00f1a Flor y sus dos maridos\u00bb es \u00fanico, como lo es su autor, quien sabe pasar sin transiciones del distanciamiento comprensivo a la calidez de la suave iron\u00eda y el apasionamiento. Y es que \u00e9se es el privilegio de este gran autor: crear historias y personajes capaces de trastornar al lector, transport\u00e1ndolo al mundo m\u00e1gico y sensual de Bah\u00eda.<\/p>\n","protected":false},"excerpt":{"rendered":"<p>Magia y realidad confluyen sin disimular en esta novela clara y n\u00edtida, de la que surgen p\u00e1ginas y p\u00e1ginas hilvanadas con admirable desenvoltura y milagroso equilibrio. Jorge Amado entrecruza, con sabia dosificaci\u00f3n, los planos magia-realidad\/amor-gastronom\u00eda, entre la historia principal y una multitud de deliciosos personajes secundarios que act\u00faan como contrapunto. El tono de \u00abDo\u00f1a Flor [&hellip;]<\/p>\n","protected":false},"featured_media":3518,"template":"","meta":[],"product_brand":[],"product_cat":[25],"product_tag":[136,1259,431,55],"class_list":{"0":"post-3523","1":"product","2":"type-product","3":"status-publish","4":"has-post-thumbnail","6":"product_cat-libros-digitales-ebooks","7":"product_tag-decargar-ebook","8":"product_tag-dona-flor-y-sus-dos-maridos","9":"product_tag-jorge-amado","10":"product_tag-novelas","12":"first","13":"instock","14":"shipping-taxable","15":"purchasable","16":"product-type-variable","17":"has-default-attributes"},"_links":{"self":[{"href":"https:\/\/www.taller-palabras.com\/WordPress_04\/wp-json\/wp\/v2\/product\/3523","targetHints":{"allow":["GET"]}}],"collection":[{"href":"https:\/\/www.taller-palabras.com\/WordPress_04\/wp-json\/wp\/v2\/product"}],"about":[{"href":"https:\/\/www.taller-palabras.com\/WordPress_04\/wp-json\/wp\/v2\/types\/product"}],"wp:featuredmedia":[{"embeddable":true,"href":"https:\/\/www.taller-palabras.com\/WordPress_04\/wp-json\/wp\/v2\/media\/3518"}],"wp:attachment":[{"href":"https:\/\/www.taller-palabras.com\/WordPress_04\/wp-json\/wp\/v2\/media?parent=3523"}],"wp:term":[{"taxonomy":"product_brand","embeddable":true,"href":"https:\/\/www.taller-palabras.com\/WordPress_04\/wp-json\/wp\/v2\/product_brand?post=3523"},{"taxonomy":"product_cat","embeddable":true,"href":"https:\/\/www.taller-palabras.com\/WordPress_04\/wp-json\/wp\/v2\/product_cat?post=3523"},{"taxonomy":"product_tag","embeddable":true,"href":"https:\/\/www.taller-palabras.com\/WordPress_04\/wp-json\/wp\/v2\/product_tag?post=3523"}],"curies":[{"name":"wp","href":"https:\/\/api.w.org\/{rel}","templated":true}]}}