{"id":3527,"date":"2021-05-09T10:09:26","date_gmt":"2021-05-09T13:09:26","guid":{"rendered":"https:\/\/www.taller-palabras.com\/WordPress_04\/?post_type=product&#038;p=3527"},"modified":"2024-02-12T18:07:53","modified_gmt":"2024-02-12T21:07:53","slug":"el-amante-de-lady-chatterley-d-h-lawrence-ebook","status":"publish","type":"product","link":"https:\/\/www.taller-palabras.com\/WordPress_04\/producto\/el-amante-de-lady-chatterley-d-h-lawrence-ebook","title":{"rendered":"El amante de Lady Chatterley &#8211; D. H. Lawrence \/ebook"},"content":{"rendered":"<figure id=\"attachment_3536\" aria-describedby=\"caption-attachment-3536\" style=\"width: 150px\" class=\"wp-caption alignleft\"><img loading=\"lazy\" decoding=\"async\" class=\"wp-image-3536 size-thumbnail\" src=\"https:\/\/www.taller-palabras.com\/WordPress_04\/wp-content\/uploads\/2021\/05\/D.H.Lawrence-1-150x150.jpg\" alt=\"\" width=\"150\" height=\"150\" srcset=\"https:\/\/www.taller-palabras.com\/WordPress_04\/wp-content\/uploads\/2021\/05\/D.H.Lawrence-1-150x150.jpg 150w, https:\/\/www.taller-palabras.com\/WordPress_04\/wp-content\/uploads\/2021\/05\/D.H.Lawrence-1-100x100.jpg 100w\" sizes=\"auto, (max-width: 150px) 100vw, 150px\" \/><figcaption id=\"caption-attachment-3536\" class=\"wp-caption-text\">Autor D.H. Lawrence<\/figcaption><\/figure>\n<p>Inv\u00e1lido de guerra, Sir Clifford Chatterley y su esposa Connie llevan una existencia acomodada, aparentemente pl\u00e1cida, rodeada de los placeres burgueses de las reuniones sociales y regida por los correctos t\u00e9rminos que deben ser propios de todo buen matrimonio. Connie, sin embargo, no puede evitar sentir un vac\u00edo vital. La irrupci\u00f3n en su vida de Mellors, el guardabosque de la mansi\u00f3n familiar, la pondr\u00e1 en contacto con las energ\u00edas m\u00e1s primarias e instintivas y relacionadas con la vida. La fuerte corriente relacionada con la energ\u00eda sexual que recorre casi toda la obra de D. H. Lawrence encuentra una de sus m\u00e1ximas expresiones en El amante de Lady Chatterley novela que se vio envuelta en la pol\u00e9mica y el esc\u00e1ndalo desde el momento de su aparici\u00f3n.<\/p>\n","protected":false},"excerpt":{"rendered":"<p>Inv\u00e1lido de guerra, Sir Clifford Chatterley y su esposa Connie llevan una existencia acomodada, aparentemente pl\u00e1cida, rodeada de los placeres burgueses de las reuniones sociales y regida por los correctos t\u00e9rminos que deben ser propios de todo buen matrimonio. Connie, sin embargo, no puede evitar sentir un vac\u00edo vital. La irrupci\u00f3n en su vida de [&hellip;]<\/p>\n","protected":false},"featured_media":3535,"template":"","meta":[],"product_brand":[],"product_cat":[25],"product_tag":[433,136,434,55],"class_list":{"0":"post-3527","1":"product","2":"type-product","3":"status-publish","4":"has-post-thumbnail","6":"product_cat-libros-digitales-ebooks","7":"product_tag-d-h-lawrence","8":"product_tag-decargar-ebook","9":"product_tag-el-amante-de-lady-chatterley","10":"product_tag-novelas","12":"first","13":"instock","14":"shipping-taxable","15":"purchasable","16":"product-type-variable","17":"has-default-attributes"},"_links":{"self":[{"href":"https:\/\/www.taller-palabras.com\/WordPress_04\/wp-json\/wp\/v2\/product\/3527","targetHints":{"allow":["GET"]}}],"collection":[{"href":"https:\/\/www.taller-palabras.com\/WordPress_04\/wp-json\/wp\/v2\/product"}],"about":[{"href":"https:\/\/www.taller-palabras.com\/WordPress_04\/wp-json\/wp\/v2\/types\/product"}],"wp:featuredmedia":[{"embeddable":true,"href":"https:\/\/www.taller-palabras.com\/WordPress_04\/wp-json\/wp\/v2\/media\/3535"}],"wp:attachment":[{"href":"https:\/\/www.taller-palabras.com\/WordPress_04\/wp-json\/wp\/v2\/media?parent=3527"}],"wp:term":[{"taxonomy":"product_brand","embeddable":true,"href":"https:\/\/www.taller-palabras.com\/WordPress_04\/wp-json\/wp\/v2\/product_brand?post=3527"},{"taxonomy":"product_cat","embeddable":true,"href":"https:\/\/www.taller-palabras.com\/WordPress_04\/wp-json\/wp\/v2\/product_cat?post=3527"},{"taxonomy":"product_tag","embeddable":true,"href":"https:\/\/www.taller-palabras.com\/WordPress_04\/wp-json\/wp\/v2\/product_tag?post=3527"}],"curies":[{"name":"wp","href":"https:\/\/api.w.org\/{rel}","templated":true}]}}